{"id":2728,"date":"2019-07-09T13:12:39","date_gmt":"2019-07-09T11:12:39","guid":{"rendered":"https:\/\/canduran.com\/wp\/filosofia\/"},"modified":"2019-11-04T12:48:31","modified_gmt":"2019-11-04T11:48:31","slug":"filosofia","status":"publish","type":"page","link":"https:\/\/canduran.com\/ca\/filosofia\/","title":{"rendered":""},"content":{"rendered":"<div class=\"vce-row-container\"><div class=\"vce-row vce-element--has-background vce-row--col-gap-30 header-filosofia vce-row-columns--top vce-row-content--top\" data-vce-full-width=\"true\" id=\"el-f5510290\" data-vce-do-apply=\"all el-f5510290\"><div class=\"vce-content-background-container\"><\/div><div class=\"vce-row-content\" data-vce-element-content=\"true\" style=\"padding-left: 71.5px; padding-right: 71.5px;\"><div class=\"vce-col vce-col--xs-100p vce-col--xs-visible vce-col--xs-last vce-col--xs-first vce-col--sm-100p vce-col--sm-visible vce-col--sm-last vce-col--sm-first vce-col--md-16p vce-col--md-visible vce-col--md-first vce-col--lg-25p vce-col--lg-visible vce-col--lg-first vce-col--xl-25p vce-col--xl-visible vce-col--xl-first\" id=\"el-9c715079\"><div class=\"vce-col-inner\" data-vce-do-apply=\"border margin background  el-9c715079\"><div class=\"vce-col-content\" data-vce-element-content=\"true\" data-vce-do-apply=\"padding el-9c715079\"><\/div><\/div><\/div><div class=\"vce-col vce-col--xs-100p vce-col--xs-visible vce-col--xs-last vce-col--xs-first vce-col--sm-100p vce-col--sm-visible vce-col--sm-last vce-col--sm-first vce-col--md-66p vce-col--md-visible vce-col--lg-50p vce-col--lg-visible vce-col--xl-50p vce-col--xl-visible\" id=\"el-8a41b8ff\"><div class=\"vce-col-inner\" data-vce-do-apply=\"border margin background  el-8a41b8ff\"><div class=\"vce-col-content\" data-vce-element-content=\"true\" data-vce-do-apply=\"padding el-8a41b8ff\"><div class=\"vce-text-block\"><div class=\"vce-text-block-wrapper vce\" id=\"el-0427cb9d\" data-vce-do-apply=\"all el-0427cb9d\"><h2 style=\"text-align: center;\">Tothom a taula!<\/h2><\/div><\/div><div class=\"vce vce-separator-container vce-separator--align-center vce-separator--style-solid\" id=\"el-2cb6c338\" data-vce-do-apply=\"margin el-2cb6c338\"><div class=\"vce-separator vce-separator--color-b-85-85-85 vce-separator--width-20 vce-separator--thickness-1\" data-vce-do-apply=\"border padding background  el-2cb6c338\"><\/div><\/div><div class=\"vce-text-block\"><div class=\"vce-text-block-wrapper vce\" id=\"el-e1d02ec5\" data-vce-do-apply=\"all el-e1d02ec5\"><p style=\"text-align: center;\">Creiem en la dieta mediterr\u00e0nia, en qu\u00e8 mengem i en com ho mengem. A Can Duran compartim taula, perqu\u00e8 menjar b\u00e9 \u00e9s menjar en companyia.<\/p><\/div><\/div><\/div><\/div><\/div><div class=\"vce-col vce-col--xs-100p vce-col--xs-visible vce-col--xs-last vce-col--xs-first vce-col--sm-100p vce-col--sm-visible vce-col--sm-last vce-col--sm-first vce-col--md-16p vce-col--md-visible vce-col--md-last vce-col--lg-25p vce-col--lg-visible vce-col--lg-last vce-col--xl-25p vce-col--xl-visible vce-col--xl-last\" id=\"el-4e00f383\"><div class=\"vce-col-inner\" data-vce-do-apply=\"border margin background  el-4e00f383\"><div class=\"vce-col-content\" data-vce-element-content=\"true\" data-vce-do-apply=\"padding el-4e00f383\"><\/div><\/div><\/div><\/div><\/div><\/div><div class=\"vce-row-container\"><div class=\"vce-row vce-row--col-gap-30 vce-row-columns--top vce-row-content--top\" id=\"el-f2c36fb0\" data-vce-do-apply=\"all el-f2c36fb0\"><div class=\"vce-row-content\" data-vce-element-content=\"true\"><div class=\"vce-col vce-col--md-auto vce-col--xs-1 vce-col--xs-last vce-col--xs-first vce-col--sm-last vce-col--sm-first vce-col--md-last vce-col--lg-last vce-col--xl-last vce-col--md-first vce-col--lg-first vce-col--xl-first\" id=\"el-2fe5fc22\"><div class=\"vce-col-inner\" data-vce-do-apply=\"border margin background  el-2fe5fc22\"><div class=\"vce-col-content\" data-vce-element-content=\"true\" data-vce-do-apply=\"padding el-2fe5fc22\"><div class=\"vce-raw-html\"><div class=\"vce-raw-html-wrapper\" id=\"el-4c34f8fd\" data-vce-do-apply=\"all el-4c34f8fd\"><div class=\"llonganissa\">\n\t<div class=\"talls\">\n\t\t<div class=\"tall\"><\/div>\n\t\t<div class=\"tall\"><\/div>\n\t\t<div class=\"tall\"><\/div>\n\t<\/div>\n<\/div>\n<div class=\"llegenda\">\n\t<div class=\"nutricional\">\n\t\t<p>Ric en prote\u00efnes<\/p>\n\t\t<p>Ferro<br>\n\t\tPotassi<br> \n\t\tMagnesi<br>\n\t\tF\u00f2sfor<br>\n\t\tZinc<\/p>\n\t\t<p>Vitamines B6 i B12<\/p>\n\t<\/div>\n\t<div class=\"ingredients\">\n\t\t<p>Carns de porc <br>seleccionades<\/p>\n\t\t<p>Pebre<\/p>\n\t\t<p>Sal<\/p>\n\t<\/div>\n<\/div><\/div><\/div><div class=\"vce-single-image-container atrezzo-pebre vce-single-image--align-left\"><div class=\"vce vce-single-image-wrapper\" id=\"el-92acf248\" data-vce-do-apply=\"all el-92acf248\"><figure><div class=\"vce-single-image-inner vce-single-image--absolute\" style=\"padding-bottom: 100%; width: 500px;\"><img class=\"vce-single-image\" width=\"500\" height=\"500\"src=\"https:\/\/canduran.com\/wp\/wp-content\/uploads\/2019\/11\/atrezzo-filosofia-pebre-500x500.png\" srcset=\"https:\/\/canduran.com\/wp\/wp-content\/uploads\/2019\/11\/atrezzo-filosofia-pebre-320x320.png 320w,https:\/\/canduran.com\/wp\/wp-content\/uploads\/2019\/11\/atrezzo-filosofia-pebre-480x480.png 480w,https:\/\/canduran.com\/wp\/wp-content\/uploads\/2019\/11\/atrezzo-filosofia-pebre-500x500.png 500w\" data-img-src=\"https:\/\/canduran.com\/wp\/wp-content\/uploads\/2019\/10\/atrezzo-filosofia-pebre.png\" alt=\"\" title=\"atrezzo-filosofia-pebre\"\/><\/div><\/figure><\/div><\/div><div class=\"vce-single-image-container atrezzo-sal vce-single-image--align-left\"><div class=\"vce vce-single-image-wrapper\" id=\"el-a97392e6\" data-vce-do-apply=\"all el-a97392e6\"><figure><div class=\"vce-single-image-inner vce-single-image--absolute\" style=\"padding-bottom: 77.7778%; width: 450px;\"><img class=\"vce-single-image\" width=\"450\" height=\"350\"src=\"https:\/\/canduran.com\/wp\/wp-content\/uploads\/2019\/11\/atrezzo-filosofia-sal-450x350.png\" srcset=\"https:\/\/canduran.com\/wp\/wp-content\/uploads\/2019\/11\/atrezzo-filosofia-sal-320x249.png 320w,https:\/\/canduran.com\/wp\/wp-content\/uploads\/2019\/11\/atrezzo-filosofia-sal-450x350.png 450w\" data-img-src=\"https:\/\/canduran.com\/wp\/wp-content\/uploads\/2019\/10\/atrezzo-filosofia-sal.png\" alt=\"\" title=\"atrezzo-filosofia-sal\"\/><\/div><\/figure><\/div><\/div><\/div><\/div><\/div><\/div><\/div><\/div><div class=\"vce-row-container\"><div class=\"vce-row vce-row--col-gap-30 vce-row-columns--top vce-row-content--top\" id=\"el-50239e65\" data-vce-do-apply=\"all el-50239e65\"><div class=\"vce-content-background-container\"><\/div><div class=\"vce-row-content\" data-vce-element-content=\"true\"><div class=\"vce-col vce-col--xs-100p vce-col--xs-visible vce-col--xs-last vce-col--xs-first vce-col--sm-100p vce-col--sm-visible vce-col--sm-last vce-col--sm-first vce-col--md-16p vce-col--md-visible vce-col--md-first vce-col--lg-25p vce-col--lg-visible vce-col--lg-first vce-col--xl-25p vce-col--xl-visible vce-col--xl-first\" id=\"el-8c2de0db\"><div class=\"vce-col-inner\" data-vce-do-apply=\"border margin background  el-8c2de0db\"><div class=\"vce-col-content\" data-vce-element-content=\"true\" data-vce-do-apply=\"padding el-8c2de0db\"><\/div><\/div><\/div><div class=\"vce-col vce-col--xs-100p vce-col--xs-visible vce-col--xs-last vce-col--xs-first vce-col--sm-100p vce-col--sm-visible vce-col--sm-last vce-col--sm-first vce-col--md-66p vce-col--md-visible vce-col--lg-50p vce-col--lg-visible vce-col--xl-50p vce-col--xl-visible\" id=\"el-b7fe62d9\"><div class=\"vce-col-inner\" data-vce-do-apply=\"border margin background  el-b7fe62d9\"><div class=\"vce-col-content\" data-vce-element-content=\"true\" data-vce-do-apply=\"padding el-b7fe62d9\"><div class=\"vce-text-block\"><div class=\"vce-text-block-wrapper vce\" id=\"el-8452897a\" data-vce-do-apply=\"all el-8452897a\"><p style=\"text-align: center;\">A Can Duran seleccionem carns de proximitat de la m\u00e0xima qualitat. Nutricionalment parlant, els embotits aporten prote\u00efnes d\u2019alt valor biol\u00f2gic, vitamina B12, que no es troba en els vegetals, i \u00e0cids grassos insaturats, i s\u00f3n rics en ferro.<\/p><\/div><\/div><\/div><\/div><\/div><div class=\"vce-col vce-col--xs-100p vce-col--xs-visible vce-col--xs-last vce-col--xs-first vce-col--sm-100p vce-col--sm-visible vce-col--sm-last vce-col--sm-first vce-col--md-16p vce-col--md-visible vce-col--md-last vce-col--lg-25p vce-col--lg-visible vce-col--lg-last vce-col--xl-25p vce-col--xl-visible vce-col--xl-last\" id=\"el-fb7882e9\"><div class=\"vce-col-inner\" data-vce-do-apply=\"border margin background  el-fb7882e9\"><div class=\"vce-col-content\" data-vce-element-content=\"true\" data-vce-do-apply=\"padding el-fb7882e9\"><\/div><\/div><\/div><\/div><\/div><\/div><div class=\"vce-row-container\"><div class=\"vce-row vce-row--col-gap-30 vce-row-columns--top vce-row-content--top\" id=\"el-574b7987\" data-vce-do-apply=\"all el-574b7987\"><div class=\"vce-content-background-container\"><\/div><div class=\"vce-row-content\" data-vce-element-content=\"true\"><div class=\"vce-col vce-col--md-auto vce-col--xs-1 vce-col--xs-last vce-col--xs-first vce-col--sm-last vce-col--sm-first vce-col--md-last vce-col--lg-last vce-col--xl-last vce-col--md-first vce-col--lg-first vce-col--xl-first\" id=\"el-78a63974\"><div class=\"vce-col-inner\" data-vce-do-apply=\"border margin background  el-78a63974\"><div class=\"vce-col-content\" data-vce-element-content=\"true\" data-vce-do-apply=\"padding el-78a63974\"><div class=\"vce-text-block\"><div class=\"vce-text-block-wrapper vce\" id=\"el-a3a1bf37\" data-vce-do-apply=\"all el-a3a1bf37\"><h3 style=\"text-align: center;\">M\u00e8tode<\/h3><\/div><\/div><div class=\"vce-row-container\"><div class=\"vce-row vce-row--col-gap-30 vce-row-columns--top vce-row-content--top\" id=\"el-dfb4c39c\" data-vce-do-apply=\"all el-dfb4c39c\"><div class=\"vce-row-content\" data-vce-element-content=\"true\"><div class=\"vce-col vce-col--xs-100p vce-col--xs-visible vce-col--xs-last vce-col--xs-first vce-col--sm-100p vce-col--sm-visible vce-col--sm-last vce-col--sm-first vce-col--md-100p vce-col--md-visible vce-col--md-last vce-col--md-first vce-col--lg-auto vce-col--lg-visible vce-col--lg-first vce-col--xl-auto vce-col--xl-visible vce-col--xl-first\" id=\"el-e1fcd0f6\"><div class=\"vce-col-inner\" data-vce-do-apply=\"border margin background  el-e1fcd0f6\"><div class=\"vce-col-content\" data-vce-element-content=\"true\" data-vce-do-apply=\"padding el-e1fcd0f6\"><div class=\"vce-single-image-container vce-single-image--align-left\"><div class=\"vce vce-single-image-wrapper\" id=\"el-6a0bc01d\" data-vce-do-apply=\"all el-6a0bc01d\"><figure><div class=\"vce-single-image-inner vce-single-image--absolute\" style=\"padding-bottom: 66.6667%; width: 690px;\"><img class=\"vce-single-image\" width=\"690\" height=\"460\"src=\"https:\/\/canduran.com\/wp\/wp-content\/uploads\/2019\/11\/filosofia-metode-690x460.jpg\" srcset=\"https:\/\/canduran.com\/wp\/wp-content\/uploads\/2019\/11\/filosofia-metode-320x213.jpg 320w,https:\/\/canduran.com\/wp\/wp-content\/uploads\/2019\/11\/filosofia-metode-480x320.jpg 480w,https:\/\/canduran.com\/wp\/wp-content\/uploads\/2019\/11\/filosofia-metode-690x460.jpg 690w\" data-img-src=\"https:\/\/canduran.com\/wp\/wp-content\/uploads\/2019\/10\/filosofia-metode.jpg\" alt=\"\" title=\"filosofia-metode\"\/><\/div><\/figure><\/div><\/div><\/div><\/div><\/div><div class=\"vce-col vce-col--xs-100p vce-col--xs-visible vce-col--xs-last vce-col--xs-first vce-col--sm-100p vce-col--sm-visible vce-col--sm-last vce-col--sm-first vce-col--md-100p vce-col--md-visible vce-col--md-last vce-col--md-first vce-col--lg-auto vce-col--lg-visible vce-col--lg-last vce-col--xl-auto vce-col--xl-visible vce-col--xl-last\" id=\"el-7db03450\"><div class=\"vce-col-inner\" data-vce-do-apply=\"border margin background  el-7db03450\"><div class=\"vce-col-content\" data-vce-element-content=\"true\" data-vce-do-apply=\"padding el-7db03450\"><div class=\"vce-text-block\"><div class=\"vce-text-block-wrapper vce\" id=\"el-4b0e8ebb\" data-vce-do-apply=\"all el-4b0e8ebb\"><p>Can Duran es caracteritza perqu\u00e8 combina tradici\u00f3 i innovaci\u00f3. Segueix elaborant els seus productes segons les receptes familiars, per\u00f2 ha incorporat l\u2019\u00faltima tecnologia en els processos de producci\u00f3 per millorar en qualitat i en seguretat aliment\u00e0ria.<\/p><p>Entre els trets principals del seu saber fer, destaquen una minuciosa selecci\u00f3 de la carn fresca i una acurada elaboraci\u00f3. Tots els seus productes passen pels controls m\u00e9s estrictes durant el proc\u00e9s d\u2019elaboraci\u00f3.<\/p><p>L\u2019empresa ha implantat els sistemes IFS i BRC de qualitat.<\/p><\/div><\/div><\/div><\/div><\/div><\/div><\/div><\/div><\/div><\/div><\/div><\/div><\/div><\/div>\n","protected":false},"excerpt":{"rendered":"<p>Tothom a taula!Creiem en la dieta mediterr\u00e0nia, en qu\u00e8 mengem i en com ho mengem. [&hellip;]<\/p>\n","protected":false},"author":1,"featured_media":0,"parent":0,"menu_order":0,"comment_status":"closed","ping_status":"closed","template":"","meta":{"_acf_changed":false,"footnotes":""},"class_list":["post-2728","page","type-page","status-publish","hentry"],"acf":[],"yoast_head":"<!-- This site is optimized with the Yoast SEO plugin v27.1.1 - https:\/\/yoast.com\/product\/yoast-seo-wordpress\/ -->\n<title>Filosof\u00eda - Can Duran<\/title>\n<meta name=\"robots\" content=\"index, follow, max-snippet:-1, max-image-preview:large, max-video-preview:-1\" \/>\n<link rel=\"canonical\" href=\"https:\/\/canduran.com\/ca\/filosofia\/\" \/>\n<meta property=\"og:locale\" content=\"ca_ES\" \/>\n<meta property=\"og:type\" content=\"article\" \/>\n<meta property=\"og:title\" content=\"Filosof\u00eda - Can Duran\" \/>\n<meta property=\"og:description\" content=\"Tothom a taula!Creiem en la dieta mediterr\u00e0nia, en qu\u00e8 mengem i en com ho mengem. [&hellip;]\" \/>\n<meta property=\"og:url\" content=\"https:\/\/canduran.com\/ca\/filosofia\/\" \/>\n<meta property=\"og:site_name\" content=\"Can Duran\" \/>\n<meta property=\"article:publisher\" content=\"https:\/\/www.facebook.com\/EmbotitsCanDuran\/\" \/>\n<meta property=\"article:modified_time\" content=\"2019-11-04T11:48:31+00:00\" \/>\n<meta name=\"twitter:card\" content=\"summary_large_image\" \/>\n<meta name=\"twitter:label1\" content=\"Temps estimat de lectura\" \/>\n\t<meta name=\"twitter:data1\" content=\"1 minut\" \/>\n<script type=\"application\/ld+json\" class=\"yoast-schema-graph\">{\"@context\":\"https:\/\/schema.org\",\"@graph\":[{\"@type\":\"WebPage\",\"@id\":\"https:\/\/canduran.com\/ca\/filosofia\/\",\"url\":\"https:\/\/canduran.com\/ca\/filosofia\/\",\"name\":\"Filosof\u00eda - Can Duran\",\"isPartOf\":{\"@id\":\"https:\/\/canduran.com\/ca\/#website\"},\"datePublished\":\"2019-07-09T11:12:39+00:00\",\"dateModified\":\"2019-11-04T11:48:31+00:00\",\"inLanguage\":\"ca\",\"potentialAction\":[{\"@type\":\"ReadAction\",\"target\":[\"https:\/\/canduran.com\/ca\/filosofia\/\"]}]},{\"@type\":\"WebSite\",\"@id\":\"https:\/\/canduran.com\/ca\/#website\",\"url\":\"https:\/\/canduran.com\/ca\/\",\"name\":\"Can Duran\",\"description\":\"\",\"publisher\":{\"@id\":\"https:\/\/canduran.com\/ca\/#organization\"},\"potentialAction\":[{\"@type\":\"SearchAction\",\"target\":{\"@type\":\"EntryPoint\",\"urlTemplate\":\"https:\/\/canduran.com\/ca\/?s={search_term_string}\"},\"query-input\":{\"@type\":\"PropertyValueSpecification\",\"valueRequired\":true,\"valueName\":\"search_term_string\"}}],\"inLanguage\":\"ca\"},{\"@type\":\"Organization\",\"@id\":\"https:\/\/canduran.com\/ca\/#organization\",\"name\":\"Can Duran\",\"url\":\"https:\/\/canduran.com\/ca\/\",\"logo\":{\"@type\":\"ImageObject\",\"inLanguage\":\"ca\",\"@id\":\"https:\/\/canduran.com\/ca\/#\/schema\/logo\/image\/\",\"url\":\"https:\/\/canduran.com\/wp\/wp-content\/uploads\/2019\/06\/logo-header.png\",\"contentUrl\":\"https:\/\/canduran.com\/wp\/wp-content\/uploads\/2019\/06\/logo-header.png\",\"width\":208,\"height\":140,\"caption\":\"Can Duran\"},\"image\":{\"@id\":\"https:\/\/canduran.com\/ca\/#\/schema\/logo\/image\/\"},\"sameAs\":[\"https:\/\/www.facebook.com\/EmbotitsCanDuran\/\",\"https:\/\/www.instagram.com\/canduranembutidos\/\"]}]}<\/script>\n<!-- \/ Yoast SEO plugin. -->","yoast_head_json":{"title":"Filosof\u00eda - Can Duran","robots":{"index":"index","follow":"follow","max-snippet":"max-snippet:-1","max-image-preview":"max-image-preview:large","max-video-preview":"max-video-preview:-1"},"canonical":"https:\/\/canduran.com\/ca\/filosofia\/","og_locale":"ca_ES","og_type":"article","og_title":"Filosof\u00eda - Can Duran","og_description":"Tothom a taula!Creiem en la dieta mediterr\u00e0nia, en qu\u00e8 mengem i en com ho mengem. [&hellip;]","og_url":"https:\/\/canduran.com\/ca\/filosofia\/","og_site_name":"Can Duran","article_publisher":"https:\/\/www.facebook.com\/EmbotitsCanDuran\/","article_modified_time":"2019-11-04T11:48:31+00:00","twitter_card":"summary_large_image","twitter_misc":{"Temps estimat de lectura":"1 minut"},"schema":{"@context":"https:\/\/schema.org","@graph":[{"@type":"WebPage","@id":"https:\/\/canduran.com\/ca\/filosofia\/","url":"https:\/\/canduran.com\/ca\/filosofia\/","name":"Filosof\u00eda - Can Duran","isPartOf":{"@id":"https:\/\/canduran.com\/ca\/#website"},"datePublished":"2019-07-09T11:12:39+00:00","dateModified":"2019-11-04T11:48:31+00:00","inLanguage":"ca","potentialAction":[{"@type":"ReadAction","target":["https:\/\/canduran.com\/ca\/filosofia\/"]}]},{"@type":"WebSite","@id":"https:\/\/canduran.com\/ca\/#website","url":"https:\/\/canduran.com\/ca\/","name":"Can Duran","description":"","publisher":{"@id":"https:\/\/canduran.com\/ca\/#organization"},"potentialAction":[{"@type":"SearchAction","target":{"@type":"EntryPoint","urlTemplate":"https:\/\/canduran.com\/ca\/?s={search_term_string}"},"query-input":{"@type":"PropertyValueSpecification","valueRequired":true,"valueName":"search_term_string"}}],"inLanguage":"ca"},{"@type":"Organization","@id":"https:\/\/canduran.com\/ca\/#organization","name":"Can Duran","url":"https:\/\/canduran.com\/ca\/","logo":{"@type":"ImageObject","inLanguage":"ca","@id":"https:\/\/canduran.com\/ca\/#\/schema\/logo\/image\/","url":"https:\/\/canduran.com\/wp\/wp-content\/uploads\/2019\/06\/logo-header.png","contentUrl":"https:\/\/canduran.com\/wp\/wp-content\/uploads\/2019\/06\/logo-header.png","width":208,"height":140,"caption":"Can Duran"},"image":{"@id":"https:\/\/canduran.com\/ca\/#\/schema\/logo\/image\/"},"sameAs":["https:\/\/www.facebook.com\/EmbotitsCanDuran\/","https:\/\/www.instagram.com\/canduranembutidos\/"]}]}},"_links":{"self":[{"href":"https:\/\/canduran.com\/ca\/wp-json\/wp\/v2\/pages\/2728","targetHints":{"allow":["GET"]}}],"collection":[{"href":"https:\/\/canduran.com\/ca\/wp-json\/wp\/v2\/pages"}],"about":[{"href":"https:\/\/canduran.com\/ca\/wp-json\/wp\/v2\/types\/page"}],"author":[{"embeddable":true,"href":"https:\/\/canduran.com\/ca\/wp-json\/wp\/v2\/users\/1"}],"replies":[{"embeddable":true,"href":"https:\/\/canduran.com\/ca\/wp-json\/wp\/v2\/comments?post=2728"}],"version-history":[{"count":2,"href":"https:\/\/canduran.com\/ca\/wp-json\/wp\/v2\/pages\/2728\/revisions"}],"predecessor-version":[{"id":2732,"href":"https:\/\/canduran.com\/ca\/wp-json\/wp\/v2\/pages\/2728\/revisions\/2732"}],"wp:attachment":[{"href":"https:\/\/canduran.com\/ca\/wp-json\/wp\/v2\/media?parent=2728"}],"curies":[{"name":"wp","href":"https:\/\/api.w.org\/{rel}","templated":true}]}}