{"id":3035,"date":"2019-12-12T10:21:59","date_gmt":"2019-12-12T09:21:59","guid":{"rendered":"https:\/\/canduran.com\/wp\/?page_id=3035"},"modified":"2021-06-10T16:49:53","modified_gmt":"2021-06-10T14:49:53","slug":"politica-de-privacitat-en-xarxes-socials","status":"publish","type":"page","link":"https:\/\/canduran.com\/ca\/politica-de-privacitat-en-xarxes-socials\/","title":{"rendered":""},"content":{"rendered":"<div class=\"vce-row-container\" data-vce-boxed-width=\"true\"><div class=\"vce-row vce-row--col-gap-30 vce-row-content--top\" id=\"el-f089e263\" data-vce-do-apply=\"all el-f089e263\"><div class=\"vce-content-background-container\"><\/div><div class=\"vce-row-content\" data-vce-element-content=\"true\"><div class=\"vce-col vce-col--md-auto vce-col--xs-1 vce-col--xs-last vce-col--xs-first vce-col--sm-last vce-col--sm-first vce-col--md-last vce-col--lg-last vce-col--xl-last vce-col--md-first vce-col--lg-first vce-col--xl-first\" id=\"el-254f1d8c\"><div class=\"vce-col-inner\" data-vce-do-apply=\"border margin background  el-254f1d8c\"><div class=\"vce-col-content\" data-vce-element-content=\"true\" data-vce-do-apply=\"padding el-254f1d8c\"><div class=\"vce-text-block\"><div class=\"vce-text-block-wrapper vce\" id=\"el-09a00670\" data-vce-do-apply=\"all el-09a00670\"><h3>POL\u00cdTICA DE PRIVACITAT EN XARXES SOCIALS<\/h3><div><strong>1 . Informaci\u00f3 sobre el responsable del tractament de les dades allotjades a la p\u00e0gina oficial de SPLENDID FOODS, SAU, a la xarxa social<\/strong><\/div><div>&nbsp;<\/div><div>De conformitat en deure informaci\u00f3 establert en el Reglament (UE) 2016\/679 de 27 d\u2019abril (GDPR) i la Llei Org\u00e0nica 3\/2018, de 5 de desembre (LOPDGDD), SPLENDID FOODS, SAU, en endavant,<strong>&nbsp;<\/strong>el&nbsp;<strong>RESPONSABLE&nbsp;<\/strong>desitja posar en coneixement dels usuaris d\u2019aquesta xarxa social la pol\u00edtica respecte del tractament i protecci\u00f3 de les dades de car\u00e0cter personal d\u2019aquelles persones que volunt\u00e0riament accedeixen i utilitzen la p\u00e0gina oficial del&nbsp;<strong>RESPONSABLE,<\/strong>&nbsp;en la mateixa . L\u2019acc\u00e9s i \u00fas per l\u2019usuari d\u2019aquesta p\u00e0gina oficial del&nbsp;<strong>RESPONSABLE,<\/strong>&nbsp;suposa que accepta expressament aquesta pol\u00edtica de privacitat i que presta el seu consentiment per al tractament de les seves dades personals segons el que preveu la mateixa .<\/div><div>&nbsp;<\/div><div><strong>2 . Dades de menors d\u2019edat o incapa\u00e7os<\/strong><\/div><div>&nbsp;<\/div><div>L\u2019acc\u00e9s i registre en aquesta xarxa social est\u00e0 prohibit als menors de catorze (14) anys, de manera que igualment queda prohibit l\u2019acc\u00e9s i \u00fas dels menors de catorze (14 anys) a la p\u00e0gina oficial del <strong>RESPONSABLE,&nbsp;<\/strong>en la mateixa. Per la seva banda, si l\u2019usuari \u00e9s incapa\u00e7, el&nbsp;<strong>RESPONSABLE,<\/strong>&nbsp;adverteix que ser\u00e0 necess\u00e0ria l\u2019assist\u00e8ncia consentida del titular de la p\u00e0tria potestat o tutela de l\u2019usuari o el seu representant legal per a l\u2019acc\u00e9s i \u00fas d\u2019aquesta p\u00e0gina oficial del&nbsp;<strong>RESPONSABLE.<\/strong><\/div><div><p>El&nbsp;<strong>RESPONSABLE,<\/strong>&nbsp;quedar\u00e0 expressament exonerada de qualsevol responsabilitat que pogu\u00e9s derivar de l\u2019\u00fas de la seva p\u00e0gina oficial per menors i incapa\u00e7os sent aquesta responsabilitat dels seus representants legals en cada cas .<\/p><p><strong>3 . Identificaci\u00f3 de la ra\u00f3 social del responsable del fitxer<\/strong><\/p><p>L\u2019usuari queda informat que el&nbsp;<strong>RESPONSABLE,<\/strong> amb domicili social a C\/ Gurri, 2 \u2013 SEVA 08853 (BARCELONA), ostenta la condici\u00f3 de responsable dels fitxers i tractaments a trav\u00e9s dels quals es recullen i emmagatzemen les dades personals de l\u2019usuari com a conseq\u00fc\u00e8ncia del registre i \u00fas de la p\u00e0gina oficial del&nbsp;<strong>RESPONSABLE,<\/strong>&nbsp;en aquesta xarxa social , sense perjudici dels tractaments dels que \u00e9s responsable l\u2019entitat titular de la xarxa social en qu\u00e8 es troba la nostra p\u00e0gina oficial .<\/p><p><strong>4 . Finalitats a qu\u00e8 es destinen les dades de car\u00e0cter personal , informaci\u00f3 i consentiment<\/strong><\/p><p>Les dades personals proporcionades volunt\u00e0riament per l\u2019usuari al<strong>&nbsp;RESPONSABLE,<\/strong>&nbsp;a trav\u00e9s de la seva p\u00e0gina oficial formaran part d\u2019un tractament de dades responsabilitat del&nbsp;<strong>RESPONSABLE,&nbsp;<\/strong>amb la finalitat d\u2019oferir informaci\u00f3 del&nbsp;<strong>RESPONSABLE,<\/strong>&nbsp;per correu electr\u00f2nic , fax , SMS , MMS , comunitats socials o qualssevol altre mitj\u00e0 electr\u00f2nic o f\u00edsic , present o futur , que possibiliti realitzar comunicaci\u00f3 comercials , enviament de newsletter a aquells usuaris que es subscriguin , intercanviar informaci\u00f3 amb el&nbsp;<strong>RESPONSABLE,&nbsp;<\/strong>i altres usuaris i establir comunicaci\u00f3 amb tercers.<br>Des del moment en qu\u00e8 l\u2019usuari utilitza aquesta p\u00e0gina oficial presta el seu consentiment lliure , inequ\u00edvoc , espec\u00edfic , informat i expr\u00e9s per al tractament de les seves dades personals per al&nbsp;<strong>RESPONSABLE,<\/strong>&nbsp;per a la correcta prestaci\u00f3 d\u2019aquests serveis d\u2019acord amb el que estableix la present pol\u00edtica.<\/p><p>L\u2019usuari \u00e9s lliure d\u2019utilitzar la p\u00e0gina oficial del&nbsp;<strong>RESPONSABLE,&nbsp;<\/strong>en aquesta xarxa social, de manera que en cas que l\u2019usuari no estigui d\u2019acord amb el tractament de les seves dades amb aquestes finalitats, no ha d\u2019 utilitzar- ni proporcionar les seves dades personals.<\/p><p>A trav\u00e9s d\u2019aquesta p\u00e0gina oficial del&nbsp;<strong>RESPONSABLE,&nbsp;<\/strong>l\u2019usuari pot compartir textos , fotos , v\u00eddeos i altre tipus d\u2019informaci\u00f3 i \/ o continguts que estaran subjectes tant a la present pol\u00edtica com a les Normes i Condicions de la Plataforma. L\u2019usuari ser\u00e0 responsable de que tots els continguts que publiqui respectin la legislaci\u00f3 vigent , la present pol\u00edtica i les Normes de la Plataforma.<\/p><p>L\u2019usuari \u00fanicament podr\u00e0 publicar en aquesta p\u00e0gina oficial del&nbsp;<strong>RESPONSABLE,<\/strong>&nbsp;dades personals , fotografies i informacions o altres continguts la titularitat i propietat li pertanyin o respecte de les quals tingui l\u2019autoritzaci\u00f3 de tercers.<\/p><p>El&nbsp;<strong>RESPONSABLE,<\/strong>&nbsp;tindr\u00e0 dret a eliminar d\u2019aquesta p\u00e0gina oficial \u2013 de forma unilateral i sense pr\u00e8via comunicaci\u00f3 ni autoritzaci\u00f3 de l\u2019usuari- qualssevol continguts publicats per l\u2019usuari quan l\u2019usuari infringeixi o vulneri la legislaci\u00f3 vigent, les normes establertes en aquesta pol\u00edtica i les Normes de la Plataforma .<\/p><p><strong>5 . Identificaci\u00f3 dels destinataris respecte dels quals el RESPONSABLE tingui previst la realitzaci\u00f3 de cessions o comunicacions de dades<\/strong><\/p><p>S\u2019adverteix a l\u2019usuari que tota la informaci\u00f3 i continguts que publiqui a la p\u00e0gina oficial del&nbsp;<strong>RESPONSABLE,<\/strong>&nbsp;a la xarxa social podr\u00e0 ser coneguda pels restants usuaris de la p\u00e0gina oficial i de la plataforma de xarxa social. En conseq\u00fc\u00e8ncia, tota la informaci\u00f3 i continguts publicats per l\u2019usuari a la p\u00e0gina oficial del&nbsp;<strong>RESPONSABLE,<\/strong>&nbsp;en aquesta xarxa social ser\u00e0 objecte de comunicaci\u00f3 de la resta dels usuaris per la pr\u00f2pia naturalesa del servei.<\/p><p>El&nbsp;<strong>RESPONSABLE,<\/strong>&nbsp;\u00fanicament t\u00e9 prevista la realitzaci\u00f3 de cessions o comunicacions de dades que per ra\u00f3 de la normativa vigent hagi de realitzar a jutges, tribunals, administracions p\u00fabliques i autoritats competents de car\u00e0cter administratiu.<\/p><p><strong>6 . Altres tercers prestadors de serveis<\/strong><\/p><p>El&nbsp;<strong>RESPONSABLE,<\/strong>&nbsp;adverteix l\u2019usuari que aquesta entitat nom\u00e9s \u00e9s responsable i garanteix la confidencialitat, seguretat i tractament de les dades d\u2019acord amb la present pol\u00edtica, respecte de les dades de car\u00e0cter personal que reculli l\u2019usuari a trav\u00e9s de la present p\u00e0gina oficial en aquesta xarxa social, no tenint cap tipus de responsabilitat respecte dels tractaments i posteriors utilitzacions de les dades personals que es puguin efectuar tant pel titular de la xarxa social com per tercers prestadors de serveis de la societat de la informaci\u00f3 que poguessin accedir a aquestes dades per ra\u00f3 de la prestaci\u00f3 dels seus serveis o exercici de la seva activitat, tercers que estableixin hiperenlla\u00e7os a la xarxa social, ni d\u2019aquells responsables a qui a trav\u00e9s d\u2019hiperenlla\u00e7os el&nbsp;<strong>RESPONSABLE,<\/strong> remet als usuaris adherits a la present p\u00e0gina oficial.<\/p><p><strong>7 . Qualitat de les dades<\/strong><\/p><p>El<strong>&nbsp;RESPONSABLE,<\/strong>&nbsp;adverteix l\u2019usuari que, llevat l\u2019exist\u00e8ncia d\u2019una representaci\u00f3 legalment constitu\u00efda , cap usuari pot utilitzar la identitat d\u2019una altra persona i comunicar les seves dades personals, de manera que l\u2019 usuari en tot moment haur\u00e0 de tenir en compte que nom\u00e9s pot proporcionar dades personals corresponents a la seva pr\u00f2pia identitat i que siguin adequades, pertinents, actuals, exactes i veritables. En qualsevol cas, l\u2019usuari haur\u00e0 de respectar la privacitat de tercers, siguin aquests usuaris o no de la xarxa social o de la p\u00e0gina oficial del&nbsp;<strong>RESPONSABLE,<\/strong>&nbsp;en la mateixa.<br><strong><br>8 . Drets que assisteixen a l\u2019Interessat:<\/strong><\/p><\/div><ul><li>Dret a retirar el consentiment a qualsevol moment.<\/li><li>Dret d\u2019acc\u00e9s, rectificaci\u00f3, portabilitat i supressi\u00f3 de les seves dades i a la limitaci\u00f3 o oposici\u00f3 al seu tractament.<\/li><li>Dret a presentar una reclamaci\u00f3 davant l\u2019Autoritat de control (www.aepd.es.) si considera que el tractament no s\u2019ajusta a la normativa vigent.<\/li><\/ul><div><strong>9 . Altra informaci\u00f3 d\u2019inter\u00e8s<\/strong><\/div><div>&nbsp;<\/div><div><p>El&nbsp;<strong>RESPONSABLE,<\/strong>&nbsp;podr\u00e0 modificar i \/ o substituir en qualsevol moment la present pol\u00edtica que, segons els casos, substituir\u00e0, completar\u00e0 i\/o modificar\u00e0 la actualment publicada aqu\u00ed recollida. Per aix\u00f2 l\u2019usuari haur\u00e0 d\u2019accedir peri\u00f2dicament a aquestes per tal de mantenir actualitzat .<\/p><p>L\u2019usuari pot contactar amb el&nbsp;<strong>RESPONSABLE,<\/strong>&nbsp;mitjan\u00e7ant el servei de missatgeria interna de la xarxa social o a trav\u00e9s de les seg\u00fcents adreces i dades de contacte :<\/p><p>SPLENDID FOODS, SAU<br>Gurri, 2 \u2013 SEVA 08853 (BARCELONA)<br>rrhh@splendid-foods.com<\/p><p>Aix\u00ed mateix l\u2019 usuari pot consultar les normes i pol\u00edtiques publicades pel titular de la xarxa social per a l\u2019\u00fas de la mateixa.<\/p><\/div><\/div><\/div><\/div><\/div><\/div><\/div><\/div><\/div>\n","protected":false},"excerpt":{"rendered":"<p>POL\u00cdTICA DE PRIVACITAT EN XARXES SOCIALS1 . Informaci\u00f3 sobre el responsable del tractament de les [&hellip;]<\/p>\n","protected":false},"author":1,"featured_media":0,"parent":0,"menu_order":0,"comment_status":"closed","ping_status":"closed","template":"","meta":{"_acf_changed":false,"footnotes":""},"class_list":["post-3035","page","type-page","status-publish","hentry"],"acf":[],"yoast_head":"<!-- This site is optimized with the Yoast SEO plugin v27.1.1 - https:\/\/yoast.com\/product\/yoast-seo-wordpress\/ -->\n<title>Pol\u00edtica de privacitat en xarxes socials - Can Duran<\/title>\n<meta name=\"robots\" content=\"index, follow, max-snippet:-1, max-image-preview:large, max-video-preview:-1\" \/>\n<link rel=\"canonical\" href=\"https:\/\/canduran.com\/ca\/politica-de-privacitat-en-xarxes-socials\/\" \/>\n<meta property=\"og:locale\" content=\"ca_ES\" \/>\n<meta property=\"og:type\" content=\"article\" \/>\n<meta property=\"og:title\" content=\"Pol\u00edtica de privacitat en xarxes socials - Can Duran\" \/>\n<meta property=\"og:description\" content=\"POL\u00cdTICA DE PRIVACITAT EN XARXES SOCIALS1 . Informaci\u00f3 sobre el responsable del tractament de les [&hellip;]\" \/>\n<meta property=\"og:url\" content=\"https:\/\/canduran.com\/ca\/politica-de-privacitat-en-xarxes-socials\/\" \/>\n<meta property=\"og:site_name\" content=\"Can Duran\" \/>\n<meta property=\"article:publisher\" content=\"https:\/\/www.facebook.com\/EmbotitsCanDuran\/\" \/>\n<meta property=\"article:modified_time\" content=\"2021-06-10T14:49:53+00:00\" \/>\n<meta name=\"twitter:card\" content=\"summary_large_image\" \/>\n<meta name=\"twitter:label1\" content=\"Temps estimat de lectura\" \/>\n\t<meta name=\"twitter:data1\" content=\"7 minuts\" \/>\n<script type=\"application\/ld+json\" class=\"yoast-schema-graph\">{\"@context\":\"https:\/\/schema.org\",\"@graph\":[{\"@type\":\"WebPage\",\"@id\":\"https:\/\/canduran.com\/ca\/politica-de-privacitat-en-xarxes-socials\/\",\"url\":\"https:\/\/canduran.com\/ca\/politica-de-privacitat-en-xarxes-socials\/\",\"name\":\"Pol\u00edtica de privacitat en xarxes socials - Can Duran\",\"isPartOf\":{\"@id\":\"https:\/\/canduran.com\/ca\/#website\"},\"datePublished\":\"2019-12-12T09:21:59+00:00\",\"dateModified\":\"2021-06-10T14:49:53+00:00\",\"inLanguage\":\"ca\",\"potentialAction\":[{\"@type\":\"ReadAction\",\"target\":[\"https:\/\/canduran.com\/ca\/politica-de-privacitat-en-xarxes-socials\/\"]}]},{\"@type\":\"WebSite\",\"@id\":\"https:\/\/canduran.com\/ca\/#website\",\"url\":\"https:\/\/canduran.com\/ca\/\",\"name\":\"Can Duran\",\"description\":\"\",\"publisher\":{\"@id\":\"https:\/\/canduran.com\/ca\/#organization\"},\"potentialAction\":[{\"@type\":\"SearchAction\",\"target\":{\"@type\":\"EntryPoint\",\"urlTemplate\":\"https:\/\/canduran.com\/ca\/?s={search_term_string}\"},\"query-input\":{\"@type\":\"PropertyValueSpecification\",\"valueRequired\":true,\"valueName\":\"search_term_string\"}}],\"inLanguage\":\"ca\"},{\"@type\":\"Organization\",\"@id\":\"https:\/\/canduran.com\/ca\/#organization\",\"name\":\"Can Duran\",\"url\":\"https:\/\/canduran.com\/ca\/\",\"logo\":{\"@type\":\"ImageObject\",\"inLanguage\":\"ca\",\"@id\":\"https:\/\/canduran.com\/ca\/#\/schema\/logo\/image\/\",\"url\":\"https:\/\/canduran.com\/wp\/wp-content\/uploads\/2019\/06\/logo-header.png\",\"contentUrl\":\"https:\/\/canduran.com\/wp\/wp-content\/uploads\/2019\/06\/logo-header.png\",\"width\":208,\"height\":140,\"caption\":\"Can Duran\"},\"image\":{\"@id\":\"https:\/\/canduran.com\/ca\/#\/schema\/logo\/image\/\"},\"sameAs\":[\"https:\/\/www.facebook.com\/EmbotitsCanDuran\/\",\"https:\/\/www.instagram.com\/canduranembutidos\/\"]}]}<\/script>\n<!-- \/ Yoast SEO plugin. -->","yoast_head_json":{"title":"Pol\u00edtica de privacitat en xarxes socials - Can Duran","robots":{"index":"index","follow":"follow","max-snippet":"max-snippet:-1","max-image-preview":"max-image-preview:large","max-video-preview":"max-video-preview:-1"},"canonical":"https:\/\/canduran.com\/ca\/politica-de-privacitat-en-xarxes-socials\/","og_locale":"ca_ES","og_type":"article","og_title":"Pol\u00edtica de privacitat en xarxes socials - Can Duran","og_description":"POL\u00cdTICA DE PRIVACITAT EN XARXES SOCIALS1 . Informaci\u00f3 sobre el responsable del tractament de les [&hellip;]","og_url":"https:\/\/canduran.com\/ca\/politica-de-privacitat-en-xarxes-socials\/","og_site_name":"Can Duran","article_publisher":"https:\/\/www.facebook.com\/EmbotitsCanDuran\/","article_modified_time":"2021-06-10T14:49:53+00:00","twitter_card":"summary_large_image","twitter_misc":{"Temps estimat de lectura":"7 minuts"},"schema":{"@context":"https:\/\/schema.org","@graph":[{"@type":"WebPage","@id":"https:\/\/canduran.com\/ca\/politica-de-privacitat-en-xarxes-socials\/","url":"https:\/\/canduran.com\/ca\/politica-de-privacitat-en-xarxes-socials\/","name":"Pol\u00edtica de privacitat en xarxes socials - Can Duran","isPartOf":{"@id":"https:\/\/canduran.com\/ca\/#website"},"datePublished":"2019-12-12T09:21:59+00:00","dateModified":"2021-06-10T14:49:53+00:00","inLanguage":"ca","potentialAction":[{"@type":"ReadAction","target":["https:\/\/canduran.com\/ca\/politica-de-privacitat-en-xarxes-socials\/"]}]},{"@type":"WebSite","@id":"https:\/\/canduran.com\/ca\/#website","url":"https:\/\/canduran.com\/ca\/","name":"Can Duran","description":"","publisher":{"@id":"https:\/\/canduran.com\/ca\/#organization"},"potentialAction":[{"@type":"SearchAction","target":{"@type":"EntryPoint","urlTemplate":"https:\/\/canduran.com\/ca\/?s={search_term_string}"},"query-input":{"@type":"PropertyValueSpecification","valueRequired":true,"valueName":"search_term_string"}}],"inLanguage":"ca"},{"@type":"Organization","@id":"https:\/\/canduran.com\/ca\/#organization","name":"Can Duran","url":"https:\/\/canduran.com\/ca\/","logo":{"@type":"ImageObject","inLanguage":"ca","@id":"https:\/\/canduran.com\/ca\/#\/schema\/logo\/image\/","url":"https:\/\/canduran.com\/wp\/wp-content\/uploads\/2019\/06\/logo-header.png","contentUrl":"https:\/\/canduran.com\/wp\/wp-content\/uploads\/2019\/06\/logo-header.png","width":208,"height":140,"caption":"Can Duran"},"image":{"@id":"https:\/\/canduran.com\/ca\/#\/schema\/logo\/image\/"},"sameAs":["https:\/\/www.facebook.com\/EmbotitsCanDuran\/","https:\/\/www.instagram.com\/canduranembutidos\/"]}]}},"_links":{"self":[{"href":"https:\/\/canduran.com\/ca\/wp-json\/wp\/v2\/pages\/3035","targetHints":{"allow":["GET"]}}],"collection":[{"href":"https:\/\/canduran.com\/ca\/wp-json\/wp\/v2\/pages"}],"about":[{"href":"https:\/\/canduran.com\/ca\/wp-json\/wp\/v2\/types\/page"}],"author":[{"embeddable":true,"href":"https:\/\/canduran.com\/ca\/wp-json\/wp\/v2\/users\/1"}],"replies":[{"embeddable":true,"href":"https:\/\/canduran.com\/ca\/wp-json\/wp\/v2\/comments?post=3035"}],"version-history":[{"count":11,"href":"https:\/\/canduran.com\/ca\/wp-json\/wp\/v2\/pages\/3035\/revisions"}],"predecessor-version":[{"id":3446,"href":"https:\/\/canduran.com\/ca\/wp-json\/wp\/v2\/pages\/3035\/revisions\/3446"}],"wp:attachment":[{"href":"https:\/\/canduran.com\/ca\/wp-json\/wp\/v2\/media?parent=3035"}],"curies":[{"name":"wp","href":"https:\/\/api.w.org\/{rel}","templated":true}]}}