{"id":3064,"date":"2019-12-13T08:46:36","date_gmt":"2019-12-13T07:46:36","guid":{"rendered":"https:\/\/canduran.com\/wp\/politica-de-cookies\/"},"modified":"2019-12-13T08:46:36","modified_gmt":"2019-12-13T07:46:36","slug":"politica-de-cookies","status":"publish","type":"page","link":"https:\/\/canduran.com\/ca\/politica-de-cookies\/","title":{"rendered":"Pol\u00edtica de cookies"},"content":{"rendered":"<h3>POL\u00cdTICA DE COOKIES<\/h3>\n<p>&nbsp;<\/p>\n<p>INFORMACI\u00d3 SOBRE COOKIES<\/p>\n<p>A causa de l&#8217;entrada en vigor de la referent modificaci\u00f3 de la &#8220;Llei de Serveis de la Societat de la Informaci\u00f3&#8221; (LSSICE) establerta pel Reial Decret 13\/2012, \u00e9s d&#8217;obligaci\u00f3 obtenir el consentiment expr\u00e9s de l&#8217;usuari de totes les p\u00e0gines web que utilitzen cookies prescindibles, abans que aquest navegui per elles.<\/p>\n<p>QU\u00c8 S\u00d3N LES COOKIES?<\/p>\n<p>Les cookies i altres tecnologies similars tals com a local shared objects, flash cookies o p\u00edxels, s\u00f3n eines emprades pels servidors web per emmagatzemar i recuperar informaci\u00f3 sobre els seus visitants, aix\u00ed com per oferir un correcte funcionament del lloc.<\/p>\n<p>Mitjan\u00e7ant l&#8217;\u00fas d&#8217;aquests dispositius es permet al servidor web recordar algunes dades concernents a l&#8217;usuari, com les seves prefer\u00e8ncies per a la visualitzaci\u00f3 de les p\u00e0gines d&#8217;aquest servidor, nom i contrasenya, productes que m\u00e9s li interessen, etc.<\/p>\n<p>COOKIES AFECTADES PER LA NORMATIVA I COOKIES EXEMPTES<\/p>\n<p>Segons la directiva de la UE, les cookies que requereixen el consentiment informat per part de l&#8217;usuari s\u00f3n les cookies d&#8217;anal\u00edtica i les de publicitat i afiliaci\u00f3, quedant exceptuades les de car\u00e0cter t\u00e8cnic i les necess\u00e0ries per al funcionament del lloc web o la prestaci\u00f3 de serveis expressament demanats per l&#8217;usuari.<\/p>\n<p>QUIN TIPUS DE COOKIES HI HAN?<\/p>\n<p>Sobre els tipus de galetes, hi ha cinc grans grups:<br \/>\nCookies anal\u00edtiques: recullen informaci\u00f3 de l&#8217;\u00fas que es realitza del lloc web.<br \/>\nCookies socials: s\u00f3n aquelles necess\u00e0ries per a xarxes socials externes.<br \/>\nCookies d&#8217;afiliats: permeten fer un seguiment de les visites procedents d&#8217;altres webs, amb les que el lloc web estableix un contracte d\u2018afiliaci\u00f3 (empreses d&#8217;afiliaci\u00f3).<br \/>\nCookies de publicitat i comportament: recullen informaci\u00f3 sobre les prefer\u00e8ncies i eleccions personals de l&#8217;usuari (retargeting).<br \/>\nCookies t\u00e8cniques i funcionals: s\u00f3n les estrictament necess\u00e0ries per a l&#8217;\u00fas del lloc web i per a la prestaci\u00f3 del servei contractat.<\/p>\n<p>COOKIES QUE UTILITZEM EN EL NOSTRE ESPAI WEB<\/p>\n<p>PHPSESSID: cookie t\u00e8cnica i estrictament necess\u00e0ria que cont\u00e9 l&#8217;identificador de la sessi\u00f3. S&#8217;elimina en tancar el navegador.<br \/>\n_lang: cookie t\u00e8cnica i estrictament necess\u00e0ria que cont\u00e9 l&#8217;idioma de la sessi\u00f3. S&#8217;elimina en tancar el navegador.<br \/>\nac_cookies: cookie t\u00e8cnica i estrictament necess\u00e0ria que cont\u00e9 el valor de si s&#8217;ha acceptat la instal\u00b7laci\u00f3 de cookies. Caduca en 1 any des de l&#8217;\u00faltima actualitzaci\u00f3.<br \/>\n_ga: cookie de Google Analytics Universal que habilita la funci\u00f3 de control de visites \u00faniques. La primera vegada que un usuari entri al lloc web a trav\u00e9s d&#8217;un navegador s&#8217;instal\u00b7lar\u00e0 aquesta galeta. Quan aquest usuari torni a entrar a la web amb el mateix navegador, la galeta considerar\u00e0 que \u00e9s el mateix usuari. Nom\u00e9s en el cas que l&#8217;usuari canvi\u00ef de navegador, es considerar\u00e0 un altre usuari. Caduca als 2 anys des de l&#8217;\u00faltima actualitzaci\u00f3. M\u00e9s informaci\u00f3 del tractament realizat per Google Analytics aqu\u00ed.<br \/>\n_gat: Aquesta cookie s&#8217;associa amb Google Analytics. S&#8217;utilitza per limitar la velocitat de petici\u00f3 &#8211; la limitaci\u00f3 de la recollida de dades en els llocs d&#8217;alt tr\u00e0nsit. Caduca als 10 minuts.<br \/>\n_gid: Aquesta cookie s&#8217;associa amb Google Analytics. S&#8217;utilitza per distingir els usuaris. Caduca a les 24 hores.<\/p>\n<p>REVOCACI\u00d3 DEL CONSENTIMENT PER INSTAL\u00b7LAR COOKIES<br \/>\nCOM ELIMINAR LES COOKIES DEL NAVEGADOR<\/p>\n<p><strong>Chrome<\/strong><\/p>\n<p>1.\tSeleccioneu la icona d&#8217;Eines<br \/>\n2.\tFeu clic a Configuraci\u00f3.<br \/>\n3.\tFes clic a Mostra Opcions Avan\u00e7ades.<br \/>\n4.\tA la secci\u00f3 &#8220;Privadesa&#8221; feu clic a Configuraci\u00f3 de contingut.<br \/>\n\u2022\tSuprimeix les galetes: Fes clic a Totes les galetes i dades del lloc &#8230;<br \/>\n\u2022\tNo permetre que s&#8217;emmagatzemin cookies.<br \/>\n5.\tFes clic a Elimina les dades de navegaci\u00f3 (buidar la Mem\u00f2ria cau).<br \/>\n6.\tTanca i reinicia el navegador.<\/p>\n<p>Per a m\u00e9s informaci\u00f3 sobre Chrome premi aqu\u00ed: http:\/\/support.google.com\/chrome\/answer\/95647?hl=es<\/p>\n<p><strong>Internet Explorer. Versi\u00f3 11<\/strong><\/p>\n<p>1.\tSelecciona Eines | Opcions d&#8217;Internet.<br \/>\n2.\tFes clic a la pestanya General.<br \/>\n3.\tA la secci\u00f3 &#8220;Historial de navegaci\u00f3&#8221;, feu clic a Suprimeix l&#8217;historial d&#8217;exploraci\u00f3 al sortir.<br \/>\n4.\tSeleccionar Eliminar arxius.<br \/>\n5.\tSeleccionar Suprimeix les galetes.<br \/>\n6.\tFeu clic a Suprimeix.<br \/>\n7.\tFes clic a D&#8217;acord.<br \/>\n8.\tTanca i reinicia el navegador.<\/p>\n<p>Per a m\u00e9s informaci\u00f3 sobre Internet Explorer premi aqu\u00ed:<br \/>\nhttp:\/\/windows.microsoft.com\/es-419\/windows7\/how-to-manage-cookies-in-internet-explorer-9<\/p>\n<p><strong>Firefox. Versi\u00f3 18<\/strong><\/p>\n<p>1.\tSelecciona Firefox | Historial | Neteja l&#8217;historial recent.<br \/>\n2.\tAl costat de &#8220;Detalls&#8221;, fes clic a la fletxa cap avall.<br \/>\n3.\tSelecciona les seg\u00fcents caselles de verificaci\u00f3: galetes, Mem\u00f2ria cau, Inicis de sessi\u00f3 actius<br \/>\n4.\tUsant el &#8220;Per\u00edode de temps per esborrar&#8221; al men\u00fa desplegable, selecciona Tot.<br \/>\n5.\tFeu clic a Neteja ara.<br \/>\n6.\tTanca i reinicia el navegador.<\/p>\n<p>Pot acceptar o rebutjar les galetes individualment en les Prefer\u00e8ncies de Firefox, a la secci\u00f3 Historial disponible a Eines> Opcions> Privadesa.<\/p>\n<p>Per a m\u00e9s informaci\u00f3 sobre Mozilla Firefox premi aqu\u00ed: https:\/\/www.mozilla.org\/es-ES\/privacy\/websites\/#cookies<\/p>\n<p><strong>Safari Versi\u00f3 5.1<\/strong><\/p>\n<p>1.\tSeleccioneu la icona de Safari \/ Edita | Restaura Safari.<br \/>\n2.\tSelecciona les seg\u00fcents caselles de verificaci\u00f3: Esborrar l&#8217;historial, Eliminar totes les dades de lloc web<br \/>\n3.\tFes clic a Restablir.<br \/>\n4.\tTanca i reinicia el navegador.<\/p>\n<p>Per a m\u00e9s informaci\u00f3 sobre Safari premi aqu\u00ed: http:\/\/support.apple.com\/kb\/PH5042<\/p>\n<p><strong>Opera<\/strong><\/p>\n<p>Opcions &#8211; Avan\u00e7at &#8211; Galetes.<br \/>\nLes opcions de cookies controlen la manera en qu\u00e8 Opera els maneja i per tant la seva acceptaci\u00f3 o rebuig.<\/p>\n<p>Per a m\u00e9s informaci\u00f3 sobre \u00d2pera premi aqu\u00ed: http:\/\/help.opera.com\/Linux\/10.60\/es-ES\/cookies.html<\/p>\n<p><strong>Altres navegadors<\/strong><\/p>\n<p>Consulteu la documentaci\u00f3 del navegador que tingui instal\u2022lat.<\/p>\n","protected":false},"excerpt":{"rendered":"<p>POL\u00cdTICA DE COOKIES &nbsp; INFORMACI\u00d3 SOBRE COOKIES A causa de l&#8217;entrada en vigor de la [&hellip;]<\/p>\n","protected":false},"author":1,"featured_media":0,"parent":0,"menu_order":0,"comment_status":"closed","ping_status":"closed","template":"","meta":{"_acf_changed":false,"footnotes":""},"class_list":["post-3064","page","type-page","status-publish","hentry"],"acf":[],"yoast_head":"<!-- This site is optimized with the Yoast SEO plugin v27.1.1 - https:\/\/yoast.com\/product\/yoast-seo-wordpress\/ -->\n<title>Pol\u00edtica de cookies - Can Duran<\/title>\n<meta name=\"robots\" content=\"index, follow, max-snippet:-1, max-image-preview:large, max-video-preview:-1\" \/>\n<link rel=\"canonical\" href=\"https:\/\/canduran.com\/ca\/politica-de-cookies\/\" \/>\n<meta property=\"og:locale\" content=\"ca_ES\" \/>\n<meta property=\"og:type\" content=\"article\" \/>\n<meta property=\"og:title\" content=\"Pol\u00edtica de cookies - Can Duran\" \/>\n<meta property=\"og:description\" content=\"POL\u00cdTICA DE COOKIES &nbsp; INFORMACI\u00d3 SOBRE COOKIES A causa de l&#8217;entrada en vigor de la [&hellip;]\" \/>\n<meta property=\"og:url\" content=\"https:\/\/canduran.com\/ca\/politica-de-cookies\/\" \/>\n<meta property=\"og:site_name\" content=\"Can Duran\" \/>\n<meta property=\"article:publisher\" content=\"https:\/\/www.facebook.com\/EmbotitsCanDuran\/\" \/>\n<meta name=\"twitter:card\" content=\"summary_large_image\" \/>\n<meta name=\"twitter:label1\" content=\"Temps estimat de lectura\" \/>\n\t<meta name=\"twitter:data1\" content=\"4 minuts\" \/>\n<script type=\"application\/ld+json\" class=\"yoast-schema-graph\">{\"@context\":\"https:\/\/schema.org\",\"@graph\":[{\"@type\":\"WebPage\",\"@id\":\"https:\/\/canduran.com\/ca\/politica-de-cookies\/\",\"url\":\"https:\/\/canduran.com\/ca\/politica-de-cookies\/\",\"name\":\"Pol\u00edtica de cookies - Can Duran\",\"isPartOf\":{\"@id\":\"https:\/\/canduran.com\/ca\/#website\"},\"datePublished\":\"2019-12-13T07:46:36+00:00\",\"breadcrumb\":{\"@id\":\"https:\/\/canduran.com\/ca\/politica-de-cookies\/#breadcrumb\"},\"inLanguage\":\"ca\",\"potentialAction\":[{\"@type\":\"ReadAction\",\"target\":[\"https:\/\/canduran.com\/ca\/politica-de-cookies\/\"]}]},{\"@type\":\"BreadcrumbList\",\"@id\":\"https:\/\/canduran.com\/ca\/politica-de-cookies\/#breadcrumb\",\"itemListElement\":[{\"@type\":\"ListItem\",\"position\":1,\"name\":\"Portada\",\"item\":\"https:\/\/canduran.com\/ca\/home\/\"},{\"@type\":\"ListItem\",\"position\":2,\"name\":\"Pol\u00edtica de cookies\"}]},{\"@type\":\"WebSite\",\"@id\":\"https:\/\/canduran.com\/ca\/#website\",\"url\":\"https:\/\/canduran.com\/ca\/\",\"name\":\"Can Duran\",\"description\":\"\",\"publisher\":{\"@id\":\"https:\/\/canduran.com\/ca\/#organization\"},\"potentialAction\":[{\"@type\":\"SearchAction\",\"target\":{\"@type\":\"EntryPoint\",\"urlTemplate\":\"https:\/\/canduran.com\/ca\/?s={search_term_string}\"},\"query-input\":{\"@type\":\"PropertyValueSpecification\",\"valueRequired\":true,\"valueName\":\"search_term_string\"}}],\"inLanguage\":\"ca\"},{\"@type\":\"Organization\",\"@id\":\"https:\/\/canduran.com\/ca\/#organization\",\"name\":\"Can Duran\",\"url\":\"https:\/\/canduran.com\/ca\/\",\"logo\":{\"@type\":\"ImageObject\",\"inLanguage\":\"ca\",\"@id\":\"https:\/\/canduran.com\/ca\/#\/schema\/logo\/image\/\",\"url\":\"https:\/\/canduran.com\/wp\/wp-content\/uploads\/2019\/06\/logo-header.png\",\"contentUrl\":\"https:\/\/canduran.com\/wp\/wp-content\/uploads\/2019\/06\/logo-header.png\",\"width\":208,\"height\":140,\"caption\":\"Can Duran\"},\"image\":{\"@id\":\"https:\/\/canduran.com\/ca\/#\/schema\/logo\/image\/\"},\"sameAs\":[\"https:\/\/www.facebook.com\/EmbotitsCanDuran\/\",\"https:\/\/www.instagram.com\/canduranembutidos\/\"]}]}<\/script>\n<!-- \/ Yoast SEO plugin. -->","yoast_head_json":{"title":"Pol\u00edtica de cookies - Can Duran","robots":{"index":"index","follow":"follow","max-snippet":"max-snippet:-1","max-image-preview":"max-image-preview:large","max-video-preview":"max-video-preview:-1"},"canonical":"https:\/\/canduran.com\/ca\/politica-de-cookies\/","og_locale":"ca_ES","og_type":"article","og_title":"Pol\u00edtica de cookies - Can Duran","og_description":"POL\u00cdTICA DE COOKIES &nbsp; INFORMACI\u00d3 SOBRE COOKIES A causa de l&#8217;entrada en vigor de la [&hellip;]","og_url":"https:\/\/canduran.com\/ca\/politica-de-cookies\/","og_site_name":"Can Duran","article_publisher":"https:\/\/www.facebook.com\/EmbotitsCanDuran\/","twitter_card":"summary_large_image","twitter_misc":{"Temps estimat de lectura":"4 minuts"},"schema":{"@context":"https:\/\/schema.org","@graph":[{"@type":"WebPage","@id":"https:\/\/canduran.com\/ca\/politica-de-cookies\/","url":"https:\/\/canduran.com\/ca\/politica-de-cookies\/","name":"Pol\u00edtica de cookies - Can Duran","isPartOf":{"@id":"https:\/\/canduran.com\/ca\/#website"},"datePublished":"2019-12-13T07:46:36+00:00","breadcrumb":{"@id":"https:\/\/canduran.com\/ca\/politica-de-cookies\/#breadcrumb"},"inLanguage":"ca","potentialAction":[{"@type":"ReadAction","target":["https:\/\/canduran.com\/ca\/politica-de-cookies\/"]}]},{"@type":"BreadcrumbList","@id":"https:\/\/canduran.com\/ca\/politica-de-cookies\/#breadcrumb","itemListElement":[{"@type":"ListItem","position":1,"name":"Portada","item":"https:\/\/canduran.com\/ca\/home\/"},{"@type":"ListItem","position":2,"name":"Pol\u00edtica de cookies"}]},{"@type":"WebSite","@id":"https:\/\/canduran.com\/ca\/#website","url":"https:\/\/canduran.com\/ca\/","name":"Can Duran","description":"","publisher":{"@id":"https:\/\/canduran.com\/ca\/#organization"},"potentialAction":[{"@type":"SearchAction","target":{"@type":"EntryPoint","urlTemplate":"https:\/\/canduran.com\/ca\/?s={search_term_string}"},"query-input":{"@type":"PropertyValueSpecification","valueRequired":true,"valueName":"search_term_string"}}],"inLanguage":"ca"},{"@type":"Organization","@id":"https:\/\/canduran.com\/ca\/#organization","name":"Can Duran","url":"https:\/\/canduran.com\/ca\/","logo":{"@type":"ImageObject","inLanguage":"ca","@id":"https:\/\/canduran.com\/ca\/#\/schema\/logo\/image\/","url":"https:\/\/canduran.com\/wp\/wp-content\/uploads\/2019\/06\/logo-header.png","contentUrl":"https:\/\/canduran.com\/wp\/wp-content\/uploads\/2019\/06\/logo-header.png","width":208,"height":140,"caption":"Can Duran"},"image":{"@id":"https:\/\/canduran.com\/ca\/#\/schema\/logo\/image\/"},"sameAs":["https:\/\/www.facebook.com\/EmbotitsCanDuran\/","https:\/\/www.instagram.com\/canduranembutidos\/"]}]}},"_links":{"self":[{"href":"https:\/\/canduran.com\/ca\/wp-json\/wp\/v2\/pages\/3064","targetHints":{"allow":["GET"]}}],"collection":[{"href":"https:\/\/canduran.com\/ca\/wp-json\/wp\/v2\/pages"}],"about":[{"href":"https:\/\/canduran.com\/ca\/wp-json\/wp\/v2\/types\/page"}],"author":[{"embeddable":true,"href":"https:\/\/canduran.com\/ca\/wp-json\/wp\/v2\/users\/1"}],"replies":[{"embeddable":true,"href":"https:\/\/canduran.com\/ca\/wp-json\/wp\/v2\/comments?post=3064"}],"version-history":[{"count":0,"href":"https:\/\/canduran.com\/ca\/wp-json\/wp\/v2\/pages\/3064\/revisions"}],"wp:attachment":[{"href":"https:\/\/canduran.com\/ca\/wp-json\/wp\/v2\/media?parent=3064"}],"curies":[{"name":"wp","href":"https:\/\/api.w.org\/{rel}","templated":true}]}}