{"id":4067,"date":"2023-07-13T09:33:12","date_gmt":"2023-07-13T07:33:12","guid":{"rendered":"https:\/\/canduran.com\/loncheados\/"},"modified":"2023-10-17T09:19:38","modified_gmt":"2023-10-17T07:19:38","slug":"llescats","status":"publish","type":"page","link":"https:\/\/canduran.com\/ca\/llescats\/","title":{"rendered":"Llescats"},"content":{"rendered":"<div class=\"vce-row-container\"><div class=\"vce-row vce-element--has-background vce-row--col-gap-30 vce-row-content--top\" data-vce-full-width=\"true\" id=\"el-8a2302bf\" data-vce-do-apply=\"all el-8a2302bf\"><div class=\"vce-content-background-container\"><\/div><div class=\"vce-row-content\" data-vce-element-content=\"true\"><div class=\"vce-col vce-col--md-auto vce-col--xs-1 vce-col--xs-last vce-col--xs-first vce-col--sm-last vce-col--sm-first vce-col--md-last vce-col--lg-last vce-col--xl-last vce-col--md-first vce-col--lg-first vce-col--xl-first\" id=\"el-f5188236\"><div class=\"vce-col-inner\" data-vce-do-apply=\"border margin background  el-f5188236\"><div class=\"vce-col-content\" data-vce-element-content=\"true\" data-vce-do-apply=\"padding el-f5188236\"><div class=\"vce-single-image-container atrezzo-familia vce-single-image--align-right\"><div class=\"vce vce-single-image-wrapper\" id=\"el-a1a61332\" data-vce-do-apply=\"all el-a1a61332\"><figure><div class=\"vce-single-image-figure-inner\" style=\"width: 420px;\"><div class=\"vce-single-image-inner vce-single-image--absolute\" style=\"width: 100%; padding-bottom: 109.524%;\"><img decoding=\"async\" class=\"vce-single-image\" src=\"https:\/\/canduran.com\/wp\/wp-content\/uploads\/2023\/09\/atrezzo-familia-llescats-1.png\" data-img-src=\"https:\/\/canduran.com\/wp\/wp-content\/uploads\/2023\/09\/atrezzo-familia-llescats-1.png\" data-attachment-id=\"4147\" alt=\"\" title=\"atrezzo-familia-llescats\"><\/div><\/div><figcaption hidden=\"\"><\/figcaption><\/figure><\/div><\/div><div class=\"vce-row-container\" data-vce-boxed-width=\"true\"><div class=\"vce-row vce-row--col-gap-30 vce-row-content--top\" id=\"el-839a1d59\" data-vce-do-apply=\"all el-839a1d59\"><div class=\"vce-row-content\" data-vce-element-content=\"true\"><div class=\"vce-col vce-col--xs-100p vce-col--xs-visible vce-col--xs-last vce-col--xs-first vce-col--sm-100p vce-col--sm-visible vce-col--sm-last vce-col--sm-first vce-col--md-100p vce-col--md-visible vce-col--md-last vce-col--md-first vce-col--lg-2-12 vce-col--lg-visible vce-col--lg-first vce-col--xl-2-12 vce-col--xl-visible vce-col--xl-first\" id=\"el-74526357\"><div class=\"vce-col-inner\" data-vce-do-apply=\"border margin background  el-74526357\"><div class=\"vce-col-content\" data-vce-element-content=\"true\" data-vce-do-apply=\"padding el-74526357\"><div><\/div><\/div><\/div><\/div><div class=\"vce-col vce-col--xs-100p vce-col--xs-visible vce-col--xs-last vce-col--xs-first vce-col--sm-100p vce-col--sm-visible vce-col--sm-last vce-col--sm-first vce-col--md-100p vce-col--md-visible vce-col--md-last vce-col--md-first vce-col--lg-auto vce-col--lg-visible vce-col--xl-auto vce-col--xl-visible\" id=\"el-1464092c\"><div class=\"vce-col-inner\" data-vce-do-apply=\"border margin background  el-1464092c\"><div class=\"vce-col-content\" data-vce-element-content=\"true\" data-vce-do-apply=\"padding el-1464092c\"><div class=\"vce-text-block\"><div class=\"vce-text-block-wrapper vce\" id=\"el-7946dc77\" data-vce-do-apply=\"all el-7946dc77\"><h2 style=\"text-align: center;\">Per a les taules pr\u00e0ctiques<\/h2><\/div><\/div><div class=\"vce-single-image-container logo-familia vce-single-image--align-center\"><div class=\"vce vce-single-image-wrapper\" id=\"el-08c9ea5c\" data-vce-do-apply=\"all el-08c9ea5c\"><figure><div class=\"vce-single-image-figure-inner\" style=\"width: 820px;\"><div class=\"vce-single-image-inner vce-single-image--absolute\" style=\"width: 100%; padding-bottom: 13.6585%;\"><img decoding=\"async\" class=\"vce-single-image\" src=\"https:\/\/canduran.com\/wp\/wp-content\/uploads\/2023\/10\/logo-familia-loncheados-ca.png\" data-img-src=\"https:\/\/canduran.com\/wp\/wp-content\/uploads\/2023\/10\/logo-familia-loncheados-ca.png\" data-attachment-id=\"4257\" alt=\"Llescats\" title=\"logo-familia-loncheados-ca\"><\/div><\/div><figcaption hidden=\"\"><\/figcaption><\/figure><\/div><\/div><div class=\"vce-single-image-container vce-single-image--align-center\"><div class=\"vce vce-single-image-wrapper\" id=\"el-b80e8bcf\" data-vce-do-apply=\"all el-b80e8bcf\"><figure><div class=\"vce-single-image-figure-inner\" style=\"width: 750px;\"><div class=\"vce-single-image-inner vce-single-image--absolute\" style=\"width: 100%; padding-bottom: 66.6667%;\"><img decoding=\"async\" class=\"vce-single-image\"  data-width=\"750\" data-height=\"500\" src=\"https:\/\/canduran.com\/wp\/wp-content\/uploads\/2023\/09\/familia-llescats-bodego-2.jpg?vcv-dynamic-field=featured_image&alt=Llescats&caption=&title=familia-llescats-bodego-2\" data-img-src=\"https:\/\/canduran.com\/wp\/wp-content\/uploads\/2023\/09\/familia-llescats-bodego-2.jpg?vcv-dynamic-field=featured_image&alt=Llescats&caption=&title=familia-llescats-bodego-2\" data-attachment-id=\"76\"  data-dynamic=\"featured_image\" alt=\"Llescats\" title=\"familia-llescats-bodego\" \/><\/div><\/div><figcaption><\/figcaption><\/figure><\/div><\/div><div class=\"vce-text-block\"><div class=\"vce-text-block-wrapper vce\" id=\"el-7c3f25be\" data-vce-do-apply=\"all el-7c3f25be\"><p style=\"text-align: center;\">El format m\u00e9s c\u00f2mode que conserva tot el sabor i propietats de la nostra gamma d'embotits. Sempre llest per fer servir en un entrep\u00e0 o per complementar un plat m\u00e9s gurmet.<\/p><\/div><\/div><\/div><\/div><\/div><div class=\"vce-col vce-col--xs-100p vce-col--xs-visible vce-col--xs-last vce-col--xs-first vce-col--sm-100p vce-col--sm-visible vce-col--sm-last vce-col--sm-first vce-col--md-100p vce-col--md-visible vce-col--md-last vce-col--md-first vce-col--lg-2-12 vce-col--lg-visible vce-col--lg-last vce-col--xl-2-12 vce-col--xl-visible vce-col--xl-last\" id=\"el-c334029c\"><div class=\"vce-col-inner\" data-vce-do-apply=\"border margin background  el-c334029c\"><div class=\"vce-col-content\" data-vce-element-content=\"true\" data-vce-do-apply=\"padding el-c334029c\"><div><\/div><\/div><\/div><\/div><\/div><\/div><\/div><div class=\"vce-row-container\" data-vce-boxed-width=\"true\"><div class=\"vce-row vce-row--col-gap-30 vce-row-content--top\" id=\"el-712cd686\" data-vce-do-apply=\"all el-712cd686\"><div class=\"vce-row-content\" data-vce-element-content=\"true\"><div class=\"vce-col vce-col--md-4-12 vce-col--xs-1 vce-col--xs-last vce-col--xs-first vce-col--sm-last vce-col--sm-first vce-col--md-last vce-col--lg-last vce-col--xl-last vce-col--md-first vce-col--lg-first vce-col--xl-first\" id=\"el-06097235\"><div class=\"vce-col-inner\" data-vce-do-apply=\"border margin background  el-06097235\"><div class=\"vce-col-content\" data-vce-element-content=\"true\" data-vce-do-apply=\"padding el-06097235\"><div><\/div><\/div><\/div><\/div><\/div><\/div><\/div><\/div><\/div><\/div><\/div><\/div><\/div>","protected":false},"excerpt":{"rendered":"<p>Per a les taules pr\u00e0ctiquesEl format m\u00e9s c\u00f2mode que conserva tot el sabor i propietats [&hellip;]<\/p>\n","protected":false},"author":1,"featured_media":4096,"parent":0,"menu_order":0,"comment_status":"closed","ping_status":"closed","template":"page-sliced.php","meta":{"_acf_changed":false,"footnotes":""},"class_list":["post-4067","page","type-page","status-publish","has-post-thumbnail","hentry"],"acf":[],"yoast_head":"<!-- This site is optimized with the Yoast SEO plugin v27.1.1 - https:\/\/yoast.com\/product\/yoast-seo-wordpress\/ -->\n<title>Llescats - Can Duran<\/title>\n<meta name=\"robots\" content=\"index, follow, max-snippet:-1, max-image-preview:large, max-video-preview:-1\" \/>\n<link rel=\"canonical\" href=\"https:\/\/canduran.com\/ca\/llescats\/\" \/>\n<meta property=\"og:locale\" content=\"ca_ES\" \/>\n<meta property=\"og:type\" content=\"article\" \/>\n<meta property=\"og:title\" content=\"Llescats - Can Duran\" \/>\n<meta property=\"og:description\" content=\"Per a les taules pr\u00e0ctiquesEl format m\u00e9s c\u00f2mode que conserva tot el sabor i propietats [&hellip;]\" \/>\n<meta property=\"og:url\" content=\"https:\/\/canduran.com\/ca\/llescats\/\" \/>\n<meta property=\"og:site_name\" content=\"Can Duran\" \/>\n<meta property=\"article:publisher\" content=\"https:\/\/www.facebook.com\/EmbotitsCanDuran\/\" \/>\n<meta property=\"article:modified_time\" content=\"2023-10-17T07:19:38+00:00\" \/>\n<meta property=\"og:image\" content=\"https:\/\/canduran.com\/wp\/wp-content\/uploads\/2023\/09\/familia-llescats-bodego-2.jpg\" \/>\n\t<meta property=\"og:image:width\" content=\"1500\" \/>\n\t<meta property=\"og:image:height\" content=\"1000\" \/>\n\t<meta property=\"og:image:type\" content=\"image\/jpeg\" \/>\n<meta name=\"twitter:card\" content=\"summary_large_image\" \/>\n<script type=\"application\/ld+json\" class=\"yoast-schema-graph\">{\"@context\":\"https:\/\/schema.org\",\"@graph\":[{\"@type\":\"WebPage\",\"@id\":\"https:\/\/canduran.com\/ca\/llescats\/\",\"url\":\"https:\/\/canduran.com\/ca\/llescats\/\",\"name\":\"Llescats - Can Duran\",\"isPartOf\":{\"@id\":\"https:\/\/canduran.com\/ca\/#website\"},\"primaryImageOfPage\":{\"@id\":\"https:\/\/canduran.com\/ca\/llescats\/#primaryimage\"},\"image\":{\"@id\":\"https:\/\/canduran.com\/ca\/llescats\/#primaryimage\"},\"thumbnailUrl\":\"https:\/\/canduran.com\/wp\/wp-content\/uploads\/2023\/09\/familia-llescats-bodego-2.jpg\",\"datePublished\":\"2023-07-13T07:33:12+00:00\",\"dateModified\":\"2023-10-17T07:19:38+00:00\",\"breadcrumb\":{\"@id\":\"https:\/\/canduran.com\/ca\/llescats\/#breadcrumb\"},\"inLanguage\":\"ca\",\"potentialAction\":[{\"@type\":\"ReadAction\",\"target\":[\"https:\/\/canduran.com\/ca\/llescats\/\"]}]},{\"@type\":\"ImageObject\",\"inLanguage\":\"ca\",\"@id\":\"https:\/\/canduran.com\/ca\/llescats\/#primaryimage\",\"url\":\"https:\/\/canduran.com\/wp\/wp-content\/uploads\/2023\/09\/familia-llescats-bodego-2.jpg\",\"contentUrl\":\"https:\/\/canduran.com\/wp\/wp-content\/uploads\/2023\/09\/familia-llescats-bodego-2.jpg\",\"width\":1500,\"height\":1000,\"caption\":\"Llescats\"},{\"@type\":\"BreadcrumbList\",\"@id\":\"https:\/\/canduran.com\/ca\/llescats\/#breadcrumb\",\"itemListElement\":[{\"@type\":\"ListItem\",\"position\":1,\"name\":\"Portada\",\"item\":\"https:\/\/canduran.com\/ca\/home\/\"},{\"@type\":\"ListItem\",\"position\":2,\"name\":\"Llescats\"}]},{\"@type\":\"WebSite\",\"@id\":\"https:\/\/canduran.com\/ca\/#website\",\"url\":\"https:\/\/canduran.com\/ca\/\",\"name\":\"Can Duran\",\"description\":\"\",\"publisher\":{\"@id\":\"https:\/\/canduran.com\/ca\/#organization\"},\"potentialAction\":[{\"@type\":\"SearchAction\",\"target\":{\"@type\":\"EntryPoint\",\"urlTemplate\":\"https:\/\/canduran.com\/ca\/?s={search_term_string}\"},\"query-input\":{\"@type\":\"PropertyValueSpecification\",\"valueRequired\":true,\"valueName\":\"search_term_string\"}}],\"inLanguage\":\"ca\"},{\"@type\":\"Organization\",\"@id\":\"https:\/\/canduran.com\/ca\/#organization\",\"name\":\"Can Duran\",\"url\":\"https:\/\/canduran.com\/ca\/\",\"logo\":{\"@type\":\"ImageObject\",\"inLanguage\":\"ca\",\"@id\":\"https:\/\/canduran.com\/ca\/#\/schema\/logo\/image\/\",\"url\":\"https:\/\/canduran.com\/wp\/wp-content\/uploads\/2019\/06\/logo-header.png\",\"contentUrl\":\"https:\/\/canduran.com\/wp\/wp-content\/uploads\/2019\/06\/logo-header.png\",\"width\":208,\"height\":140,\"caption\":\"Can Duran\"},\"image\":{\"@id\":\"https:\/\/canduran.com\/ca\/#\/schema\/logo\/image\/\"},\"sameAs\":[\"https:\/\/www.facebook.com\/EmbotitsCanDuran\/\",\"https:\/\/www.instagram.com\/canduranembutidos\/\"]}]}<\/script>\n<!-- \/ Yoast SEO plugin. -->","yoast_head_json":{"title":"Llescats - Can Duran","robots":{"index":"index","follow":"follow","max-snippet":"max-snippet:-1","max-image-preview":"max-image-preview:large","max-video-preview":"max-video-preview:-1"},"canonical":"https:\/\/canduran.com\/ca\/llescats\/","og_locale":"ca_ES","og_type":"article","og_title":"Llescats - Can Duran","og_description":"Per a les taules pr\u00e0ctiquesEl format m\u00e9s c\u00f2mode que conserva tot el sabor i propietats [&hellip;]","og_url":"https:\/\/canduran.com\/ca\/llescats\/","og_site_name":"Can Duran","article_publisher":"https:\/\/www.facebook.com\/EmbotitsCanDuran\/","article_modified_time":"2023-10-17T07:19:38+00:00","og_image":[{"width":1500,"height":1000,"url":"https:\/\/canduran.com\/wp\/wp-content\/uploads\/2023\/09\/familia-llescats-bodego-2.jpg","type":"image\/jpeg"}],"twitter_card":"summary_large_image","schema":{"@context":"https:\/\/schema.org","@graph":[{"@type":"WebPage","@id":"https:\/\/canduran.com\/ca\/llescats\/","url":"https:\/\/canduran.com\/ca\/llescats\/","name":"Llescats - Can Duran","isPartOf":{"@id":"https:\/\/canduran.com\/ca\/#website"},"primaryImageOfPage":{"@id":"https:\/\/canduran.com\/ca\/llescats\/#primaryimage"},"image":{"@id":"https:\/\/canduran.com\/ca\/llescats\/#primaryimage"},"thumbnailUrl":"https:\/\/canduran.com\/wp\/wp-content\/uploads\/2023\/09\/familia-llescats-bodego-2.jpg","datePublished":"2023-07-13T07:33:12+00:00","dateModified":"2023-10-17T07:19:38+00:00","breadcrumb":{"@id":"https:\/\/canduran.com\/ca\/llescats\/#breadcrumb"},"inLanguage":"ca","potentialAction":[{"@type":"ReadAction","target":["https:\/\/canduran.com\/ca\/llescats\/"]}]},{"@type":"ImageObject","inLanguage":"ca","@id":"https:\/\/canduran.com\/ca\/llescats\/#primaryimage","url":"https:\/\/canduran.com\/wp\/wp-content\/uploads\/2023\/09\/familia-llescats-bodego-2.jpg","contentUrl":"https:\/\/canduran.com\/wp\/wp-content\/uploads\/2023\/09\/familia-llescats-bodego-2.jpg","width":1500,"height":1000,"caption":"Llescats"},{"@type":"BreadcrumbList","@id":"https:\/\/canduran.com\/ca\/llescats\/#breadcrumb","itemListElement":[{"@type":"ListItem","position":1,"name":"Portada","item":"https:\/\/canduran.com\/ca\/home\/"},{"@type":"ListItem","position":2,"name":"Llescats"}]},{"@type":"WebSite","@id":"https:\/\/canduran.com\/ca\/#website","url":"https:\/\/canduran.com\/ca\/","name":"Can Duran","description":"","publisher":{"@id":"https:\/\/canduran.com\/ca\/#organization"},"potentialAction":[{"@type":"SearchAction","target":{"@type":"EntryPoint","urlTemplate":"https:\/\/canduran.com\/ca\/?s={search_term_string}"},"query-input":{"@type":"PropertyValueSpecification","valueRequired":true,"valueName":"search_term_string"}}],"inLanguage":"ca"},{"@type":"Organization","@id":"https:\/\/canduran.com\/ca\/#organization","name":"Can Duran","url":"https:\/\/canduran.com\/ca\/","logo":{"@type":"ImageObject","inLanguage":"ca","@id":"https:\/\/canduran.com\/ca\/#\/schema\/logo\/image\/","url":"https:\/\/canduran.com\/wp\/wp-content\/uploads\/2019\/06\/logo-header.png","contentUrl":"https:\/\/canduran.com\/wp\/wp-content\/uploads\/2019\/06\/logo-header.png","width":208,"height":140,"caption":"Can Duran"},"image":{"@id":"https:\/\/canduran.com\/ca\/#\/schema\/logo\/image\/"},"sameAs":["https:\/\/www.facebook.com\/EmbotitsCanDuran\/","https:\/\/www.instagram.com\/canduranembutidos\/"]}]}},"_links":{"self":[{"href":"https:\/\/canduran.com\/ca\/wp-json\/wp\/v2\/pages\/4067","targetHints":{"allow":["GET"]}}],"collection":[{"href":"https:\/\/canduran.com\/ca\/wp-json\/wp\/v2\/pages"}],"about":[{"href":"https:\/\/canduran.com\/ca\/wp-json\/wp\/v2\/types\/page"}],"author":[{"embeddable":true,"href":"https:\/\/canduran.com\/ca\/wp-json\/wp\/v2\/users\/1"}],"replies":[{"embeddable":true,"href":"https:\/\/canduran.com\/ca\/wp-json\/wp\/v2\/comments?post=4067"}],"version-history":[{"count":20,"href":"https:\/\/canduran.com\/ca\/wp-json\/wp\/v2\/pages\/4067\/revisions"}],"predecessor-version":[{"id":4285,"href":"https:\/\/canduran.com\/ca\/wp-json\/wp\/v2\/pages\/4067\/revisions\/4285"}],"wp:featuredmedia":[{"embeddable":true,"href":"https:\/\/canduran.com\/ca\/wp-json\/wp\/v2\/media\/4096"}],"wp:attachment":[{"href":"https:\/\/canduran.com\/ca\/wp-json\/wp\/v2\/media?parent=4067"}],"curies":[{"name":"wp","href":"https:\/\/api.w.org\/{rel}","templated":true}]}}