{"id":2707,"date":"2019-06-20T16:03:02","date_gmt":"2019-06-20T14:03:02","guid":{"rendered":"https:\/\/canduran.com\/wp\/home\/"},"modified":"2023-10-17T09:44:47","modified_gmt":"2023-10-17T07:44:47","slug":"home","status":"publish","type":"page","link":"https:\/\/canduran.com\/fr\/","title":{"rendered":"Home"},"content":{"rendered":"<div class=\"vce-row-container\"><div class=\"vce-row vce-element--has-background vce-row--col-gap-30 vce-row-content--top\" data-vce-full-width=\"true\" id=\"el-b550ac4d\" data-vce-do-apply=\"all el-b550ac4d\"><div class=\"vce-content-background-container\"><\/div><div class=\"vce-row-content\" data-vce-element-content=\"true\"><div class=\"vce-col vce-col--xs-100p vce-col--xs-visible vce-col--xs-last vce-col--xs-first vce-col--sm-100p vce-col--sm-visible vce-col--sm-last vce-col--sm-first vce-col--md-100p vce-col--md-visible vce-col--md-last vce-col--md-first vce-col--lg-100p vce-col--lg-visible vce-col--lg-last vce-col--lg-first vce-col--xl-1-12 vce-col--xl-visible vce-col--xl-first\" id=\"el-7bbfc568\"><div class=\"vce-col-inner\" data-vce-do-apply=\"border margin background  el-7bbfc568\"><div class=\"vce-col-content\" data-vce-element-content=\"true\" data-vce-do-apply=\"padding el-7bbfc568\"><div><\/div><\/div><\/div><\/div><div class=\"vce-col vce-col--xs-100p vce-col--xs-visible vce-col--xs-last vce-col--xs-first vce-col--sm-100p vce-col--sm-visible vce-col--sm-last vce-col--sm-first vce-col--md-100p vce-col--md-visible vce-col--md-last vce-col--md-first vce-col--lg-100p vce-col--lg-visible vce-col--lg-last vce-col--lg-first vce-col--xl-auto vce-col--xl-visible\" id=\"el-c600b4fc\"><div class=\"vce-col-inner\" data-vce-do-apply=\"border margin background  el-c600b4fc\"><div class=\"vce-col-content\" data-vce-element-content=\"true\" data-vce-do-apply=\"padding el-c600b4fc\"><div class=\"vce-raw-html video-home\"><div class=\"vce-raw-html-wrapper\" id=\"el-cb410fa1\" data-vce-do-apply=\"all el-cb410fa1\"><video width=\"944\" height=\"528\" playsinline=\"\" autoplay=\"\" muted=\"\" loop=\"\">\n\t<source src=\"https:\/\/canduran.com\/wp\/wp-content\/uploads\/2019\/07\/CanDuran-video-home.mp4\" type=\"video\/mp4\">\n<\/video>\n<div class=\"video-final\" style=\"background-image:url('https:\/\/canduran.com\/wp\/wp-content\/uploads\/2019\/11\/home-video-final-fr-2x.png')\"><\/div><\/div><\/div><\/div><\/div><\/div><div class=\"vce-col vce-col--xs-100p vce-col--xs-visible vce-col--xs-last vce-col--xs-first vce-col--sm-100p vce-col--sm-visible vce-col--sm-last vce-col--sm-first vce-col--md-100p vce-col--md-visible vce-col--md-last vce-col--md-first vce-col--lg-100p vce-col--lg-visible vce-col--lg-last vce-col--lg-first vce-col--xl-1-12 vce-col--xl-visible vce-col--xl-last\" id=\"el-dae083ed\"><div class=\"vce-col-inner\" data-vce-do-apply=\"border margin background  el-dae083ed\"><div class=\"vce-col-content\" data-vce-element-content=\"true\" data-vce-do-apply=\"padding el-dae083ed\"><div><\/div><\/div><\/div><\/div><\/div><\/div><\/div><div class=\"vce-row-container\" data-vce-boxed-width=\"true\"><div class=\"vce-row vce-row--col-gap-30 vce-row-content--top\" id=\"el-6b526048\" data-vce-do-apply=\"all el-6b526048\"><div class=\"vce-content-background-container\"><\/div><div class=\"vce-row-content\" data-vce-element-content=\"true\"><div class=\"vce-col vce-col--md-auto vce-col--xs-1 vce-col--xs-last vce-col--xs-first vce-col--sm-last vce-col--sm-first vce-col--md-last vce-col--lg-last vce-col--xl-last vce-col--md-first vce-col--lg-first vce-col--xl-first\" id=\"el-b502b801\"><div class=\"vce-col-inner\" data-vce-do-apply=\"border margin background  el-b502b801\"><div class=\"vce-col-content\" data-vce-element-content=\"true\" data-vce-do-apply=\"padding el-b502b801\"><div class=\"vce-text-block\"><div class=\"vce-text-block-wrapper vce\" id=\"el-df1c60c8\" data-vce-do-apply=\"all el-df1c60c8\"><h1 style=\"text-align: center;\">Nous \u00e9laborons des saucissons<br>de qualit\u00e9 depuis 1946.<\/h1><\/div><\/div><div class=\"vce-row-container\" data-vce-boxed-width=\"true\"><div class=\"vce-row vce-row--col-gap-0 vce-row-content--top\" id=\"el-0e75e3af\" data-vce-do-apply=\"all el-0e75e3af\"><div class=\"vce-content-background-container\"><\/div><div class=\"vce-row-content\" data-vce-element-content=\"true\"><div class=\"vce-col vce-col--xs-auto vce-col--all-first\" id=\"el-999bfdf4\"><div class=\"vce-col-inner\" data-vce-do-apply=\"border margin background  el-999bfdf4\"><div class=\"vce-content-background-container\"><\/div><div class=\"vce-col-content\" data-vce-element-content=\"true\" data-vce-do-apply=\"padding el-999bfdf4\"><div><\/div><\/div><\/div><\/div><div class=\"vce-col vce-col--xs-auto vce-col--all-last\" id=\"el-36d1ebd3\"><div class=\"vce-col-inner\" data-vce-do-apply=\"border margin background  el-36d1ebd3\"><div class=\"vce-col-content\" data-vce-element-content=\"true\" data-vce-do-apply=\"padding el-36d1ebd3\"><div><\/div><\/div><\/div><\/div><\/div><\/div><\/div><div class=\"vce-row-container\" data-vce-boxed-width=\"true\"><div class=\"vce-row vce-row--col-gap-30 vce-row-content--top\" id=\"el-af82cfbb\" data-vce-do-apply=\"all el-af82cfbb\"><div class=\"vce-row-content\" data-vce-element-content=\"true\"><div class=\"vce-col vce-col--md-30p vce-col--xs-1 vce-col--xs-last vce-col--xs-first vce-col--sm-last vce-col--sm-first vce-col--md-first vce-col--lg-first vce-col--xl-first\" id=\"el-bdeeb47a\"><div class=\"vce-col-inner\" data-vce-do-apply=\"border margin background  el-bdeeb47a\"><div class=\"vce-col-content\" data-vce-element-content=\"true\" data-vce-do-apply=\"padding el-bdeeb47a\"><div><\/div><\/div><\/div><\/div><div class=\"vce-col vce-col--md-40p vce-col--xs-1 vce-col--xs-last vce-col--xs-first vce-col--sm-last vce-col--sm-first\" id=\"el-48537277\"><div class=\"vce-col-inner\" data-vce-do-apply=\"border margin background  el-48537277\"><div class=\"vce-col-content\" data-vce-element-content=\"true\" data-vce-do-apply=\"padding el-48537277\"><div class=\"vce-text-block\"><div class=\"vce-text-block-wrapper vce\" id=\"el-34e61cf2\" data-vce-do-apply=\"all el-34e61cf2\"><p style=\"text-align: center;\">En outre, nous en faisons d\u00e9sormais pour tout le monde. Pour les plus traditionnels, pour ceux qui prennent soin d\u2019eux, ou encore pour ceux qui veulent en emporter. Nous avons un saucisson pour chaque table.<\/p><\/div><\/div><\/div><\/div><\/div><div class=\"vce-col vce-col--md-30p vce-col--xs-1 vce-col--xs-last vce-col--xs-first vce-col--sm-last vce-col--sm-first vce-col--md-last vce-col--lg-last vce-col--xl-last\" id=\"el-1615c571\"><div class=\"vce-col-inner\" data-vce-do-apply=\"border margin background  el-1615c571\"><div class=\"vce-col-content\" data-vce-element-content=\"true\" data-vce-do-apply=\"padding el-1615c571\"><div><\/div><\/div><\/div><\/div><\/div><\/div><\/div><div class=\"vce-single-image-container retina vce-single-image--align-right\" id=\"segell\"><div class=\"vce vce-single-image-wrapper\" id=\"el-5b4d9a9a\" data-vce-do-apply=\"all el-5b4d9a9a\"><figure><div class=\"vce-single-image-figure-inner\" style=\"width: 320px;\"><div class=\"vce-single-image-inner vce-single-image--absolute\" style=\"width: 100%; padding-bottom: 100%;\"><img decoding=\"async\" class=\"vce-single-image\" src=\"https:\/\/canduran.com\/wp\/wp-content\/uploads\/2019\/06\/segell-qualitate.png\" data-img-src=\"https:\/\/canduran.com\/wp\/wp-content\/uploads\/2019\/06\/segell-qualitate.png\" data-attachment-id=\"184\" alt=\"\" title=\"segell-qualitate\"><\/div><\/div><figcaption hidden=\"\"><\/figcaption><\/figure><\/div><\/div><\/div><\/div><\/div><\/div><\/div><\/div><div class=\"vce-row-container\"><div class=\"vce-row vce-element--has-background vce-row--col-gap-30 vce-row-content--top\" data-vce-full-width=\"true\" id=\"el-77ac9f8c\" data-vce-do-apply=\"all el-77ac9f8c\"><div class=\"vce-content-background-container\"><\/div><div class=\"vce-row-content\" data-vce-element-content=\"true\"><div class=\"vce-col vce-col--md-auto vce-col--xs-1 vce-col--xs-last vce-col--xs-first vce-col--sm-last vce-col--sm-first vce-col--md-last vce-col--lg-last vce-col--xl-last vce-col--md-first vce-col--lg-first vce-col--xl-first\" id=\"el-fba34382\"><div class=\"vce-col-inner\" data-vce-do-apply=\"border margin background  el-fba34382\"><div class=\"vce-col-content\" data-vce-element-content=\"true\" data-vce-do-apply=\"padding el-fba34382\"><div class=\"vce-text-block\"><div class=\"vce-text-block-wrapper vce\" id=\"el-7a8124f7\" data-vce-do-apply=\"all el-7a8124f7\"><h3 style=\"text-align: center;\">Nos marques<\/h3><\/div><\/div><div class=\"vce-row-container\" data-vce-boxed-width=\"true\"><div class=\"vce-row vce-row--col-gap-20 home-families vce-row-equal-height vce-row-content--top\" id=\"el-0506a3bf\" data-vce-do-apply=\"all el-0506a3bf\"><div class=\"vce-content-background-container\"><\/div><div class=\"vce-row-content\" data-vce-element-content=\"true\"><div class=\"vce-col vce-col--xs-100p vce-col--xs-visible vce-col--xs-last vce-col--xs-first vce-col--sm-50p vce-col--sm-visible vce-col--sm-first vce-col--md-50p vce-col--md-visible vce-col--md-first vce-col--lg-auto vce-col--lg-visible vce-col--lg-first vce-col--xl-auto vce-col--xl-visible vce-col--xl-first\" id=\"el-75f724d6\"><div class=\"vce-col-inner\" data-vce-do-apply=\"border margin background  el-75f724d6\"><div class=\"vce-content-background-container\"><\/div><div class=\"vce-col-content\" data-vce-element-content=\"true\" data-vce-do-apply=\"padding el-75f724d6\"><div class=\"vce-text-block home-marcas\"><div class=\"vce-text-block-wrapper vce\" id=\"el-53d8298c\" data-vce-do-apply=\"all el-53d8298c\"><p style=\"text-align: center;\"><span style=\"font-size: 24pt;\"><a href=\"https:\/\/canduran.com\/fr\/igp\/\"><span style=\"font-family: 'Crimson Text'; font-weight: bold; font-style: normal;\">IGP<\/span><\/a><\/span><\/p><\/div><\/div><div class=\"vce-text-block\"><div class=\"vce-text-block-wrapper vce\" id=\"el-7494d9c2\" data-vce-do-apply=\"all el-7494d9c2\"><p style=\"text-align: center;\"><span style=\"color: #af976d;\">Pour les tables avec origine.<\/span><br>L'authentique saucisson de Vic avec indication g\u00e9ographique.<\/p><\/div><\/div><div class=\"vce-text-block home-veure-productes\"><div class=\"vce-text-block-wrapper vce\" id=\"el-4f946559\" data-vce-do-apply=\"all el-4f946559\"><p style=\"text-align: center;\"><a href=\"https:\/\/canduran.com\/fr\/igp\/\">Voir les produits<\/a><\/p><\/div><\/div><\/div><\/div><\/div><div class=\"vce-col vce-col--xs-100p vce-col--xs-visible vce-col--xs-last vce-col--xs-first vce-col--sm-50p vce-col--sm-visible vce-col--sm-last vce-col--md-50p vce-col--md-visible vce-col--md-last vce-col--lg-auto vce-col--lg-visible vce-col--xl-auto vce-col--xl-visible\" id=\"el-a2f7f77d\"><div class=\"vce-col-inner\" data-vce-do-apply=\"border margin background  el-a2f7f77d\"><div class=\"vce-content-background-container\"><\/div><div class=\"vce-col-content\" data-vce-element-content=\"true\" data-vce-do-apply=\"padding el-a2f7f77d\"><div class=\"vce-single-image-container retina vce-single-image--align-center\"><div class=\"vce vce-single-image-wrapper\" id=\"el-f1d2e03e\" data-vce-do-apply=\"all el-f1d2e03e\"><figure><div class=\"vce-single-image-figure-inner\" style=\"width: 320px;\"><a href=\"https:\/\/canduran.com\/fr\/exentis\/\" title=\"\" class=\"vce-single-image-inner vce-single-image--absolute\" style=\"width: 100%; padding-bottom: 56.25%;\"><img decoding=\"async\" class=\"vce-single-image\" src=\"https:\/\/canduran.com\/wp\/wp-content\/uploads\/2019\/06\/home-families-exentis-2x.png\" data-img-src=\"https:\/\/canduran.com\/wp\/wp-content\/uploads\/2019\/06\/home-families-exentis-2x.png\" data-attachment-id=\"165\" alt=\"\" title=\"home-families-exentis-2x\"><\/a><\/div><figcaption hidden=\"\"><\/figcaption><\/figure><\/div><\/div><div class=\"vce-text-block\"><div class=\"vce-text-block-wrapper vce\" id=\"el-acc55d73\" data-vce-do-apply=\"all el-acc55d73\"><p style=\"text-align: center;\"><span style=\"color: #af976d;\">Pour toutes les tables.<br><\/span>Exentis est la gamme de saucissons les plus sains et naturels, sans allerg\u00e8nes.<\/p><\/div><\/div><div class=\"vce-text-block home-veure-productes\"><div class=\"vce-text-block-wrapper vce\" id=\"el-aa9002bd\" data-vce-do-apply=\"all el-aa9002bd\"><p style=\"text-align: center;\"><a href=\"https:\/\/canduran.com\/fr\/exentis\/\">Voir les produits<\/a><\/p><\/div><\/div><\/div><\/div><\/div><div class=\"vce-col vce-col--xs-100p vce-col--xs-visible vce-col--xs-last vce-col--xs-first vce-col--sm-50p vce-col--sm-visible vce-col--sm-first vce-col--md-50p vce-col--md-visible vce-col--md-first vce-col--lg-auto vce-col--lg-visible vce-col--xl-auto vce-col--xl-visible\" id=\"el-56c45d77\"><div class=\"vce-col-inner\" data-vce-do-apply=\"border margin background  el-56c45d77\"><div class=\"vce-content-background-container\"><\/div><div class=\"vce-col-content\" data-vce-element-content=\"true\" data-vce-do-apply=\"padding el-56c45d77\"><div class=\"vce-single-image-container retina vce-single-image--align-center\"><div class=\"vce vce-single-image-wrapper\" id=\"el-148b995f\" data-vce-do-apply=\"all el-148b995f\"><figure><div class=\"vce-single-image-figure-inner\" style=\"width: 320px;\"><a href=\"https:\/\/canduran.com\/fr\/urban-picnic\/\" title=\"\" class=\"vce-single-image-inner vce-single-image--absolute\" style=\"width: 100%; padding-bottom: 56.25%;\"><img decoding=\"async\" class=\"vce-single-image\" src=\"https:\/\/canduran.com\/wp\/wp-content\/uploads\/2019\/06\/home-families-urbanpicnic-2x.png\" data-img-src=\"https:\/\/canduran.com\/wp\/wp-content\/uploads\/2019\/06\/home-families-urbanpicnic-2x.png\" data-attachment-id=\"171\" alt=\"\" title=\"home-families-urbanpicnic-2x\"><\/a><\/div><figcaption hidden=\"\"><\/figcaption><\/figure><\/div><\/div><div class=\"vce-text-block\"><div class=\"vce-text-block-wrapper vce\" id=\"el-26ed9783\" data-vce-do-apply=\"all el-26ed9783\"><p style=\"text-align: center;\"><span style=\"color: #af976d;\">Pour ceux qui se passent de table.<br><\/span>Urban picnic est la qualit\u00e9 Exentis \u00e0 d\u00e9guster n\u2019importer o\u00f9.<\/p><\/div><\/div><div class=\"vce-text-block home-veure-productes\"><div class=\"vce-text-block-wrapper vce\" id=\"el-534e1ac9\" data-vce-do-apply=\"all el-534e1ac9\"><p style=\"text-align: center;\"><a href=\"https:\/\/canduran.com\/fr\/urban-picnic\/\">Voir les produits<\/a><\/p><\/div><\/div><\/div><\/div><\/div><div class=\"vce-col vce-col--xs-100p vce-col--xs-visible vce-col--xs-last vce-col--xs-first vce-col--sm-50p vce-col--sm-visible vce-col--sm-last vce-col--md-50p vce-col--md-visible vce-col--md-last vce-col--lg-auto vce-col--lg-visible vce-col--xl-auto vce-col--xl-visible\" id=\"el-46c09dde\"><div class=\"vce-col-inner\" data-vce-do-apply=\"border margin background  el-46c09dde\"><div class=\"vce-content-background-container\"><\/div><div class=\"vce-col-content\" data-vce-element-content=\"true\" data-vce-do-apply=\"padding el-46c09dde\"><div class=\"vce-text-block home-marcas\"><div class=\"vce-text-block-wrapper vce\" id=\"el-57916650\" data-vce-do-apply=\"all el-57916650\"><p style=\"text-align: center;\"><a href=\"https:\/\/canduran.com\/fr\/traditionnel\/\"><span style=\"font-size: 24pt; font-family: 'Crimson Text'; font-weight: bold; font-style: normal;\">Traditionnel<\/span><\/a><\/p><\/div><\/div><div class=\"vce-text-block\"><div class=\"vce-text-block-wrapper vce\" id=\"el-88611adf\" data-vce-do-apply=\"all el-88611adf\"><p style=\"text-align: center;\"><span style=\"color: #af976d;\">Pour les tables traditionnelles.<br><\/span>Produits de qualit\u00e9, recette traditionnelle.<\/p><\/div><\/div><div class=\"vce-text-block home-veure-productes\"><div class=\"vce-text-block-wrapper vce\" id=\"el-37cc58ac\" data-vce-do-apply=\"all el-37cc58ac\"><p style=\"text-align: center;\"><a href=\"https:\/\/canduran.com\/fr\/traditionnel\/\">Voir les produits<\/a><\/p><\/div><\/div><\/div><\/div><\/div><div class=\"vce-col vce-col--xs-100p vce-col--xs-visible vce-col--xs-last vce-col--xs-first vce-col--sm-50p vce-col--sm-visible vce-col--sm-last vce-col--sm-first vce-col--md-50p vce-col--md-visible vce-col--md-last vce-col--md-first vce-col--lg-auto vce-col--lg-visible vce-col--lg-last vce-col--xl-auto vce-col--xl-visible vce-col--xl-last\" id=\"el-5edce150\"><div class=\"vce-col-inner\" data-vce-do-apply=\"border margin background  el-5edce150\"><div class=\"vce-content-background-container\"><\/div><div class=\"vce-col-content\" data-vce-element-content=\"true\" data-vce-do-apply=\"padding el-5edce150\"><div class=\"vce-text-block home-marcas\"><div class=\"vce-text-block-wrapper vce\" id=\"el-50006286\" data-vce-do-apply=\"all el-50006286\"><p style=\"text-align: center;\"><a href=\"https:\/\/canduran.com\/fr\/decoupe-en-tranches\/\"><span style=\"font-size: 24pt; font-family: 'Crimson Text'; font-weight: bold; font-style: normal;\">Tranch\u00e9<\/span><\/a><\/p><\/div><\/div><div class=\"vce-text-block\"><div class=\"vce-text-block-wrapper vce\" id=\"el-923fe399\" data-vce-do-apply=\"all el-923fe399\"><p style=\"text-align: center;\"><span style=\"color: #af976d;\">Pour des tables pratiques.<br><\/span>Le format tranch\u00e9 pr\u00eat \u00e0 servir et pr\u00e9servant toute la saveur.<\/p><\/div><\/div><div class=\"vce-text-block home-veure-productes\"><div class=\"vce-text-block-wrapper vce\" id=\"el-7f367014\" data-vce-do-apply=\"all el-7f367014\"><p style=\"text-align: center;\"><a href=\"https:\/\/canduran.com\/fr\/decoupe-en-tranches\/\">Voir les produits<\/a><\/p><\/div><\/div><\/div><\/div><\/div><\/div><\/div><\/div><div class=\"vce-row-container\" data-vce-boxed-width=\"true\"><div class=\"vce-row vce-row--col-gap-30 vce-row-content--top\" id=\"el-f14177b6\" data-vce-do-apply=\"all el-f14177b6\"><div class=\"vce-row-content\" data-vce-element-content=\"true\"><div class=\"vce-col vce-col--md-auto vce-col--xs-1 vce-col--xs-last vce-col--xs-first vce-col--sm-last vce-col--sm-first vce-col--md-last vce-col--lg-last vce-col--xl-last vce-col--md-first vce-col--lg-first vce-col--xl-first\" id=\"el-7dfd6b5a\"><div class=\"vce-col-inner\" data-vce-do-apply=\"border margin background  el-7dfd6b5a\"><div class=\"vce-col-content\" data-vce-element-content=\"true\" data-vce-do-apply=\"padding el-7dfd6b5a\"><div class=\"vce-single-image-container atrezzo vce-single-image--align-left\"><div class=\"vce vce-single-image-wrapper\" id=\"el-9d2b6d6c\" data-vce-do-apply=\"all el-9d2b6d6c\"><figure><div class=\"vce-single-image-figure-inner\" style=\"width: 500px;\"><div class=\"vce-single-image-inner vce-single-image--absolute\" style=\"width: 100%; padding-bottom: 99.8%;\"><img loading=\"lazy\" decoding=\"async\" class=\"vce-single-image\"  width=\"500\" height=\"499\" srcset=\"https:\/\/canduran.com\/wp\/wp-content\/uploads\/2023\/10\/atrezzo-home-320x319.png 320w, https:\/\/canduran.com\/wp\/wp-content\/uploads\/2023\/10\/atrezzo-home-480x479.png 480w, https:\/\/canduran.com\/wp\/wp-content\/uploads\/2023\/10\/atrezzo-home-500x499.png 500w\" src=\"https:\/\/canduran.com\/wp\/wp-content\/uploads\/2023\/10\/atrezzo-home-500x499.png\" data-img-src=\"https:\/\/canduran.com\/wp\/wp-content\/uploads\/2019\/10\/atrezzo-home.png\" data-attachment-id=\"2586\"  alt=\"\" title=\"atrezzo-home\" \/><\/div><\/div><figcaption hidden=\"\"><\/figcaption><\/figure><\/div><\/div><\/div><\/div><\/div><\/div><\/div><\/div><\/div><\/div><\/div><\/div><\/div><\/div><div class=\"vce-row-container\" data-vce-boxed-width=\"true\"><div class=\"vce-row vce-row--col-gap-30 vce-row-content--top\" id=\"el-b2a79791\" data-vce-do-apply=\"all el-b2a79791\"><div class=\"vce-row-content\" data-vce-element-content=\"true\"><div class=\"vce-col vce-col--md-auto vce-col--xs-1 vce-col--xs-last vce-col--xs-first vce-col--sm-last vce-col--sm-first vce-col--md-last vce-col--lg-last vce-col--xl-last vce-col--md-first vce-col--lg-first vce-col--xl-first\" id=\"el-df48e509\"><div class=\"vce-col-inner\" data-vce-do-apply=\"border margin background  el-df48e509\"><div class=\"vce-content-background-container\"><\/div><div class=\"vce-col-content\" data-vce-element-content=\"true\" data-vce-do-apply=\"padding el-df48e509\"><div><\/div><\/div><\/div><\/div><\/div><\/div><\/div>","protected":false},"excerpt":{"rendered":"<p>Nous \u00e9laborons des saucissonsde qualit\u00e9 depuis 1946.En outre, nous en faisons d\u00e9sormais pour tout le [&hellip;]<\/p>\n","protected":false},"author":1,"featured_media":0,"parent":0,"menu_order":0,"comment_status":"closed","ping_status":"closed","template":"","meta":{"_acf_changed":false,"footnotes":""},"class_list":["post-2707","page","type-page","status-publish","hentry"],"acf":[],"yoast_head":"<!-- This site is optimized with the Yoast SEO plugin v27.1.1 - https:\/\/yoast.com\/product\/yoast-seo-wordpress\/ -->\n<title>Home - Can Duran<\/title>\n<meta name=\"robots\" content=\"index, follow, max-snippet:-1, max-image-preview:large, max-video-preview:-1\" \/>\n<link rel=\"canonical\" href=\"https:\/\/canduran.com\/fr\/\" \/>\n<meta property=\"og:locale\" content=\"fr_FR\" \/>\n<meta property=\"og:type\" content=\"article\" \/>\n<meta property=\"og:title\" content=\"Home - Can Duran\" \/>\n<meta property=\"og:description\" content=\"Nous \u00e9laborons des saucissonsde qualit\u00e9 depuis 1946.En outre, nous en faisons d\u00e9sormais pour tout le [&hellip;]\" \/>\n<meta property=\"og:url\" content=\"https:\/\/canduran.com\/fr\/\" \/>\n<meta property=\"og:site_name\" content=\"Can Duran\" \/>\n<meta property=\"article:publisher\" content=\"https:\/\/www.facebook.com\/EmbotitsCanDuran\/\" \/>\n<meta property=\"article:modified_time\" content=\"2023-10-17T07:44:47+00:00\" \/>\n<meta name=\"twitter:card\" content=\"summary_large_image\" \/>\n<meta name=\"twitter:label1\" content=\"Dur\u00e9e de lecture estim\u00e9e\" \/>\n\t<meta name=\"twitter:data1\" content=\"1 minute\" \/>\n<script type=\"application\/ld+json\" class=\"yoast-schema-graph\">{\"@context\":\"https:\/\/schema.org\",\"@graph\":[{\"@type\":\"WebPage\",\"@id\":\"https:\/\/canduran.com\/fr\/\",\"url\":\"https:\/\/canduran.com\/fr\/\",\"name\":\"Home - Can Duran\",\"isPartOf\":{\"@id\":\"https:\/\/canduran.com\/fr\/#website\"},\"datePublished\":\"2019-06-20T14:03:02+00:00\",\"dateModified\":\"2023-10-17T07:44:47+00:00\",\"breadcrumb\":{\"@id\":\"https:\/\/canduran.com\/fr\/#breadcrumb\"},\"inLanguage\":\"fr-FR\",\"potentialAction\":[{\"@type\":\"ReadAction\",\"target\":[\"https:\/\/canduran.com\/fr\/\"]}]},{\"@type\":\"BreadcrumbList\",\"@id\":\"https:\/\/canduran.com\/fr\/#breadcrumb\",\"itemListElement\":[{\"@type\":\"ListItem\",\"position\":1,\"name\":\"Portada\",\"item\":\"https:\/\/canduran.com\/fr\/home\/\"},{\"@type\":\"ListItem\",\"position\":2,\"name\":\"Home\"}]},{\"@type\":\"WebSite\",\"@id\":\"https:\/\/canduran.com\/fr\/#website\",\"url\":\"https:\/\/canduran.com\/fr\/\",\"name\":\"Can Duran\",\"description\":\"\",\"publisher\":{\"@id\":\"https:\/\/canduran.com\/fr\/#organization\"},\"potentialAction\":[{\"@type\":\"SearchAction\",\"target\":{\"@type\":\"EntryPoint\",\"urlTemplate\":\"https:\/\/canduran.com\/fr\/?s={search_term_string}\"},\"query-input\":{\"@type\":\"PropertyValueSpecification\",\"valueRequired\":true,\"valueName\":\"search_term_string\"}}],\"inLanguage\":\"fr-FR\"},{\"@type\":\"Organization\",\"@id\":\"https:\/\/canduran.com\/fr\/#organization\",\"name\":\"Can Duran\",\"url\":\"https:\/\/canduran.com\/fr\/\",\"logo\":{\"@type\":\"ImageObject\",\"inLanguage\":\"fr-FR\",\"@id\":\"https:\/\/canduran.com\/fr\/#\/schema\/logo\/image\/\",\"url\":\"https:\/\/canduran.com\/wp\/wp-content\/uploads\/2019\/06\/logo-header.png\",\"contentUrl\":\"https:\/\/canduran.com\/wp\/wp-content\/uploads\/2019\/06\/logo-header.png\",\"width\":208,\"height\":140,\"caption\":\"Can Duran\"},\"image\":{\"@id\":\"https:\/\/canduran.com\/fr\/#\/schema\/logo\/image\/\"},\"sameAs\":[\"https:\/\/www.facebook.com\/EmbotitsCanDuran\/\",\"https:\/\/www.instagram.com\/canduranembutidos\/\"]}]}<\/script>\n<!-- \/ Yoast SEO plugin. -->","yoast_head_json":{"title":"Home - Can Duran","robots":{"index":"index","follow":"follow","max-snippet":"max-snippet:-1","max-image-preview":"max-image-preview:large","max-video-preview":"max-video-preview:-1"},"canonical":"https:\/\/canduran.com\/fr\/","og_locale":"fr_FR","og_type":"article","og_title":"Home - Can Duran","og_description":"Nous \u00e9laborons des saucissonsde qualit\u00e9 depuis 1946.En outre, nous en faisons d\u00e9sormais pour tout le [&hellip;]","og_url":"https:\/\/canduran.com\/fr\/","og_site_name":"Can Duran","article_publisher":"https:\/\/www.facebook.com\/EmbotitsCanDuran\/","article_modified_time":"2023-10-17T07:44:47+00:00","twitter_card":"summary_large_image","twitter_misc":{"Dur\u00e9e de lecture estim\u00e9e":"1 minute"},"schema":{"@context":"https:\/\/schema.org","@graph":[{"@type":"WebPage","@id":"https:\/\/canduran.com\/fr\/","url":"https:\/\/canduran.com\/fr\/","name":"Home - Can Duran","isPartOf":{"@id":"https:\/\/canduran.com\/fr\/#website"},"datePublished":"2019-06-20T14:03:02+00:00","dateModified":"2023-10-17T07:44:47+00:00","breadcrumb":{"@id":"https:\/\/canduran.com\/fr\/#breadcrumb"},"inLanguage":"fr-FR","potentialAction":[{"@type":"ReadAction","target":["https:\/\/canduran.com\/fr\/"]}]},{"@type":"BreadcrumbList","@id":"https:\/\/canduran.com\/fr\/#breadcrumb","itemListElement":[{"@type":"ListItem","position":1,"name":"Portada","item":"https:\/\/canduran.com\/fr\/home\/"},{"@type":"ListItem","position":2,"name":"Home"}]},{"@type":"WebSite","@id":"https:\/\/canduran.com\/fr\/#website","url":"https:\/\/canduran.com\/fr\/","name":"Can Duran","description":"","publisher":{"@id":"https:\/\/canduran.com\/fr\/#organization"},"potentialAction":[{"@type":"SearchAction","target":{"@type":"EntryPoint","urlTemplate":"https:\/\/canduran.com\/fr\/?s={search_term_string}"},"query-input":{"@type":"PropertyValueSpecification","valueRequired":true,"valueName":"search_term_string"}}],"inLanguage":"fr-FR"},{"@type":"Organization","@id":"https:\/\/canduran.com\/fr\/#organization","name":"Can Duran","url":"https:\/\/canduran.com\/fr\/","logo":{"@type":"ImageObject","inLanguage":"fr-FR","@id":"https:\/\/canduran.com\/fr\/#\/schema\/logo\/image\/","url":"https:\/\/canduran.com\/wp\/wp-content\/uploads\/2019\/06\/logo-header.png","contentUrl":"https:\/\/canduran.com\/wp\/wp-content\/uploads\/2019\/06\/logo-header.png","width":208,"height":140,"caption":"Can Duran"},"image":{"@id":"https:\/\/canduran.com\/fr\/#\/schema\/logo\/image\/"},"sameAs":["https:\/\/www.facebook.com\/EmbotitsCanDuran\/","https:\/\/www.instagram.com\/canduranembutidos\/"]}]}},"_links":{"self":[{"href":"https:\/\/canduran.com\/fr\/wp-json\/wp\/v2\/pages\/2707","targetHints":{"allow":["GET"]}}],"collection":[{"href":"https:\/\/canduran.com\/fr\/wp-json\/wp\/v2\/pages"}],"about":[{"href":"https:\/\/canduran.com\/fr\/wp-json\/wp\/v2\/types\/page"}],"author":[{"embeddable":true,"href":"https:\/\/canduran.com\/fr\/wp-json\/wp\/v2\/users\/1"}],"replies":[{"embeddable":true,"href":"https:\/\/canduran.com\/fr\/wp-json\/wp\/v2\/comments?post=2707"}],"version-history":[{"count":10,"href":"https:\/\/canduran.com\/fr\/wp-json\/wp\/v2\/pages\/2707\/revisions"}],"predecessor-version":[{"id":4312,"href":"https:\/\/canduran.com\/fr\/wp-json\/wp\/v2\/pages\/2707\/revisions\/4312"}],"wp:attachment":[{"href":"https:\/\/canduran.com\/fr\/wp-json\/wp\/v2\/media?parent=2707"}],"curies":[{"name":"wp","href":"https:\/\/api.w.org\/{rel}","templated":true}]}}