{"id":2743,"date":"2019-06-26T08:51:00","date_gmt":"2019-06-26T06:51:00","guid":{"rendered":"https:\/\/canduran.com\/wp\/exentis\/"},"modified":"2019-11-04T13:13:38","modified_gmt":"2019-11-04T12:13:38","slug":"exentis","status":"publish","type":"page","link":"https:\/\/canduran.com\/fr\/exentis\/","title":{"rendered":""},"content":{"rendered":"<div class=\"vce-row-container\"><div class=\"vce-row vce-element--has-background vce-row--col-gap-30 vce-row-columns--top vce-row-content--top\" data-vce-full-width=\"true\" id=\"el-98339b50\" data-vce-do-apply=\"all el-98339b50\"><div class=\"vce-content-background-container\"><\/div><div class=\"vce-row-content\" data-vce-element-content=\"true\" style=\"padding-left: 71.5px; padding-right: 71.5px;\"><div class=\"vce-col vce-col--md-auto vce-col--xs-1 vce-col--xs-last vce-col--xs-first vce-col--sm-last vce-col--sm-first vce-col--md-last vce-col--lg-last vce-col--xl-last vce-col--md-first vce-col--lg-first vce-col--xl-first\" id=\"el-5ff4a7e2\"><div class=\"vce-col-inner\" data-vce-do-apply=\"border margin background  el-5ff4a7e2\"><div class=\"vce-col-content\" data-vce-element-content=\"true\" data-vce-do-apply=\"padding el-5ff4a7e2\"><div class=\"vce-single-image-container atrezzo-familia vce-single-image--align-right\"><div class=\"vce vce-single-image-wrapper\" id=\"el-6fc63247\" data-vce-do-apply=\"all el-6fc63247\"><figure><div class=\"vce-single-image-inner vce-single-image--absolute\" style=\"padding-bottom: 109.524%; width: 420px;\"><img decoding=\"async\" class=\"vce-single-image\" src=\"https:\/\/canduran.com\/wp\/wp-content\/uploads\/2019\/10\/productes-julivert.png\" data-img-src=\"https:\/\/canduran.com\/wp\/wp-content\/uploads\/2019\/10\/productes-julivert.png\" alt=\"\" title=\"productes-julivert\"><\/div><\/figure><\/div><\/div><div class=\"vce-row-container\"><div class=\"vce-row vce-row--col-gap-30 vce-row-columns--top vce-row-content--top\" id=\"el-deef6762\" data-vce-do-apply=\"all el-deef6762\"><div class=\"vce-row-content\" data-vce-element-content=\"true\"><div class=\"vce-col vce-col--xs-100p vce-col--xs-visible vce-col--xs-last vce-col--xs-first vce-col--sm-100p vce-col--sm-visible vce-col--sm-last vce-col--sm-first vce-col--md-100p vce-col--md-visible vce-col--md-last vce-col--md-first vce-col--lg-2-12 vce-col--lg-visible vce-col--lg-first vce-col--xl-2-12 vce-col--xl-visible vce-col--xl-first\" id=\"el-5eb07961\"><div class=\"vce-col-inner\" data-vce-do-apply=\"border margin background  el-5eb07961\"><div class=\"vce-col-content\" data-vce-element-content=\"true\" data-vce-do-apply=\"padding el-5eb07961\"><\/div><\/div><\/div><div class=\"vce-col vce-col--xs-100p vce-col--xs-visible vce-col--xs-last vce-col--xs-first vce-col--sm-100p vce-col--sm-visible vce-col--sm-last vce-col--sm-first vce-col--md-100p vce-col--md-visible vce-col--md-last vce-col--md-first vce-col--lg-auto vce-col--lg-visible vce-col--xl-auto vce-col--xl-visible\" id=\"el-afab69d8\"><div class=\"vce-col-inner\" data-vce-do-apply=\"border margin background  el-afab69d8\"><div class=\"vce-col-content\" data-vce-element-content=\"true\" data-vce-do-apply=\"padding el-afab69d8\"><div class=\"vce-text-block\"><div class=\"vce-text-block-wrapper vce\" id=\"el-2232d63f\" data-vce-do-apply=\"all el-2232d63f\"><h2 style=\"text-align: center;\">Pour toutes les tables<\/h2><\/div><\/div><div class=\"vce-single-image-container logo-familia vce-single-image--align-center\"><div class=\"vce vce-single-image-wrapper\" id=\"el-edaf1eb7\" data-vce-do-apply=\"all el-edaf1eb7\"><figure><div class=\"vce-single-image-inner vce-single-image--absolute\" style=\"padding-bottom: 34.7826%; width: 322px;\"><img decoding=\"async\" class=\"vce-single-image\" src=\"https:\/\/canduran.com\/wp\/wp-content\/uploads\/2019\/06\/logo-familia-exentis.png\" data-img-src=\"https:\/\/canduran.com\/wp\/wp-content\/uploads\/2019\/06\/logo-familia-exentis.png\" alt=\"\" title=\"logo-familia-exentis\"><\/div><\/figure><\/div><\/div><div class=\"vce-single-image-container vce-single-image--align-center\"><div class=\"vce vce-single-image-wrapper\" id=\"el-54c771c3\" data-vce-do-apply=\"all el-54c771c3\"><figure><div class=\"vce-single-image-inner vce-single-image--absolute\" style=\"padding-bottom: 66.6667%; width: 750px;\"><img class=\"vce-single-image\" width=\"750\" height=\"500\"src=\"https:\/\/canduran.com\/wp\/wp-content\/uploads\/2019\/11\/familia-exentis-bodego-750x500.jpg\" srcset=\"https:\/\/canduran.com\/wp\/wp-content\/uploads\/2019\/11\/familia-exentis-bodego-320x213.jpg 320w,https:\/\/canduran.com\/wp\/wp-content\/uploads\/2019\/11\/familia-exentis-bodego-480x320.jpg 480w,https:\/\/canduran.com\/wp\/wp-content\/uploads\/2019\/11\/familia-exentis-bodego-750x500.jpg 750w\" data-img-src=\"https:\/\/canduran.com\/wp\/wp-content\/uploads\/2019\/06\/familia-exentis-bodego.jpg\" alt=\"\" title=\"familia-exentis-bodego\"\/><\/div><\/figure><\/div><\/div><div class=\"vce-text-block\"><div class=\"vce-text-block-wrapper vce\" id=\"el-4186319f\" data-vce-do-apply=\"all el-4186319f\"><p style=\"text-align: center;\">Plus sain et naturel, \u00e9labor\u00e9 sans ajout d\u2019ingr\u00e9dients susceptibles de provoquer des probl\u00e8mes aux personnes particuli\u00e8rement sensibles. Il s\u2019agit d\u2019un produit libre d\u2019ingr\u00e9dients alimentaires tels que le gluten, le lactose, les d\u00e9riv\u00e9s lact\u00e9s, le soja ou ses d\u00e9riv\u00e9s, ce qui le rend adapt\u00e9 \u00e0 tous les go\u00fbts. Le r\u00e9sultat ? Un produit plus naturel et dot\u00e9 de qualit\u00e9s organoleptiques identiques au saucisson traditionnel.<\/p><\/div><\/div><div class=\"vce-text-block llista-sense\"><div class=\"vce-text-block-wrapper vce\" id=\"el-73246965\" data-vce-do-apply=\"all el-73246965\"><p>Sans gluten<\/p><p>Sans lactose<\/p><p>Sans soja<\/p><p>Sans colorants<\/p><p>Sans GMS<\/p><p>Sans prot\u00e9ines du lait<\/p><\/div><\/div><\/div><\/div><\/div><div class=\"vce-col vce-col--xs-100p vce-col--xs-visible vce-col--xs-last vce-col--xs-first vce-col--sm-100p vce-col--sm-visible vce-col--sm-last vce-col--sm-first vce-col--md-100p vce-col--md-visible vce-col--md-last vce-col--md-first vce-col--lg-2-12 vce-col--lg-visible vce-col--lg-last vce-col--xl-2-12 vce-col--xl-visible vce-col--xl-last\" id=\"el-68cb6fcd\"><div class=\"vce-col-inner\" data-vce-do-apply=\"border margin background  el-68cb6fcd\"><div class=\"vce-col-content\" data-vce-element-content=\"true\" data-vce-do-apply=\"padding el-68cb6fcd\"><\/div><\/div><\/div><\/div><\/div><\/div><div class=\"vce-row-container\"><div class=\"vce-row vce-row--col-gap-30 vce-row-columns--top vce-row-content--top\" id=\"el-3f56ffea\" data-vce-do-apply=\"all el-3f56ffea\"><div class=\"vce-row-content\" data-vce-element-content=\"true\"><div class=\"vce-col vce-col--md-4-12 vce-col--xs-1 vce-col--xs-last vce-col--xs-first vce-col--sm-last vce-col--sm-first vce-col--md-last vce-col--lg-last vce-col--xl-last vce-col--md-first vce-col--lg-first vce-col--xl-first\" id=\"el-567108e8\"><div class=\"vce-col-inner\" data-vce-do-apply=\"border margin background  el-567108e8\"><div class=\"vce-col-content\" data-vce-element-content=\"true\" data-vce-do-apply=\"padding el-567108e8\"><div class=\"vce-single-image-container logo-familia-mig vce-single-image--align-left\"><div class=\"vce vce-single-image-wrapper\" id=\"el-54f3c92e\" data-vce-do-apply=\"all el-54f3c92e\"><figure><div class=\"vce-single-image-inner vce-single-image--absolute\" style=\"padding-bottom: 34.7826%; width: 322px;\"><img decoding=\"async\" class=\"vce-single-image\" src=\"https:\/\/canduran.com\/wp\/wp-content\/uploads\/2019\/06\/logo-familia-exentis.png\" data-img-src=\"https:\/\/canduran.com\/wp\/wp-content\/uploads\/2019\/06\/logo-familia-exentis.png\" alt=\"\" title=\"logo-familia-exentis\"><\/div><\/figure><\/div><\/div><\/div><\/div><\/div><\/div><\/div><\/div><\/div><\/div><\/div><\/div><\/div><\/div><div class=\"vce-row-container\"><div class=\"vce-row vce-row--col-gap-30 vce-row-columns--top vce-row-content--top\" id=\"el-e3e4ad6d\" data-vce-do-apply=\"all el-e3e4ad6d\"><div class=\"vce-content-background-container\"><\/div><div class=\"vce-row-content\" data-vce-element-content=\"true\"><div class=\"vce-col vce-col--md-auto vce-col--xs-1 vce-col--xs-last vce-col--xs-first vce-col--sm-last vce-col--sm-first vce-col--md-last vce-col--lg-last vce-col--xl-last vce-col--md-first vce-col--lg-first vce-col--xl-first\" id=\"el-dd3a93d0\"><div class=\"vce-col-inner\" data-vce-do-apply=\"border margin background  el-dd3a93d0\"><div class=\"vce-col-content\" data-vce-element-content=\"true\" data-vce-do-apply=\"padding el-dd3a93d0\"><div class=\"vce-shortcode\"><div class=\"vce-shortcode-wrapper vce\" id=\"el-c458cc2e\" data-vce-do-apply=\"all el-c458cc2e\">\t\t<div class=\"row\">\n\t\t\t\t\t<div class=\"col-6 col-sm-4 col-lg-3 col-xl-2\">\n\t\t\t\t<a href=\"https:\/\/canduran.com\/fr\/producto\/chorifuet-exentis\/\" class=\"grid-familia exentis\">\n\t\t\t\t\t<p>Chorifuet Exentis<\/p>\n\t\t\t\t\t<hr>\n\t\t\t\t\t<div class=\"foto-familia\">\n\t\t\t\t\t<img src=\"https:\/\/canduran.com\/wp\/wp-content\/uploads\/2023\/09\/chorifuet-cortado-165x464.jpg\" srcset=\"https:\/\/canduran.com\/wp\/wp-content\/uploads\/2023\/09\/chorifuet-cortado-165x464.jpg 165w, https:\/\/canduran.com\/wp\/wp-content\/uploads\/2023\/09\/chorifuet-cortado-128x360.jpg 128w, https:\/\/canduran.com\/wp\/wp-content\/uploads\/2023\/09\/chorifuet-cortado-320x900.jpg 320w, https:\/\/canduran.com\/wp\/wp-content\/uploads\/2023\/09\/chorifuet-cortado.jpg 330w, https:\/\/canduran.com\/wp\/wp-content\/uploads\/2023\/09\/chorifuet-cortado-128x360@2x.jpg 256w\" sizes=\"(max-width: 165px) 100vw, 165px\" \/>\t\t\t\t\t<\/div>\n\t\t\t\t\t<p class=\"info\">+ info<\/p>\n\t\t\t\t<\/a>\n\t\t\t<\/div>\n\t\t\t\t\t<div class=\"col-6 col-sm-4 col-lg-3 col-xl-2\">\n\t\t\t\t<a href=\"https:\/\/canduran.com\/fr\/producto\/fuet-extra-exentis-recubierto-de-pimienta\/\" class=\"grid-familia exentis\">\n\t\t\t\t\t<p>Fuet Extra Exentis Enrob\u00e9 de poivre<\/p>\n\t\t\t\t\t<hr>\n\t\t\t\t\t<div class=\"foto-familia\">\n\t\t\t\t\t<img src=\"https:\/\/canduran.com\/wp\/wp-content\/uploads\/2023\/09\/exentis-pimienta-165x464.jpg\" srcset=\"https:\/\/canduran.com\/wp\/wp-content\/uploads\/2023\/09\/exentis-pimienta-165x464.jpg 165w, https:\/\/canduran.com\/wp\/wp-content\/uploads\/2023\/09\/exentis-pimienta-128x360.jpg 128w, https:\/\/canduran.com\/wp\/wp-content\/uploads\/2023\/09\/exentis-pimienta-320x900.jpg 320w, https:\/\/canduran.com\/wp\/wp-content\/uploads\/2023\/09\/exentis-pimienta.jpg 330w, https:\/\/canduran.com\/wp\/wp-content\/uploads\/2023\/09\/exentis-pimienta-128x360@2x.jpg 256w\" sizes=\"(max-width: 165px) 100vw, 165px\" \/>\t\t\t\t\t<\/div>\n\t\t\t\t\t<p class=\"info\">+ info<\/p>\n\t\t\t\t<\/a>\n\t\t\t<\/div>\n\t\t\t\t\t<div class=\"col-6 col-sm-4 col-lg-3 col-xl-2\">\n\t\t\t\t<a href=\"https:\/\/canduran.com\/fr\/producto\/longaniza-extra-exentis\/\" class=\"grid-familia exentis\">\n\t\t\t\t\t<p>Longaniza Extra Exentis<\/p>\n\t\t\t\t\t<hr>\n\t\t\t\t\t<div class=\"foto-familia\">\n\t\t\t\t\t<img src=\"https:\/\/canduran.com\/wp\/wp-content\/uploads\/2019\/06\/Longaniza_Extra_500g_Exentis_graella-165x464.jpg\" srcset=\"https:\/\/canduran.com\/wp\/wp-content\/uploads\/2019\/06\/Longaniza_Extra_500g_Exentis_graella-165x464.jpg 165w, https:\/\/canduran.com\/wp\/wp-content\/uploads\/2019\/06\/Longaniza_Extra_500g_Exentis_graella-107x300.jpg 107w, https:\/\/canduran.com\/wp\/wp-content\/uploads\/2019\/06\/Longaniza_Extra_500g_Exentis_graella.jpg 330w, https:\/\/canduran.com\/wp\/wp-content\/uploads\/2019\/06\/Longaniza_Extra_500g_Exentis_graella-107x300@2x.jpg 214w\" sizes=\"(max-width: 165px) 100vw, 165px\" \/>\t\t\t\t\t<\/div>\n\t\t\t\t\t<p class=\"info\">+ info<\/p>\n\t\t\t\t<\/a>\n\t\t\t<\/div>\n\t\t\t\t\t<div class=\"col-6 col-sm-4 col-lg-3 col-xl-2\">\n\t\t\t\t<a href=\"https:\/\/canduran.com\/fr\/producto\/longaniza-extra-chorizada\/\" class=\"grid-familia exentis\">\n\t\t\t\t\t<p>Longaniza Extra Chorizada<\/p>\n\t\t\t\t\t<hr>\n\t\t\t\t\t<div class=\"foto-familia\">\n\t\t\t\t\t<img src=\"https:\/\/canduran.com\/wp\/wp-content\/uploads\/2019\/06\/Longaniza_Extrachorizada_500g_Exentis_graella-1-165x464.jpg\" srcset=\"https:\/\/canduran.com\/wp\/wp-content\/uploads\/2019\/06\/Longaniza_Extrachorizada_500g_Exentis_graella-1-165x464.jpg 165w, https:\/\/canduran.com\/wp\/wp-content\/uploads\/2019\/06\/Longaniza_Extrachorizada_500g_Exentis_graella-1-107x300.jpg 107w, https:\/\/canduran.com\/wp\/wp-content\/uploads\/2019\/06\/Longaniza_Extrachorizada_500g_Exentis_graella-1.jpg 330w, https:\/\/canduran.com\/wp\/wp-content\/uploads\/2019\/06\/Longaniza_Extrachorizada_500g_Exentis_graella-1-107x300@2x.jpg 214w\" sizes=\"(max-width: 165px) 100vw, 165px\" \/>\t\t\t\t\t<\/div>\n\t\t\t\t\t<p class=\"info\">+ info<\/p>\n\t\t\t\t<\/a>\n\t\t\t<\/div>\n\t\t\t\t\t<div class=\"col-6 col-sm-4 col-lg-3 col-xl-2\">\n\t\t\t\t<a href=\"https:\/\/canduran.com\/fr\/producto\/fuet-extra-exentis\/\" class=\"grid-familia exentis\">\n\t\t\t\t\t<p>Fuet Extra Exentis<\/p>\n\t\t\t\t\t<hr>\n\t\t\t\t\t<div class=\"foto-familia\">\n\t\t\t\t\t<img src=\"https:\/\/canduran.com\/wp\/wp-content\/uploads\/2019\/06\/Fuet_Extra_170g_Exentis_graella-165x464.jpg\" srcset=\"https:\/\/canduran.com\/wp\/wp-content\/uploads\/2019\/06\/Fuet_Extra_170g_Exentis_graella-165x464.jpg 165w, https:\/\/canduran.com\/wp\/wp-content\/uploads\/2019\/06\/Fuet_Extra_170g_Exentis_graella-107x300.jpg 107w, https:\/\/canduran.com\/wp\/wp-content\/uploads\/2019\/06\/Fuet_Extra_170g_Exentis_graella.jpg 330w, https:\/\/canduran.com\/wp\/wp-content\/uploads\/2019\/06\/Fuet_Extra_170g_Exentis_graella-107x300@2x.jpg 214w\" sizes=\"(max-width: 165px) 100vw, 165px\" \/>\t\t\t\t\t<\/div>\n\t\t\t\t\t<p class=\"info\">+ info<\/p>\n\t\t\t\t<\/a>\n\t\t\t<\/div>\n\t\t\t\t\t<div class=\"col-6 col-sm-4 col-lg-3 col-xl-2\">\n\t\t\t\t<a href=\"https:\/\/canduran.com\/fr\/producto\/pavo-fuet-exentis\/\" class=\"grid-familia exentis\">\n\t\t\t\t\t<p>Pavo Fuet Exentis<\/p>\n\t\t\t\t\t<hr>\n\t\t\t\t\t<div class=\"foto-familia\">\n\t\t\t\t\t<img src=\"https:\/\/canduran.com\/wp\/wp-content\/uploads\/2019\/06\/PavoFuet_150g_exentis_graella-165x464.jpg\" srcset=\"https:\/\/canduran.com\/wp\/wp-content\/uploads\/2019\/06\/PavoFuet_150g_exentis_graella-165x464.jpg 165w, https:\/\/canduran.com\/wp\/wp-content\/uploads\/2019\/06\/PavoFuet_150g_exentis_graella-107x300.jpg 107w, https:\/\/canduran.com\/wp\/wp-content\/uploads\/2019\/06\/PavoFuet_150g_exentis_graella.jpg 330w, https:\/\/canduran.com\/wp\/wp-content\/uploads\/2019\/06\/PavoFuet_150g_exentis_graella-107x300@2x.jpg 214w\" sizes=\"(max-width: 165px) 100vw, 165px\" \/>\t\t\t\t\t<\/div>\n\t\t\t\t\t<p class=\"info\">+ info<\/p>\n\t\t\t\t<\/a>\n\t\t\t<\/div>\n\t\t\t\t\t<div class=\"col-6 col-sm-4 col-lg-3 col-xl-2\">\n\t\t\t\t<a href=\"https:\/\/canduran.com\/fr\/producto\/longaniza-100-pavo-exentis\/\" class=\"grid-familia exentis\">\n\t\t\t\t\t<p>Longaniza 100% Pavo Exentis<\/p>\n\t\t\t\t\t<hr>\n\t\t\t\t\t<div class=\"foto-familia\">\n\t\t\t\t\t<img src=\"https:\/\/canduran.com\/wp\/wp-content\/uploads\/2019\/06\/Longaniza_extrapavo_500_exentis_graella-2-165x464.jpg\" srcset=\"https:\/\/canduran.com\/wp\/wp-content\/uploads\/2019\/06\/Longaniza_extrapavo_500_exentis_graella-2-165x464.jpg 165w, https:\/\/canduran.com\/wp\/wp-content\/uploads\/2019\/06\/Longaniza_extrapavo_500_exentis_graella-2-107x300.jpg 107w, https:\/\/canduran.com\/wp\/wp-content\/uploads\/2019\/06\/Longaniza_extrapavo_500_exentis_graella-2.jpg 330w, https:\/\/canduran.com\/wp\/wp-content\/uploads\/2019\/06\/Longaniza_extrapavo_500_exentis_graella-2-107x300@2x.jpg 214w\" sizes=\"(max-width: 165px) 100vw, 165px\" \/>\t\t\t\t\t<\/div>\n\t\t\t\t\t<p class=\"info\">+ info<\/p>\n\t\t\t\t<\/a>\n\t\t\t<\/div>\n\t\t\t\t\t<div class=\"col-6 col-sm-4 col-lg-3 col-xl-2\">\n\t\t\t\t<a href=\"https:\/\/canduran.com\/fr\/producto\/butifarra-catalana-exentis\/\" class=\"grid-familia exentis\">\n\t\t\t\t\t<p>Butifarra Catalana Exentis<\/p>\n\t\t\t\t\t<hr>\n\t\t\t\t\t<div class=\"foto-familia\">\n\t\t\t\t\t<img src=\"https:\/\/canduran.com\/wp\/wp-content\/uploads\/2019\/09\/Butifarra_Catalana_1300g_tradicional_graella-165x464.jpg\" srcset=\"https:\/\/canduran.com\/wp\/wp-content\/uploads\/2019\/09\/Butifarra_Catalana_1300g_tradicional_graella-165x464.jpg 165w, https:\/\/canduran.com\/wp\/wp-content\/uploads\/2019\/09\/Butifarra_Catalana_1300g_tradicional_graella-107x300.jpg 107w, https:\/\/canduran.com\/wp\/wp-content\/uploads\/2019\/09\/Butifarra_Catalana_1300g_tradicional_graella.jpg 330w, https:\/\/canduran.com\/wp\/wp-content\/uploads\/2019\/09\/Butifarra_Catalana_1300g_tradicional_graella-107x300@2x.jpg 214w\" sizes=\"(max-width: 165px) 100vw, 165px\" \/>\t\t\t\t\t<\/div>\n\t\t\t\t\t<p class=\"info\">+ info<\/p>\n\t\t\t\t<\/a>\n\t\t\t<\/div>\n\t\t\t\t<\/div>\n\t<\/div><\/div><\/div><\/div><\/div><\/div><\/div><\/div>\n","protected":false},"excerpt":{"rendered":"<p>Pour toutes les tablesPlus sain et naturel, \u00e9labor\u00e9 sans ajout d\u2019ingr\u00e9dients susceptibles de provoquer des [&hellip;]<\/p>\n","protected":false},"author":1,"featured_media":0,"parent":0,"menu_order":0,"comment_status":"closed","ping_status":"closed","template":"","meta":{"_acf_changed":false,"footnotes":""},"class_list":["post-2743","page","type-page","status-publish","hentry"],"acf":[],"yoast_head":"<!-- This site is optimized with the Yoast SEO plugin v27.1.1 - https:\/\/yoast.com\/product\/yoast-seo-wordpress\/ -->\n<title>Exentis - Can Duran<\/title>\n<meta name=\"robots\" content=\"index, follow, max-snippet:-1, max-image-preview:large, max-video-preview:-1\" \/>\n<link rel=\"canonical\" href=\"https:\/\/canduran.com\/fr\/exentis\/\" \/>\n<meta property=\"og:locale\" content=\"fr_FR\" \/>\n<meta property=\"og:type\" content=\"article\" \/>\n<meta property=\"og:title\" content=\"Exentis - Can Duran\" \/>\n<meta property=\"og:description\" content=\"Pour toutes les tablesPlus sain et naturel, \u00e9labor\u00e9 sans ajout d\u2019ingr\u00e9dients susceptibles de provoquer des [&hellip;]\" \/>\n<meta property=\"og:url\" content=\"https:\/\/canduran.com\/fr\/exentis\/\" \/>\n<meta property=\"og:site_name\" content=\"Can Duran\" \/>\n<meta property=\"article:publisher\" content=\"https:\/\/www.facebook.com\/EmbotitsCanDuran\/\" \/>\n<meta property=\"article:modified_time\" content=\"2019-11-04T12:13:38+00:00\" \/>\n<meta name=\"twitter:card\" content=\"summary_large_image\" \/>\n<script type=\"application\/ld+json\" class=\"yoast-schema-graph\">{\"@context\":\"https:\/\/schema.org\",\"@graph\":[{\"@type\":\"WebPage\",\"@id\":\"https:\/\/canduran.com\/fr\/exentis\/\",\"url\":\"https:\/\/canduran.com\/fr\/exentis\/\",\"name\":\"Exentis - Can Duran\",\"isPartOf\":{\"@id\":\"https:\/\/canduran.com\/fr\/#website\"},\"datePublished\":\"2019-06-26T06:51:00+00:00\",\"dateModified\":\"2019-11-04T12:13:38+00:00\",\"inLanguage\":\"fr-FR\",\"potentialAction\":[{\"@type\":\"ReadAction\",\"target\":[\"https:\/\/canduran.com\/fr\/exentis\/\"]}]},{\"@type\":\"WebSite\",\"@id\":\"https:\/\/canduran.com\/fr\/#website\",\"url\":\"https:\/\/canduran.com\/fr\/\",\"name\":\"Can Duran\",\"description\":\"\",\"publisher\":{\"@id\":\"https:\/\/canduran.com\/fr\/#organization\"},\"potentialAction\":[{\"@type\":\"SearchAction\",\"target\":{\"@type\":\"EntryPoint\",\"urlTemplate\":\"https:\/\/canduran.com\/fr\/?s={search_term_string}\"},\"query-input\":{\"@type\":\"PropertyValueSpecification\",\"valueRequired\":true,\"valueName\":\"search_term_string\"}}],\"inLanguage\":\"fr-FR\"},{\"@type\":\"Organization\",\"@id\":\"https:\/\/canduran.com\/fr\/#organization\",\"name\":\"Can Duran\",\"url\":\"https:\/\/canduran.com\/fr\/\",\"logo\":{\"@type\":\"ImageObject\",\"inLanguage\":\"fr-FR\",\"@id\":\"https:\/\/canduran.com\/fr\/#\/schema\/logo\/image\/\",\"url\":\"https:\/\/canduran.com\/wp\/wp-content\/uploads\/2019\/06\/logo-header.png\",\"contentUrl\":\"https:\/\/canduran.com\/wp\/wp-content\/uploads\/2019\/06\/logo-header.png\",\"width\":208,\"height\":140,\"caption\":\"Can Duran\"},\"image\":{\"@id\":\"https:\/\/canduran.com\/fr\/#\/schema\/logo\/image\/\"},\"sameAs\":[\"https:\/\/www.facebook.com\/EmbotitsCanDuran\/\",\"https:\/\/www.instagram.com\/canduranembutidos\/\"]}]}<\/script>\n<!-- \/ Yoast SEO plugin. -->","yoast_head_json":{"title":"Exentis - Can Duran","robots":{"index":"index","follow":"follow","max-snippet":"max-snippet:-1","max-image-preview":"max-image-preview:large","max-video-preview":"max-video-preview:-1"},"canonical":"https:\/\/canduran.com\/fr\/exentis\/","og_locale":"fr_FR","og_type":"article","og_title":"Exentis - Can Duran","og_description":"Pour toutes les tablesPlus sain et naturel, \u00e9labor\u00e9 sans ajout d\u2019ingr\u00e9dients susceptibles de provoquer des [&hellip;]","og_url":"https:\/\/canduran.com\/fr\/exentis\/","og_site_name":"Can Duran","article_publisher":"https:\/\/www.facebook.com\/EmbotitsCanDuran\/","article_modified_time":"2019-11-04T12:13:38+00:00","twitter_card":"summary_large_image","schema":{"@context":"https:\/\/schema.org","@graph":[{"@type":"WebPage","@id":"https:\/\/canduran.com\/fr\/exentis\/","url":"https:\/\/canduran.com\/fr\/exentis\/","name":"Exentis - Can Duran","isPartOf":{"@id":"https:\/\/canduran.com\/fr\/#website"},"datePublished":"2019-06-26T06:51:00+00:00","dateModified":"2019-11-04T12:13:38+00:00","inLanguage":"fr-FR","potentialAction":[{"@type":"ReadAction","target":["https:\/\/canduran.com\/fr\/exentis\/"]}]},{"@type":"WebSite","@id":"https:\/\/canduran.com\/fr\/#website","url":"https:\/\/canduran.com\/fr\/","name":"Can Duran","description":"","publisher":{"@id":"https:\/\/canduran.com\/fr\/#organization"},"potentialAction":[{"@type":"SearchAction","target":{"@type":"EntryPoint","urlTemplate":"https:\/\/canduran.com\/fr\/?s={search_term_string}"},"query-input":{"@type":"PropertyValueSpecification","valueRequired":true,"valueName":"search_term_string"}}],"inLanguage":"fr-FR"},{"@type":"Organization","@id":"https:\/\/canduran.com\/fr\/#organization","name":"Can Duran","url":"https:\/\/canduran.com\/fr\/","logo":{"@type":"ImageObject","inLanguage":"fr-FR","@id":"https:\/\/canduran.com\/fr\/#\/schema\/logo\/image\/","url":"https:\/\/canduran.com\/wp\/wp-content\/uploads\/2019\/06\/logo-header.png","contentUrl":"https:\/\/canduran.com\/wp\/wp-content\/uploads\/2019\/06\/logo-header.png","width":208,"height":140,"caption":"Can Duran"},"image":{"@id":"https:\/\/canduran.com\/fr\/#\/schema\/logo\/image\/"},"sameAs":["https:\/\/www.facebook.com\/EmbotitsCanDuran\/","https:\/\/www.instagram.com\/canduranembutidos\/"]}]}},"_links":{"self":[{"href":"https:\/\/canduran.com\/fr\/wp-json\/wp\/v2\/pages\/2743","targetHints":{"allow":["GET"]}}],"collection":[{"href":"https:\/\/canduran.com\/fr\/wp-json\/wp\/v2\/pages"}],"about":[{"href":"https:\/\/canduran.com\/fr\/wp-json\/wp\/v2\/types\/page"}],"author":[{"embeddable":true,"href":"https:\/\/canduran.com\/fr\/wp-json\/wp\/v2\/users\/1"}],"replies":[{"embeddable":true,"href":"https:\/\/canduran.com\/fr\/wp-json\/wp\/v2\/comments?post=2743"}],"version-history":[{"count":1,"href":"https:\/\/canduran.com\/fr\/wp-json\/wp\/v2\/pages\/2743\/revisions"}],"predecessor-version":[{"id":2746,"href":"https:\/\/canduran.com\/fr\/wp-json\/wp\/v2\/pages\/2743\/revisions\/2746"}],"wp:attachment":[{"href":"https:\/\/canduran.com\/fr\/wp-json\/wp\/v2\/media?parent=2743"}],"curies":[{"name":"wp","href":"https:\/\/api.w.org\/{rel}","templated":true}]}}