{"id":2755,"date":"2019-06-27T15:37:41","date_gmt":"2019-06-27T13:37:41","guid":{"rendered":"https:\/\/canduran.com\/wp\/can-duran\/"},"modified":"2023-10-17T09:31:37","modified_gmt":"2023-10-17T07:31:37","slug":"traditionnel","status":"publish","type":"page","link":"https:\/\/canduran.com\/fr\/traditionnel\/","title":{"rendered":""},"content":{"rendered":"<div class=\"vce-row-container\"><div class=\"vce-row vce-element--has-background vce-row--col-gap-30 vce-row-content--top\" data-vce-full-width=\"true\" id=\"el-98339b50\" data-vce-do-apply=\"all el-98339b50\"><div class=\"vce-content-background-container\"><\/div><div class=\"vce-row-content\" data-vce-element-content=\"true\"><div class=\"vce-col vce-col--md-auto vce-col--xs-1 vce-col--xs-last vce-col--xs-first vce-col--sm-last vce-col--sm-first vce-col--md-last vce-col--lg-last vce-col--xl-last vce-col--md-first vce-col--lg-first vce-col--xl-first\" id=\"el-5ff4a7e2\"><div class=\"vce-col-inner\" data-vce-do-apply=\"border margin background  el-5ff4a7e2\"><div class=\"vce-col-content\" data-vce-element-content=\"true\" data-vce-do-apply=\"padding el-5ff4a7e2\"><div class=\"vce-single-image-container atrezzo-familia vce-single-image--align-right\"><div class=\"vce vce-single-image-wrapper\" id=\"el-68349e90\" data-vce-do-apply=\"all el-68349e90\"><figure><div class=\"vce-single-image-figure-inner\" style=\"width: 420px;\"><div class=\"vce-single-image-inner vce-single-image--absolute\" style=\"width: 100%; padding-bottom: 109.524%;\"><img decoding=\"async\" class=\"vce-single-image\" src=\"https:\/\/canduran.com\/wp\/wp-content\/uploads\/2019\/10\/productes-alls.png\" data-img-src=\"https:\/\/canduran.com\/wp\/wp-content\/uploads\/2019\/10\/productes-alls.png\" data-attachment-id=\"2535\" alt=\"\" title=\"productes-alls\"><\/div><\/div><figcaption hidden=\"\"><\/figcaption><\/figure><\/div><\/div><div class=\"vce-row-container\" data-vce-boxed-width=\"true\"><div class=\"vce-row vce-row--col-gap-30 vce-row-content--top\" id=\"el-deef6762\" data-vce-do-apply=\"all el-deef6762\"><div class=\"vce-row-content\" data-vce-element-content=\"true\"><div class=\"vce-col vce-col--xs-100p vce-col--xs-visible vce-col--xs-last vce-col--xs-first vce-col--sm-100p vce-col--sm-visible vce-col--sm-last vce-col--sm-first vce-col--md-100p vce-col--md-visible vce-col--md-last vce-col--md-first vce-col--lg-2-12 vce-col--lg-visible vce-col--lg-first vce-col--xl-2-12 vce-col--xl-visible vce-col--xl-first\" id=\"el-5eb07961\"><div class=\"vce-col-inner\" data-vce-do-apply=\"border margin background  el-5eb07961\"><div class=\"vce-col-content\" data-vce-element-content=\"true\" data-vce-do-apply=\"padding el-5eb07961\"><div><\/div><\/div><\/div><\/div><div class=\"vce-col vce-col--xs-100p vce-col--xs-visible vce-col--xs-last vce-col--xs-first vce-col--sm-100p vce-col--sm-visible vce-col--sm-last vce-col--sm-first vce-col--md-100p vce-col--md-visible vce-col--md-last vce-col--md-first vce-col--lg-auto vce-col--lg-visible vce-col--xl-auto vce-col--xl-visible\" id=\"el-afab69d8\"><div class=\"vce-col-inner\" data-vce-do-apply=\"border margin background  el-afab69d8\"><div class=\"vce-col-content\" data-vce-element-content=\"true\" data-vce-do-apply=\"padding el-afab69d8\"><div class=\"vce-text-block\"><div class=\"vce-text-block-wrapper vce\" id=\"el-2232d63f\" data-vce-do-apply=\"all el-2232d63f\"><h2 style=\"text-align: center;\">Pour les tables traditionnelles<\/h2><\/div><\/div><div class=\"vce-single-image-container logo-familia vce-single-image--align-center\"><div class=\"vce vce-single-image-wrapper\" id=\"el-edaf1eb7\" data-vce-do-apply=\"all el-edaf1eb7\"><figure><div class=\"vce-single-image-figure-inner\" style=\"width: 820px;\"><div class=\"vce-single-image-inner vce-single-image--absolute\" style=\"width: 100%; padding-bottom: 13.6585%;\"><img decoding=\"async\" class=\"vce-single-image\" src=\"https:\/\/canduran.com\/wp\/wp-content\/uploads\/2023\/10\/logo-familia-tradicional-fr.png\" data-img-src=\"https:\/\/canduran.com\/wp\/wp-content\/uploads\/2023\/10\/logo-familia-tradicional-fr.png\" data-attachment-id=\"4283\" alt=\"Traditionnel\" title=\"logo-familia-tradicional-fr\"><\/div><\/div><figcaption hidden=\"\"><\/figcaption><\/figure><\/div><\/div><div class=\"vce-single-image-container vce-single-image--align-center\"><div class=\"vce vce-single-image-wrapper\" id=\"el-54c771c3\" data-vce-do-apply=\"all el-54c771c3\"><figure><div class=\"vce-single-image-figure-inner\" style=\"width: 750px;\"><div class=\"vce-single-image-inner vce-single-image--absolute\" style=\"width: 100%; padding-bottom: 66.6667%;\"><img loading=\"lazy\" decoding=\"async\" class=\"vce-single-image\"  width=\"750\" height=\"500\" srcset=\"https:\/\/canduran.com\/wp\/wp-content\/uploads\/2019\/07\/familia-tradicional-bodego-750x500.jpg 750w, https:\/\/canduran.com\/wp\/wp-content\/uploads\/2023\/10\/familia-tradicional-bodego-320x213.jpg 320w, https:\/\/canduran.com\/wp\/wp-content\/uploads\/2023\/10\/familia-tradicional-bodego-480x320.jpg 480w, https:\/\/canduran.com\/wp\/wp-content\/uploads\/2023\/10\/familia-tradicional-bodego-800x533.jpg 800w, https:\/\/canduran.com\/wp\/wp-content\/uploads\/2023\/10\/familia-tradicional-bodego-1500x1000.jpg 2x\" src=\"https:\/\/canduran.com\/wp\/wp-content\/uploads\/2019\/07\/familia-tradicional-bodego-750x500.jpg\" data-img-src=\"https:\/\/canduran.com\/wp\/wp-content\/uploads\/2019\/07\/familia-tradicional-bodego.jpg\" data-attachment-id=\"343\"  alt=\"\" title=\"familia-tradicional-bodego\" \/><\/div><\/div><figcaption hidden=\"\"><\/figcaption><\/figure><\/div><\/div><div class=\"vce-text-block\"><div class=\"vce-text-block-wrapper vce\" id=\"el-4186319f\" data-vce-do-apply=\"all el-4186319f\"><p style=\"text-align: center;\">Les saucissons de toujours, \u00e9labor\u00e9s selon la recette familiale et avec le meilleur maigre de porc. D\u00e9sormais avec les technologies les plus pointues et dans le respect d\u2019un processus d\u2019affinage totalement \u00e0 froid.<\/p><\/div><\/div><\/div><\/div><\/div><div class=\"vce-col vce-col--xs-100p vce-col--xs-visible vce-col--xs-last vce-col--xs-first vce-col--sm-100p vce-col--sm-visible vce-col--sm-last vce-col--sm-first vce-col--md-100p vce-col--md-visible vce-col--md-last vce-col--md-first vce-col--lg-2-12 vce-col--lg-visible vce-col--lg-last vce-col--xl-2-12 vce-col--xl-visible vce-col--xl-last\" id=\"el-68cb6fcd\"><div class=\"vce-col-inner\" data-vce-do-apply=\"border margin background  el-68cb6fcd\"><div class=\"vce-col-content\" data-vce-element-content=\"true\" data-vce-do-apply=\"padding el-68cb6fcd\"><div><\/div><\/div><\/div><\/div><\/div><\/div><\/div><div class=\"vce-row-container\" data-vce-boxed-width=\"true\"><div class=\"vce-row vce-row--col-gap-30 vce-row-content--top\" id=\"el-3f56ffea\" data-vce-do-apply=\"all el-3f56ffea\"><div class=\"vce-row-content\" data-vce-element-content=\"true\"><div class=\"vce-col vce-col--md-auto vce-col--xs-1 vce-col--xs-last vce-col--xs-first vce-col--sm-last vce-col--sm-first vce-col--md-last vce-col--lg-last vce-col--xl-last vce-col--md-first vce-col--lg-first vce-col--xl-first\" id=\"el-567108e8\"><div class=\"vce-col-inner\" data-vce-do-apply=\"border margin background  el-567108e8\"><div class=\"vce-col-content\" data-vce-element-content=\"true\" data-vce-do-apply=\"padding el-567108e8\"><div class=\"vce-single-image-container logo-familia-mig vce-single-image--align-left\"><div class=\"vce vce-single-image-wrapper\" id=\"el-54f3c92e\" data-vce-do-apply=\"all el-54f3c92e\"><figure><div class=\"vce-single-image-figure-inner\" style=\"width: 316px;\"><div class=\"vce-single-image-inner vce-single-image--absolute\" style=\"width: 100%; padding-bottom: 100%;\"><img decoding=\"async\" class=\"vce-single-image\" src=\"https:\/\/canduran.com\/wp\/wp-content\/uploads\/2019\/07\/logo-familia-tradicional.png\" data-img-src=\"https:\/\/canduran.com\/wp\/wp-content\/uploads\/2019\/07\/logo-familia-tradicional.png\" data-attachment-id=\"331\" alt=\"\" title=\"logo-familia-tradicional\"><\/div><\/div><figcaption hidden=\"\"><\/figcaption><\/figure><\/div><\/div><\/div><\/div><\/div><\/div><\/div><\/div><\/div><\/div><\/div><\/div><\/div><\/div><div class=\"vce-row-container\" data-vce-boxed-width=\"true\"><div class=\"vce-row vce-row--col-gap-30 vce-row-content--top\" id=\"el-e3e4ad6d\" data-vce-do-apply=\"all el-e3e4ad6d\"><div class=\"vce-content-background-container\"><\/div><div class=\"vce-row-content\" data-vce-element-content=\"true\"><div class=\"vce-col vce-col--md-auto vce-col--xs-1 vce-col--xs-last vce-col--xs-first vce-col--sm-last vce-col--sm-first vce-col--md-last vce-col--lg-last vce-col--xl-last vce-col--md-first vce-col--lg-first vce-col--xl-first\" id=\"el-dd3a93d0\"><div class=\"vce-col-inner\" data-vce-do-apply=\"border margin background  el-dd3a93d0\"><div class=\"vce-col-content\" data-vce-element-content=\"true\" data-vce-do-apply=\"padding el-dd3a93d0\"><div class=\"vce-shortcode\"><div class=\"vce-shortcode-wrapper vce\" id=\"el-c458cc2e\" data-vce-do-apply=\"all el-c458cc2e\">\t\t<div class=\"row\">\n\t\t\t\t\t<div class=\"col-6 col-sm-4 col-lg-3 col-xl-2\">\n\t\t\t\t<a href=\"https:\/\/canduran.com\/fr\/producto\/longaniza-de-payes-extra\/\" class=\"grid-familia tradicional\">\n\t\t\t\t\t<p>Longaniza de Pay\u00e9s Extra<\/p>\n\t\t\t\t\t<hr>\n\t\t\t\t\t<div class=\"foto-familia\">\n\t\t\t\t\t<img src=\"https:\/\/canduran.com\/wp\/wp-content\/uploads\/2019\/09\/Longaniza_PayesExtra_graella-165x464.jpg\" srcset=\"https:\/\/canduran.com\/wp\/wp-content\/uploads\/2019\/09\/Longaniza_PayesExtra_graella-165x464.jpg 165w, https:\/\/canduran.com\/wp\/wp-content\/uploads\/2019\/09\/Longaniza_PayesExtra_graella-107x300.jpg 107w, https:\/\/canduran.com\/wp\/wp-content\/uploads\/2019\/09\/Longaniza_PayesExtra_graella.jpg 330w, https:\/\/canduran.com\/wp\/wp-content\/uploads\/2019\/09\/Longaniza_PayesExtra_graella-107x300@2x.jpg 214w\" sizes=\"(max-width: 165px) 100vw, 165px\" \/>\t\t\t\t\t<\/div>\n\t\t\t\t\t<p class=\"info\">+ info<\/p>\n\t\t\t\t<\/a>\n\t\t\t<\/div>\n\t\t\t\t\t<div class=\"col-6 col-sm-4 col-lg-3 col-xl-2\">\n\t\t\t\t<a href=\"https:\/\/canduran.com\/fr\/producto\/longaniza-extra-pirineo-pimienta\/\" class=\"grid-familia tradicional\">\n\t\t\t\t\t<p>Longaniza Extra Pirineo Pimienta<\/p>\n\t\t\t\t\t<hr>\n\t\t\t\t\t<div class=\"foto-familia\">\n\t\t\t\t\t<img src=\"https:\/\/canduran.com\/wp\/wp-content\/uploads\/2019\/07\/Longaniza_PirineoConPimienta_graella-165x464.jpg\" srcset=\"https:\/\/canduran.com\/wp\/wp-content\/uploads\/2019\/07\/Longaniza_PirineoConPimienta_graella-165x464.jpg 165w, https:\/\/canduran.com\/wp\/wp-content\/uploads\/2019\/07\/Longaniza_PirineoConPimienta_graella-107x300.jpg 107w, https:\/\/canduran.com\/wp\/wp-content\/uploads\/2019\/07\/Longaniza_PirineoConPimienta_graella.jpg 330w, https:\/\/canduran.com\/wp\/wp-content\/uploads\/2019\/07\/Longaniza_PirineoConPimienta_graella-107x300@2x.jpg 214w\" sizes=\"(max-width: 165px) 100vw, 165px\" \/>\t\t\t\t\t<\/div>\n\t\t\t\t\t<p class=\"info\">+ info<\/p>\n\t\t\t\t<\/a>\n\t\t\t<\/div>\n\t\t\t\t\t<div class=\"col-6 col-sm-4 col-lg-3 col-xl-2\">\n\t\t\t\t<a href=\"https:\/\/canduran.com\/fr\/producto\/fuet-espetec-extra\/\" class=\"grid-familia tradicional\">\n\t\t\t\t\t<p>Fuet Espetec Extra<\/p>\n\t\t\t\t\t<hr>\n\t\t\t\t\t<div class=\"foto-familia\">\n\t\t\t\t\t<img src=\"https:\/\/canduran.com\/wp\/wp-content\/uploads\/2019\/09\/Espetec_Extra_180g_graella-165x464.jpg\" srcset=\"https:\/\/canduran.com\/wp\/wp-content\/uploads\/2019\/09\/Espetec_Extra_180g_graella-165x464.jpg 165w, https:\/\/canduran.com\/wp\/wp-content\/uploads\/2019\/09\/Espetec_Extra_180g_graella-107x300.jpg 107w, https:\/\/canduran.com\/wp\/wp-content\/uploads\/2019\/09\/Espetec_Extra_180g_graella.jpg 330w, https:\/\/canduran.com\/wp\/wp-content\/uploads\/2019\/09\/Espetec_Extra_180g_graella-107x300@2x.jpg 214w\" sizes=\"(max-width: 165px) 100vw, 165px\" \/>\t\t\t\t\t<\/div>\n\t\t\t\t\t<p class=\"info\">+ info<\/p>\n\t\t\t\t<\/a>\n\t\t\t<\/div>\n\t\t\t\t\t<div class=\"col-6 col-sm-4 col-lg-3 col-xl-2\">\n\t\t\t\t<a href=\"https:\/\/canduran.com\/fr\/producto\/fuet-extra\/\" class=\"grid-familia tradicional\">\n\t\t\t\t\t<p>Fuet Extra<\/p>\n\t\t\t\t\t<hr>\n\t\t\t\t\t<div class=\"foto-familia\">\n\t\t\t\t\t<img src=\"https:\/\/canduran.com\/wp\/wp-content\/uploads\/2019\/09\/FuetExra_250g_graella-165x464.jpg\" srcset=\"https:\/\/canduran.com\/wp\/wp-content\/uploads\/2019\/09\/FuetExra_250g_graella-165x464.jpg 165w, https:\/\/canduran.com\/wp\/wp-content\/uploads\/2019\/09\/FuetExra_250g_graella-107x300.jpg 107w, https:\/\/canduran.com\/wp\/wp-content\/uploads\/2019\/09\/FuetExra_250g_graella.jpg 330w, https:\/\/canduran.com\/wp\/wp-content\/uploads\/2019\/09\/FuetExra_250g_graella-107x300@2x.jpg 214w\" sizes=\"(max-width: 165px) 100vw, 165px\" \/>\t\t\t\t\t<\/div>\n\t\t\t\t\t<p class=\"info\">+ info<\/p>\n\t\t\t\t<\/a>\n\t\t\t<\/div>\n\t\t\t\t\t<div class=\"col-6 col-sm-4 col-lg-3 col-xl-2\">\n\t\t\t\t<a href=\"https:\/\/canduran.com\/fr\/producto\/fuet-espetec-collar-extra\/\" class=\"grid-familia tradicional\">\n\t\t\t\t\t<p>Fuet Espetec Collar Extra <\/p>\n\t\t\t\t\t<hr>\n\t\t\t\t\t<div class=\"foto-familia\">\n\t\t\t\t\t<img src=\"https:\/\/canduran.com\/wp\/wp-content\/uploads\/2019\/09\/EspetecCollar_250g_graella-165x464.jpg\" srcset=\"https:\/\/canduran.com\/wp\/wp-content\/uploads\/2019\/09\/EspetecCollar_250g_graella-165x464.jpg 165w, https:\/\/canduran.com\/wp\/wp-content\/uploads\/2019\/09\/EspetecCollar_250g_graella-107x300.jpg 107w, https:\/\/canduran.com\/wp\/wp-content\/uploads\/2019\/09\/EspetecCollar_250g_graella.jpg 330w, https:\/\/canduran.com\/wp\/wp-content\/uploads\/2019\/09\/EspetecCollar_250g_graella-107x300@2x.jpg 214w\" sizes=\"(max-width: 165px) 100vw, 165px\" \/>\t\t\t\t\t<\/div>\n\t\t\t\t\t<p class=\"info\">+ info<\/p>\n\t\t\t\t<\/a>\n\t\t\t<\/div>\n\t\t\t\t\t<div class=\"col-6 col-sm-4 col-lg-3 col-xl-2\">\n\t\t\t\t<a href=\"https:\/\/canduran.com\/fr\/producto\/longaniza-extra-la-geganta\/\" class=\"grid-familia tradicional\">\n\t\t\t\t\t<p>Longaniza Extra \"La Geganta\"<\/p>\n\t\t\t\t\t<hr>\n\t\t\t\t\t<div class=\"foto-familia\">\n\t\t\t\t\t<img src=\"https:\/\/canduran.com\/wp\/wp-content\/uploads\/2019\/09\/Longaniza_ExtraDePayesLaGeganta_graella-165x464.jpg\" srcset=\"https:\/\/canduran.com\/wp\/wp-content\/uploads\/2019\/09\/Longaniza_ExtraDePayesLaGeganta_graella-165x464.jpg 165w, https:\/\/canduran.com\/wp\/wp-content\/uploads\/2019\/09\/Longaniza_ExtraDePayesLaGeganta_graella-107x300.jpg 107w, https:\/\/canduran.com\/wp\/wp-content\/uploads\/2019\/09\/Longaniza_ExtraDePayesLaGeganta_graella.jpg 330w, https:\/\/canduran.com\/wp\/wp-content\/uploads\/2019\/09\/Longaniza_ExtraDePayesLaGeganta_graella-107x300@2x.jpg 214w\" sizes=\"(max-width: 165px) 100vw, 165px\" \/>\t\t\t\t\t<\/div>\n\t\t\t\t\t<p class=\"info\">+ info<\/p>\n\t\t\t\t<\/a>\n\t\t\t<\/div>\n\t\t\t\t\t<div class=\"col-6 col-sm-4 col-lg-3 col-xl-2\">\n\t\t\t\t<a href=\"https:\/\/canduran.com\/fr\/producto\/somalla-collar-extra-la-geganta\/\" class=\"grid-familia tradicional\">\n\t\t\t\t\t<p>Somalla Collar Extra  \"La Geganta\"<\/p>\n\t\t\t\t\t<hr>\n\t\t\t\t\t<div class=\"foto-familia\">\n\t\t\t\t\t<img src=\"https:\/\/canduran.com\/wp\/wp-content\/uploads\/2019\/09\/Somalla_CollarLaGeganta_graella-165x464.jpg\" srcset=\"https:\/\/canduran.com\/wp\/wp-content\/uploads\/2019\/09\/Somalla_CollarLaGeganta_graella-165x464.jpg 165w, https:\/\/canduran.com\/wp\/wp-content\/uploads\/2019\/09\/Somalla_CollarLaGeganta_graella-107x300.jpg 107w, https:\/\/canduran.com\/wp\/wp-content\/uploads\/2019\/09\/Somalla_CollarLaGeganta_graella.jpg 330w, https:\/\/canduran.com\/wp\/wp-content\/uploads\/2019\/09\/Somalla_CollarLaGeganta_graella-107x300@2x.jpg 214w\" sizes=\"(max-width: 165px) 100vw, 165px\" \/>\t\t\t\t\t<\/div>\n\t\t\t\t\t<p class=\"info\">+ info<\/p>\n\t\t\t\t<\/a>\n\t\t\t<\/div>\n\t\t\t\t\t<div class=\"col-6 col-sm-4 col-lg-3 col-xl-2\">\n\t\t\t\t<a href=\"https:\/\/canduran.com\/fr\/producto\/somalla-vela-la-geganta\/\" class=\"grid-familia tradicional\">\n\t\t\t\t\t<p>Somalla Vela  \"La Geganta\"<\/p>\n\t\t\t\t\t<hr>\n\t\t\t\t\t<div class=\"foto-familia\">\n\t\t\t\t\t<img src=\"https:\/\/canduran.com\/wp\/wp-content\/uploads\/2019\/10\/Somalla_VelaLaGeganta_SinEstuche_productes-165x464.jpg\" srcset=\"\" sizes=\"(max-width: 165px) 100vw, 165px\" \/>\t\t\t\t\t<\/div>\n\t\t\t\t\t<p class=\"info\">+ info<\/p>\n\t\t\t\t<\/a>\n\t\t\t<\/div>\n\t\t\t\t<\/div>\n\t<\/div><\/div><\/div><\/div><\/div><\/div><\/div><\/div>","protected":false},"excerpt":{"rendered":"<p>Pour les tables traditionnellesLes saucissons de toujours, \u00e9labor\u00e9s selon la recette familiale et avec le [&hellip;]<\/p>\n","protected":false},"author":1,"featured_media":0,"parent":0,"menu_order":0,"comment_status":"closed","ping_status":"closed","template":"","meta":{"_acf_changed":false,"footnotes":""},"class_list":["post-2755","page","type-page","status-publish","hentry"],"acf":[],"yoast_head":"<!-- This site is optimized with the Yoast SEO plugin v27.1.1 - https:\/\/yoast.com\/product\/yoast-seo-wordpress\/ -->\n<title>Traditionnel - Can Duran<\/title>\n<meta name=\"robots\" content=\"index, follow, max-snippet:-1, max-image-preview:large, max-video-preview:-1\" \/>\n<link rel=\"canonical\" href=\"https:\/\/canduran.com\/fr\/traditionnel\/\" \/>\n<meta property=\"og:locale\" content=\"fr_FR\" \/>\n<meta property=\"og:type\" content=\"article\" \/>\n<meta property=\"og:title\" content=\"Traditionnel - Can Duran\" \/>\n<meta property=\"og:description\" content=\"Pour les tables traditionnellesLes saucissons de toujours, \u00e9labor\u00e9s selon la recette familiale et avec le [&hellip;]\" \/>\n<meta property=\"og:url\" content=\"https:\/\/canduran.com\/fr\/traditionnel\/\" \/>\n<meta property=\"og:site_name\" content=\"Can Duran\" \/>\n<meta property=\"article:publisher\" content=\"https:\/\/www.facebook.com\/EmbotitsCanDuran\/\" \/>\n<meta property=\"article:modified_time\" content=\"2023-10-17T07:31:37+00:00\" \/>\n<meta name=\"twitter:card\" content=\"summary_large_image\" \/>\n<script type=\"application\/ld+json\" class=\"yoast-schema-graph\">{\"@context\":\"https:\/\/schema.org\",\"@graph\":[{\"@type\":\"WebPage\",\"@id\":\"https:\/\/canduran.com\/fr\/traditionnel\/\",\"url\":\"https:\/\/canduran.com\/fr\/traditionnel\/\",\"name\":\"Traditionnel - Can Duran\",\"isPartOf\":{\"@id\":\"https:\/\/canduran.com\/fr\/#website\"},\"datePublished\":\"2019-06-27T13:37:41+00:00\",\"dateModified\":\"2023-10-17T07:31:37+00:00\",\"inLanguage\":\"fr-FR\",\"potentialAction\":[{\"@type\":\"ReadAction\",\"target\":[\"https:\/\/canduran.com\/fr\/traditionnel\/\"]}]},{\"@type\":\"WebSite\",\"@id\":\"https:\/\/canduran.com\/fr\/#website\",\"url\":\"https:\/\/canduran.com\/fr\/\",\"name\":\"Can Duran\",\"description\":\"\",\"publisher\":{\"@id\":\"https:\/\/canduran.com\/fr\/#organization\"},\"potentialAction\":[{\"@type\":\"SearchAction\",\"target\":{\"@type\":\"EntryPoint\",\"urlTemplate\":\"https:\/\/canduran.com\/fr\/?s={search_term_string}\"},\"query-input\":{\"@type\":\"PropertyValueSpecification\",\"valueRequired\":true,\"valueName\":\"search_term_string\"}}],\"inLanguage\":\"fr-FR\"},{\"@type\":\"Organization\",\"@id\":\"https:\/\/canduran.com\/fr\/#organization\",\"name\":\"Can Duran\",\"url\":\"https:\/\/canduran.com\/fr\/\",\"logo\":{\"@type\":\"ImageObject\",\"inLanguage\":\"fr-FR\",\"@id\":\"https:\/\/canduran.com\/fr\/#\/schema\/logo\/image\/\",\"url\":\"https:\/\/canduran.com\/wp\/wp-content\/uploads\/2019\/06\/logo-header.png\",\"contentUrl\":\"https:\/\/canduran.com\/wp\/wp-content\/uploads\/2019\/06\/logo-header.png\",\"width\":208,\"height\":140,\"caption\":\"Can Duran\"},\"image\":{\"@id\":\"https:\/\/canduran.com\/fr\/#\/schema\/logo\/image\/\"},\"sameAs\":[\"https:\/\/www.facebook.com\/EmbotitsCanDuran\/\",\"https:\/\/www.instagram.com\/canduranembutidos\/\"]}]}<\/script>\n<!-- \/ Yoast SEO plugin. -->","yoast_head_json":{"title":"Traditionnel - Can Duran","robots":{"index":"index","follow":"follow","max-snippet":"max-snippet:-1","max-image-preview":"max-image-preview:large","max-video-preview":"max-video-preview:-1"},"canonical":"https:\/\/canduran.com\/fr\/traditionnel\/","og_locale":"fr_FR","og_type":"article","og_title":"Traditionnel - Can Duran","og_description":"Pour les tables traditionnellesLes saucissons de toujours, \u00e9labor\u00e9s selon la recette familiale et avec le [&hellip;]","og_url":"https:\/\/canduran.com\/fr\/traditionnel\/","og_site_name":"Can Duran","article_publisher":"https:\/\/www.facebook.com\/EmbotitsCanDuran\/","article_modified_time":"2023-10-17T07:31:37+00:00","twitter_card":"summary_large_image","schema":{"@context":"https:\/\/schema.org","@graph":[{"@type":"WebPage","@id":"https:\/\/canduran.com\/fr\/traditionnel\/","url":"https:\/\/canduran.com\/fr\/traditionnel\/","name":"Traditionnel - Can Duran","isPartOf":{"@id":"https:\/\/canduran.com\/fr\/#website"},"datePublished":"2019-06-27T13:37:41+00:00","dateModified":"2023-10-17T07:31:37+00:00","inLanguage":"fr-FR","potentialAction":[{"@type":"ReadAction","target":["https:\/\/canduran.com\/fr\/traditionnel\/"]}]},{"@type":"WebSite","@id":"https:\/\/canduran.com\/fr\/#website","url":"https:\/\/canduran.com\/fr\/","name":"Can Duran","description":"","publisher":{"@id":"https:\/\/canduran.com\/fr\/#organization"},"potentialAction":[{"@type":"SearchAction","target":{"@type":"EntryPoint","urlTemplate":"https:\/\/canduran.com\/fr\/?s={search_term_string}"},"query-input":{"@type":"PropertyValueSpecification","valueRequired":true,"valueName":"search_term_string"}}],"inLanguage":"fr-FR"},{"@type":"Organization","@id":"https:\/\/canduran.com\/fr\/#organization","name":"Can Duran","url":"https:\/\/canduran.com\/fr\/","logo":{"@type":"ImageObject","inLanguage":"fr-FR","@id":"https:\/\/canduran.com\/fr\/#\/schema\/logo\/image\/","url":"https:\/\/canduran.com\/wp\/wp-content\/uploads\/2019\/06\/logo-header.png","contentUrl":"https:\/\/canduran.com\/wp\/wp-content\/uploads\/2019\/06\/logo-header.png","width":208,"height":140,"caption":"Can Duran"},"image":{"@id":"https:\/\/canduran.com\/fr\/#\/schema\/logo\/image\/"},"sameAs":["https:\/\/www.facebook.com\/EmbotitsCanDuran\/","https:\/\/www.instagram.com\/canduranembutidos\/"]}]}},"_links":{"self":[{"href":"https:\/\/canduran.com\/fr\/wp-json\/wp\/v2\/pages\/2755","targetHints":{"allow":["GET"]}}],"collection":[{"href":"https:\/\/canduran.com\/fr\/wp-json\/wp\/v2\/pages"}],"about":[{"href":"https:\/\/canduran.com\/fr\/wp-json\/wp\/v2\/types\/page"}],"author":[{"embeddable":true,"href":"https:\/\/canduran.com\/fr\/wp-json\/wp\/v2\/users\/1"}],"replies":[{"embeddable":true,"href":"https:\/\/canduran.com\/fr\/wp-json\/wp\/v2\/comments?post=2755"}],"version-history":[{"count":4,"href":"https:\/\/canduran.com\/fr\/wp-json\/wp\/v2\/pages\/2755\/revisions"}],"predecessor-version":[{"id":4306,"href":"https:\/\/canduran.com\/fr\/wp-json\/wp\/v2\/pages\/2755\/revisions\/4306"}],"wp:attachment":[{"href":"https:\/\/canduran.com\/fr\/wp-json\/wp\/v2\/media?parent=2755"}],"curies":[{"name":"wp","href":"https:\/\/api.w.org\/{rel}","templated":true}]}}