{"id":2771,"date":"2019-06-28T12:56:46","date_gmt":"2019-06-28T10:56:46","guid":{"rendered":"https:\/\/canduran.com\/wp\/contacto\/"},"modified":"2019-11-04T16:23:42","modified_gmt":"2019-11-04T15:23:42","slug":"contact","status":"publish","type":"page","link":"https:\/\/canduran.com\/fr\/contact\/","title":{"rendered":""},"content":{"rendered":"<div class=\"vce-row-container\"><div class=\"vce-row vce-row--col-gap-0 vce-row-columns--top vce-row-content--top\" data-vce-full-width=\"true\" data-vce-stretch-content=\"true\" id=\"el-286a988c\" data-vce-do-apply=\"all el-286a988c\"><div class=\"vce-content-background-container\"><\/div><div class=\"vce-row-content\" data-vce-element-content=\"true\"><div class=\"vce-col vce-col--md-auto vce-col--xs-1 vce-col--xs-last vce-col--xs-first vce-col--sm-last vce-col--sm-first vce-col--md-last vce-col--lg-last vce-col--xl-last vce-col--md-first vce-col--lg-first vce-col--xl-first\" id=\"el-4f4efc70\"><div class=\"vce-col-inner\" data-vce-do-apply=\"border margin background  el-4f4efc70\"><div class=\"vce-col-content\" data-vce-element-content=\"true\" data-vce-do-apply=\"padding el-4f4efc70\"><div class=\"vce-google-maps vce-google-maps--align-center\"><div class=\"vce-google-maps-wrapper vce vce-google-maps--width-custom vce-google-maps--height-custom\" id=\"el-87a46689\" data-vce-do-apply=\"all el-87a46689\" style=\"width: 100%; height: 600px;\"><div class=\"vce-google-maps-inner\"><iframe loading=\"lazy\" src=\"https:\/\/www.google.com\/maps\/embed?pb=!1m18!1m12!1m3!1d11888.89101496902!2d2.2815229029704076!3d41.845031999954465!2m3!1f0!2f0!3f0!3m2!1i1024!2i768!4f13.1!3m3!1m2!1s0x12a4d8d86ac815c9%3A0xf9c8404e1307d50f!2sEmbotits+Artesans+Can+Duran!5e0!3m2!1sca!2ses!4v1561719730518!5m2!1sca!2ses\" width=\"600\" height=\"450\" frameborder=\"0\" style=\"border: 0px; pointer-events: none;\" allowfullscreen=\"\"><\/iframe><\/div><\/div><\/div><\/div><\/div><\/div><\/div><\/div><\/div><div class=\"vce-row-container\"><div class=\"vce-row vce-element--has-background vce-row--col-gap-30 vce-row-columns--top vce-row-content--top\" data-vce-full-width=\"true\" id=\"el-174a2158\" data-vce-do-apply=\"all el-174a2158\"><div class=\"vce-content-background-container\"><\/div><div class=\"vce-row-content\" data-vce-element-content=\"true\" style=\"padding-left: 71.5px; padding-right: 71.5px;\"><div class=\"vce-col vce-col--md-auto vce-col--xs-1 vce-col--xs-last vce-col--xs-first vce-col--sm-last vce-col--sm-first vce-col--md-last vce-col--lg-last vce-col--xl-last vce-col--md-first vce-col--lg-first vce-col--xl-first\" id=\"el-99fb1495\"><div class=\"vce-col-inner\" data-vce-do-apply=\"border margin background  el-99fb1495\"><div class=\"vce-col-content\" data-vce-element-content=\"true\" data-vce-do-apply=\"padding el-99fb1495\"><div id=\"el-7ba7a262\" class=\"vce-contact-form-7--align-left\"><div class=\"vce vce-contact-form-7\" data-vce-do-apply=\"all el-7ba7a262\">\n<div class=\"wpcf7 no-js\" id=\"wpcf7-f2774-o1\" lang=\"\" dir=\"ltr\" data-wpcf7-id=\"2774\">\n<div class=\"screen-reader-response\"><p role=\"status\" aria-live=\"polite\" aria-atomic=\"true\"><\/p> <ul><\/ul><\/div>\n<form action=\"\/fr\/wp-json\/wp\/v2\/pages\/2771#wpcf7-f2774-o1\" method=\"post\" class=\"wpcf7-form init\" aria-label=\"Formulaire de contact\" novalidate=\"novalidate\" data-status=\"init\">\n<fieldset class=\"hidden-fields-container\"><input type=\"hidden\" name=\"_wpcf7\" value=\"2774\" \/><input type=\"hidden\" name=\"_wpcf7_version\" value=\"6.1.5\" \/><input type=\"hidden\" name=\"_wpcf7_locale\" value=\"\" \/><input type=\"hidden\" name=\"_wpcf7_unit_tag\" value=\"wpcf7-f2774-o1\" \/><input type=\"hidden\" name=\"_wpcf7_container_post\" value=\"0\" \/><input type=\"hidden\" name=\"_wpcf7_posted_data_hash\" value=\"\" \/><input type=\"hidden\" name=\"_wpcf7_recaptcha_response\" value=\"\" \/>\n<\/fieldset>\n<div class=\"row justify-content-center\">\n\t<div class=\"col-md-12 col-lg-4 col-xl-3\">\n\t\t<p>Remplissez le formulaire ci-dessous et nous vous recontacterons dans les meilleurs d\u00e9lais.\n\t\t<\/p>\n\t<\/div>\n\t<div class=\"col-md-6 col-lg-4 col-xl-3\">\n\t\t<p><span class=\"wpcf7-form-control-wrap\" data-name=\"your-name\"><input size=\"40\" maxlength=\"400\" class=\"wpcf7-form-control wpcf7-text wpcf7-validates-as-required\" aria-required=\"true\" aria-invalid=\"false\" placeholder=\"Pr\u00e9nom et nom\" value=\"\" type=\"text\" name=\"your-name\" \/><\/span>\n\t\t<\/p>\n\t\t<p><span class=\"wpcf7-form-control-wrap\" data-name=\"your-email\"><input size=\"40\" maxlength=\"400\" class=\"wpcf7-form-control wpcf7-email wpcf7-validates-as-required wpcf7-text wpcf7-validates-as-email\" aria-required=\"true\" aria-invalid=\"false\" placeholder=\"Courrier \u00e9lectronique\" value=\"\" type=\"email\" name=\"your-email\" \/><\/span>\n\t\t<\/p>\n\t\t<p><span class=\"wpcf7-form-control-wrap\" data-name=\"empresa\"><input size=\"40\" maxlength=\"400\" class=\"wpcf7-form-control wpcf7-text\" aria-invalid=\"false\" placeholder=\"Entreprise\" value=\"\" type=\"text\" name=\"empresa\" \/><\/span>\n\t\t<\/p>\n\t\t<p><span class=\"wpcf7-form-control-wrap\" data-name=\"comentarios\"><textarea cols=\"40\" rows=\"10\" maxlength=\"2000\" class=\"wpcf7-form-control wpcf7-textarea\" aria-invalid=\"false\" placeholder=\"Commentaires\" name=\"comentarios\"><\/textarea><\/span>\n\t\t<\/p>\n\t<\/div>\n\t<div class=\"col-md-6 col-lg-4 col-xl-4\">\n\t\t<p>SPLENDID FOODS, SAU en tant que responsable du traitement traitera vos donn\u00e9es dans le but de r\u00e9pondre \u00e0 votre requ\u00eate ou demande. Vous pouvez acc\u00e9der, rectifier et effacer vos donn\u00e9es, et \u00e9galement exercer d\u2019autres droits en consultant les informations d\u00e9taill\u00e9es suppl\u00e9mentaires sur la protection des donn\u00e9es dans notre <a href=\"https:\/\/canduran.com\/fr\/politique-de-confidentialite\/\">Politique de confidentialit\u00e9<\/a>.\n\t\t<\/p>\n\t\t<p><span class=\"wpcf7-form-control-wrap\" data-name=\"lopd\"><span class=\"wpcf7-form-control wpcf7-acceptance\"><span class=\"wpcf7-list-item\"><label><input type=\"checkbox\" name=\"lopd\" value=\"1\" aria-invalid=\"false\" \/><span class=\"wpcf7-list-item-label\">J\u2019ai lu et j\u2019accepte les conditions contenues dans la politique de confidentialit\u00e9 sur le traitement de mes donn\u00e9es pour g\u00e9rer ma requ\u00eate ou demande.<\/span><\/label><\/span><\/span><\/span>\n\t\t<\/p>\n\t\t<p>Nous aimerions que vous nous donniez votre consentement pour:\n\t\t<\/p>\n\t\t<p><span class=\"wpcf7-form-control-wrap\" data-name=\"comercial\"><span class=\"wpcf7-form-control wpcf7-acceptance optional\"><span class=\"wpcf7-list-item\"><label><input type=\"checkbox\" name=\"comercial\" value=\"1\" aria-invalid=\"false\" \/><span class=\"wpcf7-list-item-label\">Vous envoyer des informations commerciales sur les produits, services et nouvelles fonctionnalit\u00e9s SPLENDID FOODS, SAU<\/span><\/label><\/span><\/span><\/span>\n\t\t<\/p>\n\t\t<p><input class=\"wpcf7-form-control wpcf7-submit has-spinner\" type=\"submit\" value=\"Envoyer\" \/>\n\t\t<\/p>\n\t<\/div>\n<\/div><div class=\"wpcf7-response-output\" aria-hidden=\"true\"><\/div>\n<\/form>\n<\/div>\n<\/div><\/div><\/div><\/div><\/div><\/div><\/div><\/div>\n","protected":false},"excerpt":{"rendered":"","protected":false},"author":1,"featured_media":0,"parent":0,"menu_order":0,"comment_status":"closed","ping_status":"closed","template":"","meta":{"_acf_changed":false,"footnotes":""},"class_list":["post-2771","page","type-page","status-publish","hentry"],"acf":[],"yoast_head":"<!-- This site is optimized with the Yoast SEO plugin v27.1.1 - https:\/\/yoast.com\/product\/yoast-seo-wordpress\/ -->\n<title>Contact - Can Duran<\/title>\n<meta name=\"robots\" content=\"index, follow, max-snippet:-1, max-image-preview:large, max-video-preview:-1\" \/>\n<link rel=\"canonical\" href=\"https:\/\/canduran.com\/fr\/contact\/\" \/>\n<meta property=\"og:locale\" content=\"fr_FR\" \/>\n<meta property=\"og:type\" content=\"article\" \/>\n<meta property=\"og:title\" content=\"Contact - Can Duran\" \/>\n<meta property=\"og:url\" content=\"https:\/\/canduran.com\/fr\/contact\/\" \/>\n<meta property=\"og:site_name\" content=\"Can Duran\" \/>\n<meta property=\"article:publisher\" content=\"https:\/\/www.facebook.com\/EmbotitsCanDuran\/\" \/>\n<meta property=\"article:modified_time\" content=\"2019-11-04T15:23:42+00:00\" \/>\n<meta name=\"twitter:card\" content=\"summary_large_image\" \/>\n<script type=\"application\/ld+json\" class=\"yoast-schema-graph\">{\"@context\":\"https:\/\/schema.org\",\"@graph\":[{\"@type\":\"WebPage\",\"@id\":\"https:\/\/canduran.com\/fr\/contact\/\",\"url\":\"https:\/\/canduran.com\/fr\/contact\/\",\"name\":\"Contact - Can Duran\",\"isPartOf\":{\"@id\":\"https:\/\/canduran.com\/fr\/#website\"},\"datePublished\":\"2019-06-28T10:56:46+00:00\",\"dateModified\":\"2019-11-04T15:23:42+00:00\",\"inLanguage\":\"fr-FR\",\"potentialAction\":[{\"@type\":\"ReadAction\",\"target\":[\"https:\/\/canduran.com\/fr\/contact\/\"]}]},{\"@type\":\"WebSite\",\"@id\":\"https:\/\/canduran.com\/fr\/#website\",\"url\":\"https:\/\/canduran.com\/fr\/\",\"name\":\"Can Duran\",\"description\":\"\",\"publisher\":{\"@id\":\"https:\/\/canduran.com\/fr\/#organization\"},\"potentialAction\":[{\"@type\":\"SearchAction\",\"target\":{\"@type\":\"EntryPoint\",\"urlTemplate\":\"https:\/\/canduran.com\/fr\/?s={search_term_string}\"},\"query-input\":{\"@type\":\"PropertyValueSpecification\",\"valueRequired\":true,\"valueName\":\"search_term_string\"}}],\"inLanguage\":\"fr-FR\"},{\"@type\":\"Organization\",\"@id\":\"https:\/\/canduran.com\/fr\/#organization\",\"name\":\"Can Duran\",\"url\":\"https:\/\/canduran.com\/fr\/\",\"logo\":{\"@type\":\"ImageObject\",\"inLanguage\":\"fr-FR\",\"@id\":\"https:\/\/canduran.com\/fr\/#\/schema\/logo\/image\/\",\"url\":\"https:\/\/canduran.com\/wp\/wp-content\/uploads\/2019\/06\/logo-header.png\",\"contentUrl\":\"https:\/\/canduran.com\/wp\/wp-content\/uploads\/2019\/06\/logo-header.png\",\"width\":208,\"height\":140,\"caption\":\"Can Duran\"},\"image\":{\"@id\":\"https:\/\/canduran.com\/fr\/#\/schema\/logo\/image\/\"},\"sameAs\":[\"https:\/\/www.facebook.com\/EmbotitsCanDuran\/\",\"https:\/\/www.instagram.com\/canduranembutidos\/\"]}]}<\/script>\n<!-- \/ Yoast SEO plugin. -->","yoast_head_json":{"title":"Contact - Can Duran","robots":{"index":"index","follow":"follow","max-snippet":"max-snippet:-1","max-image-preview":"max-image-preview:large","max-video-preview":"max-video-preview:-1"},"canonical":"https:\/\/canduran.com\/fr\/contact\/","og_locale":"fr_FR","og_type":"article","og_title":"Contact - Can Duran","og_url":"https:\/\/canduran.com\/fr\/contact\/","og_site_name":"Can Duran","article_publisher":"https:\/\/www.facebook.com\/EmbotitsCanDuran\/","article_modified_time":"2019-11-04T15:23:42+00:00","twitter_card":"summary_large_image","schema":{"@context":"https:\/\/schema.org","@graph":[{"@type":"WebPage","@id":"https:\/\/canduran.com\/fr\/contact\/","url":"https:\/\/canduran.com\/fr\/contact\/","name":"Contact - Can Duran","isPartOf":{"@id":"https:\/\/canduran.com\/fr\/#website"},"datePublished":"2019-06-28T10:56:46+00:00","dateModified":"2019-11-04T15:23:42+00:00","inLanguage":"fr-FR","potentialAction":[{"@type":"ReadAction","target":["https:\/\/canduran.com\/fr\/contact\/"]}]},{"@type":"WebSite","@id":"https:\/\/canduran.com\/fr\/#website","url":"https:\/\/canduran.com\/fr\/","name":"Can Duran","description":"","publisher":{"@id":"https:\/\/canduran.com\/fr\/#organization"},"potentialAction":[{"@type":"SearchAction","target":{"@type":"EntryPoint","urlTemplate":"https:\/\/canduran.com\/fr\/?s={search_term_string}"},"query-input":{"@type":"PropertyValueSpecification","valueRequired":true,"valueName":"search_term_string"}}],"inLanguage":"fr-FR"},{"@type":"Organization","@id":"https:\/\/canduran.com\/fr\/#organization","name":"Can Duran","url":"https:\/\/canduran.com\/fr\/","logo":{"@type":"ImageObject","inLanguage":"fr-FR","@id":"https:\/\/canduran.com\/fr\/#\/schema\/logo\/image\/","url":"https:\/\/canduran.com\/wp\/wp-content\/uploads\/2019\/06\/logo-header.png","contentUrl":"https:\/\/canduran.com\/wp\/wp-content\/uploads\/2019\/06\/logo-header.png","width":208,"height":140,"caption":"Can Duran"},"image":{"@id":"https:\/\/canduran.com\/fr\/#\/schema\/logo\/image\/"},"sameAs":["https:\/\/www.facebook.com\/EmbotitsCanDuran\/","https:\/\/www.instagram.com\/canduranembutidos\/"]}]}},"_links":{"self":[{"href":"https:\/\/canduran.com\/fr\/wp-json\/wp\/v2\/pages\/2771","targetHints":{"allow":["GET"]}}],"collection":[{"href":"https:\/\/canduran.com\/fr\/wp-json\/wp\/v2\/pages"}],"about":[{"href":"https:\/\/canduran.com\/fr\/wp-json\/wp\/v2\/types\/page"}],"author":[{"embeddable":true,"href":"https:\/\/canduran.com\/fr\/wp-json\/wp\/v2\/users\/1"}],"replies":[{"embeddable":true,"href":"https:\/\/canduran.com\/fr\/wp-json\/wp\/v2\/comments?post=2771"}],"version-history":[{"count":2,"href":"https:\/\/canduran.com\/fr\/wp-json\/wp\/v2\/pages\/2771\/revisions"}],"predecessor-version":[{"id":2786,"href":"https:\/\/canduran.com\/fr\/wp-json\/wp\/v2\/pages\/2771\/revisions\/2786"}],"wp:attachment":[{"href":"https:\/\/canduran.com\/fr\/wp-json\/wp\/v2\/media?parent=2771"}],"curies":[{"name":"wp","href":"https:\/\/api.w.org\/{rel}","templated":true}]}}