{"id":3037,"date":"2019-12-12T10:22:36","date_gmt":"2019-12-12T09:22:36","guid":{"rendered":"https:\/\/canduran.com\/wp\/?page_id=3037"},"modified":"2021-06-10T16:54:19","modified_gmt":"2021-06-10T14:54:19","slug":"politique-de-confidentialite-dans-les-reseaux-sociaux","status":"publish","type":"page","link":"https:\/\/canduran.com\/fr\/politique-de-confidentialite-dans-les-reseaux-sociaux\/","title":{"rendered":""},"content":{"rendered":"<div class=\"vce-row-container\" data-vce-boxed-width=\"true\"><div class=\"vce-row vce-row--col-gap-30 vce-row-content--top\" id=\"el-f089e263\" data-vce-do-apply=\"all el-f089e263\"><div class=\"vce-row-content\" data-vce-element-content=\"true\"><div class=\"vce-col vce-col--md-auto vce-col--xs-1 vce-col--xs-last vce-col--xs-first vce-col--sm-last vce-col--sm-first vce-col--md-last vce-col--lg-last vce-col--xl-last vce-col--md-first vce-col--lg-first vce-col--xl-first\" id=\"el-254f1d8c\"><div class=\"vce-col-inner\" data-vce-do-apply=\"border margin background  el-254f1d8c\"><div class=\"vce-col-content\" data-vce-element-content=\"true\" data-vce-do-apply=\"padding el-254f1d8c\"><div class=\"vce-text-block\"><div class=\"vce-text-block-wrapper vce\" id=\"el-09a00670\" data-vce-do-apply=\"all el-09a00670\"><h3>POLITIQUE DE CONFIDENTIALIT\u00c9 DANS LES R\u00c9SEAUX SOCIAUX<\/h3><p><strong>1. Information sur le responsable du traitement des donn\u00e9es h\u00e9berg\u00e9es sur le site web officiel de SPLENDID FOODS, SAU, au sein du r\u00e9seau social<\/strong><\/p><p>En vertu du devoir d\u2019information \u00e9tabli dans le R\u00e8glement (UE) 2016\/679 du 27&nbsp;avril (GDPR) et la loi organique (ES) 3\/2018, du 5 d\u00e9cembre (LOPDGDD), SPLENDID FOODS, SAU (ci-apr\u00e8s d\u00e9nomm\u00e9e le \u00ab&nbsp;RESPONSABLE&nbsp;\u00bb) souhaite informer de la politique relative au traitement et \u00e0 la protection des donn\u00e9es \u00e0 caract\u00e8re personnel les utilisateurs du pr\u00e9sent r\u00e9seau social, qui acc\u00e9deront au site web officiel du RESPONSABLE et l\u2019utiliseront de mani\u00e8re volontaire au sein dudit r\u00e9seau. L\u2019acc\u00e8s et l\u2019utilisation du pr\u00e9sent site web officiel du RESPONSABLE entra\u00eenent que vous acceptiez express\u00e9ment la pr\u00e9sente politique de confidentialit\u00e9 et que vous donniez votre consentement au traitement de vos donn\u00e9es \u00e0 caract\u00e8re personnel en vertu des dispositions de celle-ci.<\/p><p><strong>2. Donn\u00e9es de personnes mineures ou inaptes<\/strong><\/p><p>L\u2019acc\u00e8s et l\u2019inscription au pr\u00e9sent r\u00e9seau social sont interdits aux personnes \u00e2g\u00e9es de moins de quatorze (14) ans, de sorte que l\u2019acc\u00e8s au site web officiel du RESPONSABLE et son utilisation sont \u00e9galement interdits aux personnes \u00e2g\u00e9es de moins de quatorze (14) ans, au sein dudit r\u00e9seau. Quant \u00e0 lui, si l\u2019utilisateur est inapte, le RESPONSABLE avertit que l\u2019assistance consentie de la personne exer\u00e7ant l\u2019autorit\u00e9 parentale ou la tutelle de l\u2019utilisateur ou de son repr\u00e9sentant l\u00e9gal sera n\u00e9cessaire afin d\u2019acc\u00e9der au pr\u00e9sent site web officiel du RESPONSABLE et de l\u2019utiliser. Le RESPONSABLE sera express\u00e9ment exon\u00e9r\u00e9 d\u2019une quelconque responsabilit\u00e9 qui pourrait d\u00e9couler de l\u2019utilisation de son site web officiel par des personnes mineures ou inaptes, sachant que ladite responsabilit\u00e9 incombera alors \u00e0 leurs repr\u00e9sentants l\u00e9gaux dans chaque cas.<\/p><p><strong>3. Identification de la raison sociale du responsable du fichier<\/strong><\/p><p>L\u2019utilisateur sera inform\u00e9 du fait que le RESPONSABLE, dont le si\u00e8ge social est sis Gurri, 2 \u2013 SEVA 08853 (BARCELONE), rev\u00eat le statut de responsable des fichiers et des traitements au moyen desquels les donn\u00e9es \u00e0 caract\u00e8re personnel de l\u2019utilisateur seront recueillies et stock\u00e9es suite \u00e0 son inscription sur le site web officiel du RESPONSABLE et \u00e0 son utilisation au sein du pr\u00e9sent r\u00e9seau social, sans pr\u00e9judice des traitements desquels est responsable l\u2019organisme propri\u00e9taire du r\u00e9seau social au sein duquel se trouve notre site web officiel.<\/p><p><strong>4. Finalit\u00e9s des donn\u00e9es \u00e0 caract\u00e8re personnel, information et consentement<\/strong><\/p><p>Les donn\u00e9es \u00e0 caract\u00e8re personnel fournies volontairement par l\u2019utilisateur au RESPONSABLE, par le biais de sa page web officielle, feront partie d\u2019un traitement de donn\u00e9es incombant au RESPONSABLE, dans le but de lui offrir des informations du RESPONSABLE, par courriel, fax, SMS, MMS, communiqu\u00e9s sociaux ou par toute autre voie \u00e9lectronique ou physique, pr\u00e9sente ou \u00e0 venir, qui permettrait d\u2019effectuer des communications commerciales, l\u2019envoi d\u2019un bulletin d\u2019information aux utilisateurs qui s\u2019inscriront, d\u2019\u00e9changer des informations avec le RESPONSABLE et d\u2019autres utilisateurs, ainsi que d\u2019entrer en communication avec des tierces personnes.<\/p><p>\u00c0 partir du moment o\u00f9 l\u2019utilisateur utilise le pr\u00e9sent site web officiel, il donne son consentement, en toute libert\u00e9, sans \u00e9quivoque, sp\u00e9cifique, \u00e9clair\u00e9 et expr\u00e8s, au traitement de ses donn\u00e9es \u00e0 caract\u00e8re personnel de la part du RESPONSABLE pour garantir la bonne prestation desdits services en vertu des dispositions de la pr\u00e9sente politique.<\/p><p>L\u2019utilisateur est libre d\u2019utiliser le site web officiel du RESPONSABLE au sein du pr\u00e9sent r\u00e9seau social. Par cons\u00e9quent, dans le cas o\u00f9 l\u2019utilisateur ne serait pas d\u2019accord avec le traitement de ses donn\u00e9es auxdites fins, il ne devra ni l\u2019utiliser, ni fournir ses donn\u00e9es \u00e0 caract\u00e8re personnel.<\/p><p>L\u2019utilisateur peut partager des textes, des photos, des vid\u00e9os et tout autre type d\u2019information et\/ou de contenus qui seront soumis \u00e0 la pr\u00e9sente politique ainsi qu\u2019aux normes et conditions de la plateforme, par le biais du pr\u00e9sent site web officiel du RESPONSABLE. L\u2019utilisateur sera responsable du fait que tous les contenus qu\u2019il publiera respectent la l\u00e9gislation en vigueur, la pr\u00e9sente politique et les normes de la plateforme.<\/p><p>L\u2019utilisateur ne pourra publier sur le pr\u00e9sent site web officiel du RESPONSABLE que des donn\u00e9es \u00e0 caract\u00e8re personnel, des photographies et des informations ou d\u2019autres contenus lui appartenant ou desquelles il aura obtenu l\u2019utilisation aupr\u00e8s de tierces personnes.<\/p><p>Le RESPONSABLE aura le droit d\u2019\u00e9liminer du pr\u00e9sent site web officiel \u2013&nbsp;de mani\u00e8re unilat\u00e9rale et sans communication pr\u00e9alable ni autorisation de l\u2019utilisateur&nbsp;\u2013 un quelconque contenu publi\u00e9 par l\u2019utilisateur lorsque ce dernier violera ou portera atteinte \u00e0 la l\u00e9gislation en vigueur, les normes \u00e9tablies dans la pr\u00e9sente politique et les Normes de la plateforme.<\/p><p><strong>5. Identification des destinataires aupr\u00e8s desquels le RESPONSABLE aura pr\u00e9vu d\u2019effectuer des cessions ou des communications de donn\u00e9es<\/strong><\/p><p>L\u2019utilisateur est averti que toutes les informations et tous les contenus qu\u2019il publiera sur le site web officiel du RESPONSABLE, au sein du r\u00e9seau social, pourront \u00eatre port\u00e9s \u00e0 la connaissance des autres utilisateurs du site web officiel et de la plateforme du r\u00e9seau social. En cons\u00e9quence, toutes les informations et tous les contenus publi\u00e9s par l\u2019utilisateur sur le site web officiel du RESPONSABLE au sein du pr\u00e9sent r\u00e9seau social feront l\u2019objet de communication aupr\u00e8s des autres utilisateurs en raison de la nature m\u00eame du service.<\/p><p>Le RESPONSABLE a pr\u00e9vu d\u2019effectuer uniquement les cessions ou les communications de donn\u00e9es qu\u2019il devra effectuer aupr\u00e8s de juges, de tribunaux, d\u2019administrations publiques et d\u2019autorit\u00e9s comp\u00e9tentes \u00e0 caract\u00e8re administratif, en vertu de la r\u00e9glementation en vigueur.<\/p><p><strong>6. Autres tierces personnes prestataires de services<\/strong><\/p><p>Le RESPONSABLE avertit l\u2019utilisateur du fait que la pr\u00e9sente entreprise n\u2019est responsable et ne garantit la confidentialit\u00e9, la s\u00e9curit\u00e9 et le traitement des donn\u00e9es conform\u00e9ment \u00e0 la pr\u00e9sente politique, qu\u2019envers les donn\u00e9es \u00e0 caract\u00e8re personnel qu\u2019elle recueillera aupr\u00e8s de l\u2019utilisateur par le biais du pr\u00e9sent site web officiel au sein du pr\u00e9sent r\u00e9seau social, sachant qu\u2019elle n\u2019engagera aucunement sa responsabilit\u00e9 envers les traitements et utilisations ult\u00e9rieurs des donn\u00e9es \u00e0 caract\u00e8re personnel qui pourraient \u00eatre effectu\u00e9s par le propri\u00e9taire du r\u00e9seau social comme par des tierces personnes prestataires de services de la soci\u00e9t\u00e9 de l\u2019information qui pourraient acc\u00e9der \u00e0 de telles donn\u00e9es en raison de la prestation de leurs services ou de l\u2019exercice de leur activit\u00e9, ou par des tierces personnes qui \u00e9tabliraient des liens hypertextes vers le r\u00e9seau social, ni par les responsables \u00e0 qui, par le biais de liens hypertextes, le RESPONSABLE renverrait les utilisateurs inscrits sur le pr\u00e9sent site web officiel.<\/p><p><strong>7. Qualit\u00e9 des donn\u00e9es<\/strong><\/p><p>Le RESPONSABLE avertit l\u2019utilisateur que, sauf en cas d\u2019existence d\u2019un pouvoir de repr\u00e9sentation l\u00e9galement constitu\u00e9, aucun utilisateur ne peut utiliser l\u2019identit\u00e9 d\u2019une autre personne et communiquer ses donn\u00e9es \u00e0 caract\u00e8re personnel. L\u2019utilisateur devra donc avoir \u00e0 l\u2019esprit \u00e0 tout moment le fait qu\u2019il ne peut fournir que les donn\u00e9es \u00e0 caract\u00e8re personnel correspondant \u00e0 sa propre identit\u00e9 et qui seront appropri\u00e9es, pertinentes, actuelles, exactes et v\u00e9ritables. En tout \u00e9tat de cause, l\u2019utilisateur devra respecter la vie priv\u00e9e des tierces personnes, que celles-ci soient utilisateurs ou non du r\u00e9seau social ou du site web officiel du RESPONSABLE au sein dudit r\u00e9seau.<\/p><p><strong>8. Droits dont jouit l\u2019int\u00e9ress\u00e9<\/strong><\/p><p>Droit de retirer son consentement au traitement des donn\u00e9es \u00e0 n\u2019importe quel moment.<br>Droit d\u2019acc\u00e8s, de rectification, de portabilit\u00e9 et de suppression de ses donn\u00e9es et de limitation ou d\u2019opposition \u00e0 leur traitement.<br>Droit de pr\u00e9senter une r\u00e9clamation aupr\u00e8s de l\u2019autorit\u00e9 de contr\u00f4le (www.aepd.es.) s\u2019il consid\u00e8re que le traitement ne respecte pas la r\u00e9glementation en vigueur.<\/p><p><strong>9. Autres informations int\u00e9ressantes<\/strong><\/p><p>Le RESPONSABLE pourra modifier et\/ou remplacer \u00e0 n\u2019importe quel moment la pr\u00e9sente politique qui, selon les cas, remplacera, compl\u00e9tera et\/ou modifiera celle actuellement publi\u00e9e figurant ici. Par cons\u00e9quent, l\u2019utilisateur devra acc\u00e9der r\u00e9guli\u00e8rement \u00e0 celle-ci afin de se maintenir inform\u00e9.<\/p><p>L\u2019utilisateur peut contacter le RESPONSABLE au moyen du service de messagerie interne du r\u00e9seau social ou par le biais des adresses et des donn\u00e9es de contact suivantes:<\/p><p>SPLENDID FOODS, SAU<br>Gurri, 2 \u2013 SEVA 08853 (BARCELONE)<br>rrhh@splendid-foods.com<\/p><p>De m\u00eame, l\u2019utilisateur peut consulter les normes et les politiques publi\u00e9es par le propri\u00e9taire du r\u00e9seau social concernant l\u2019utilisation de celui-ci.<\/p><\/div><\/div><\/div><\/div><\/div><\/div><\/div><\/div>\n","protected":false},"excerpt":{"rendered":"<p>POLITIQUE DE CONFIDENTIALIT\u00c9 DANS LES R\u00c9SEAUX SOCIAUX1. Information sur le responsable du traitement des donn\u00e9es [&hellip;]<\/p>\n","protected":false},"author":1,"featured_media":0,"parent":0,"menu_order":0,"comment_status":"closed","ping_status":"closed","template":"","meta":{"_acf_changed":false,"footnotes":""},"class_list":["post-3037","page","type-page","status-publish","hentry"],"acf":[],"yoast_head":"<!-- This site is optimized with the Yoast SEO plugin v27.1.1 - https:\/\/yoast.com\/product\/yoast-seo-wordpress\/ -->\n<title>Politique de confidentialit\u00e9 dans les r\u00e9seaux sociaux - Can Duran<\/title>\n<meta name=\"robots\" content=\"index, follow, max-snippet:-1, max-image-preview:large, max-video-preview:-1\" \/>\n<link rel=\"canonical\" href=\"https:\/\/canduran.com\/fr\/politique-de-confidentialite-dans-les-reseaux-sociaux\/\" \/>\n<meta property=\"og:locale\" content=\"fr_FR\" \/>\n<meta property=\"og:type\" content=\"article\" \/>\n<meta property=\"og:title\" content=\"Politique de confidentialit\u00e9 dans les r\u00e9seaux sociaux - Can Duran\" \/>\n<meta property=\"og:description\" content=\"POLITIQUE DE CONFIDENTIALIT\u00c9 DANS LES R\u00c9SEAUX SOCIAUX1. Information sur le responsable du traitement des donn\u00e9es [&hellip;]\" \/>\n<meta property=\"og:url\" content=\"https:\/\/canduran.com\/fr\/politique-de-confidentialite-dans-les-reseaux-sociaux\/\" \/>\n<meta property=\"og:site_name\" content=\"Can Duran\" \/>\n<meta property=\"article:publisher\" content=\"https:\/\/www.facebook.com\/EmbotitsCanDuran\/\" \/>\n<meta property=\"article:modified_time\" content=\"2021-06-10T14:54:19+00:00\" \/>\n<meta name=\"twitter:card\" content=\"summary_large_image\" \/>\n<meta name=\"twitter:label1\" content=\"Dur\u00e9e de lecture estim\u00e9e\" \/>\n\t<meta name=\"twitter:data1\" content=\"7 minutes\" \/>\n<script type=\"application\/ld+json\" class=\"yoast-schema-graph\">{\"@context\":\"https:\/\/schema.org\",\"@graph\":[{\"@type\":\"WebPage\",\"@id\":\"https:\/\/canduran.com\/fr\/politique-de-confidentialite-dans-les-reseaux-sociaux\/\",\"url\":\"https:\/\/canduran.com\/fr\/politique-de-confidentialite-dans-les-reseaux-sociaux\/\",\"name\":\"Politique de confidentialit\u00e9 dans les r\u00e9seaux sociaux - Can Duran\",\"isPartOf\":{\"@id\":\"https:\/\/canduran.com\/fr\/#website\"},\"datePublished\":\"2019-12-12T09:22:36+00:00\",\"dateModified\":\"2021-06-10T14:54:19+00:00\",\"inLanguage\":\"fr-FR\",\"potentialAction\":[{\"@type\":\"ReadAction\",\"target\":[\"https:\/\/canduran.com\/fr\/politique-de-confidentialite-dans-les-reseaux-sociaux\/\"]}]},{\"@type\":\"WebSite\",\"@id\":\"https:\/\/canduran.com\/fr\/#website\",\"url\":\"https:\/\/canduran.com\/fr\/\",\"name\":\"Can Duran\",\"description\":\"\",\"publisher\":{\"@id\":\"https:\/\/canduran.com\/fr\/#organization\"},\"potentialAction\":[{\"@type\":\"SearchAction\",\"target\":{\"@type\":\"EntryPoint\",\"urlTemplate\":\"https:\/\/canduran.com\/fr\/?s={search_term_string}\"},\"query-input\":{\"@type\":\"PropertyValueSpecification\",\"valueRequired\":true,\"valueName\":\"search_term_string\"}}],\"inLanguage\":\"fr-FR\"},{\"@type\":\"Organization\",\"@id\":\"https:\/\/canduran.com\/fr\/#organization\",\"name\":\"Can Duran\",\"url\":\"https:\/\/canduran.com\/fr\/\",\"logo\":{\"@type\":\"ImageObject\",\"inLanguage\":\"fr-FR\",\"@id\":\"https:\/\/canduran.com\/fr\/#\/schema\/logo\/image\/\",\"url\":\"https:\/\/canduran.com\/wp\/wp-content\/uploads\/2019\/06\/logo-header.png\",\"contentUrl\":\"https:\/\/canduran.com\/wp\/wp-content\/uploads\/2019\/06\/logo-header.png\",\"width\":208,\"height\":140,\"caption\":\"Can Duran\"},\"image\":{\"@id\":\"https:\/\/canduran.com\/fr\/#\/schema\/logo\/image\/\"},\"sameAs\":[\"https:\/\/www.facebook.com\/EmbotitsCanDuran\/\",\"https:\/\/www.instagram.com\/canduranembutidos\/\"]}]}<\/script>\n<!-- \/ Yoast SEO plugin. -->","yoast_head_json":{"title":"Politique de confidentialit\u00e9 dans les r\u00e9seaux sociaux - Can Duran","robots":{"index":"index","follow":"follow","max-snippet":"max-snippet:-1","max-image-preview":"max-image-preview:large","max-video-preview":"max-video-preview:-1"},"canonical":"https:\/\/canduran.com\/fr\/politique-de-confidentialite-dans-les-reseaux-sociaux\/","og_locale":"fr_FR","og_type":"article","og_title":"Politique de confidentialit\u00e9 dans les r\u00e9seaux sociaux - Can Duran","og_description":"POLITIQUE DE CONFIDENTIALIT\u00c9 DANS LES R\u00c9SEAUX SOCIAUX1. Information sur le responsable du traitement des donn\u00e9es [&hellip;]","og_url":"https:\/\/canduran.com\/fr\/politique-de-confidentialite-dans-les-reseaux-sociaux\/","og_site_name":"Can Duran","article_publisher":"https:\/\/www.facebook.com\/EmbotitsCanDuran\/","article_modified_time":"2021-06-10T14:54:19+00:00","twitter_card":"summary_large_image","twitter_misc":{"Dur\u00e9e de lecture estim\u00e9e":"7 minutes"},"schema":{"@context":"https:\/\/schema.org","@graph":[{"@type":"WebPage","@id":"https:\/\/canduran.com\/fr\/politique-de-confidentialite-dans-les-reseaux-sociaux\/","url":"https:\/\/canduran.com\/fr\/politique-de-confidentialite-dans-les-reseaux-sociaux\/","name":"Politique de confidentialit\u00e9 dans les r\u00e9seaux sociaux - Can Duran","isPartOf":{"@id":"https:\/\/canduran.com\/fr\/#website"},"datePublished":"2019-12-12T09:22:36+00:00","dateModified":"2021-06-10T14:54:19+00:00","inLanguage":"fr-FR","potentialAction":[{"@type":"ReadAction","target":["https:\/\/canduran.com\/fr\/politique-de-confidentialite-dans-les-reseaux-sociaux\/"]}]},{"@type":"WebSite","@id":"https:\/\/canduran.com\/fr\/#website","url":"https:\/\/canduran.com\/fr\/","name":"Can Duran","description":"","publisher":{"@id":"https:\/\/canduran.com\/fr\/#organization"},"potentialAction":[{"@type":"SearchAction","target":{"@type":"EntryPoint","urlTemplate":"https:\/\/canduran.com\/fr\/?s={search_term_string}"},"query-input":{"@type":"PropertyValueSpecification","valueRequired":true,"valueName":"search_term_string"}}],"inLanguage":"fr-FR"},{"@type":"Organization","@id":"https:\/\/canduran.com\/fr\/#organization","name":"Can Duran","url":"https:\/\/canduran.com\/fr\/","logo":{"@type":"ImageObject","inLanguage":"fr-FR","@id":"https:\/\/canduran.com\/fr\/#\/schema\/logo\/image\/","url":"https:\/\/canduran.com\/wp\/wp-content\/uploads\/2019\/06\/logo-header.png","contentUrl":"https:\/\/canduran.com\/wp\/wp-content\/uploads\/2019\/06\/logo-header.png","width":208,"height":140,"caption":"Can Duran"},"image":{"@id":"https:\/\/canduran.com\/fr\/#\/schema\/logo\/image\/"},"sameAs":["https:\/\/www.facebook.com\/EmbotitsCanDuran\/","https:\/\/www.instagram.com\/canduranembutidos\/"]}]}},"_links":{"self":[{"href":"https:\/\/canduran.com\/fr\/wp-json\/wp\/v2\/pages\/3037","targetHints":{"allow":["GET"]}}],"collection":[{"href":"https:\/\/canduran.com\/fr\/wp-json\/wp\/v2\/pages"}],"about":[{"href":"https:\/\/canduran.com\/fr\/wp-json\/wp\/v2\/types\/page"}],"author":[{"embeddable":true,"href":"https:\/\/canduran.com\/fr\/wp-json\/wp\/v2\/users\/1"}],"replies":[{"embeddable":true,"href":"https:\/\/canduran.com\/fr\/wp-json\/wp\/v2\/comments?post=3037"}],"version-history":[{"count":5,"href":"https:\/\/canduran.com\/fr\/wp-json\/wp\/v2\/pages\/3037\/revisions"}],"predecessor-version":[{"id":3449,"href":"https:\/\/canduran.com\/fr\/wp-json\/wp\/v2\/pages\/3037\/revisions\/3449"}],"wp:attachment":[{"href":"https:\/\/canduran.com\/fr\/wp-json\/wp\/v2\/media?parent=3037"}],"curies":[{"name":"wp","href":"https:\/\/api.w.org\/{rel}","templated":true}]}}