{"id":4016,"date":"2023-09-04T10:05:30","date_gmt":"2023-09-04T08:05:30","guid":{"rendered":"https:\/\/canduran.com\/?page_id=4016"},"modified":"2023-10-17T08:51:53","modified_gmt":"2023-10-17T06:51:53","slug":"igp","status":"publish","type":"page","link":"https:\/\/canduran.com\/fr\/igp\/","title":{"rendered":""},"content":{"rendered":"<div class=\"vce-row-container\"><div class=\"vce-row vce-element--has-background vce-row--col-gap-30 vce-row-content--top\" data-vce-full-width=\"true\" id=\"el-98339b50\" data-vce-do-apply=\"all el-98339b50\"><div class=\"vce-content-background-container\"><\/div><div class=\"vce-row-content\" data-vce-element-content=\"true\"><div class=\"vce-col vce-col--md-auto vce-col--xs-1 vce-col--xs-last vce-col--xs-first vce-col--sm-last vce-col--sm-first vce-col--md-last vce-col--lg-last vce-col--xl-last vce-col--md-first vce-col--lg-first vce-col--xl-first\" id=\"el-5ff4a7e2\"><div class=\"vce-col-inner\" data-vce-do-apply=\"border margin background  el-5ff4a7e2\"><div class=\"vce-col-content\" data-vce-element-content=\"true\" data-vce-do-apply=\"padding el-5ff4a7e2\"><div class=\"vce-single-image-container atrezzo-familia vce-single-image--align-right\"><div class=\"vce vce-single-image-wrapper\" id=\"el-6fc63247\" data-vce-do-apply=\"all el-6fc63247\"><figure><div class=\"vce-single-image-figure-inner\" style=\"width: 420px;\"><div class=\"vce-single-image-inner vce-single-image--absolute\" style=\"width: 100%; padding-bottom: 109.524%;\"><img decoding=\"async\" class=\"vce-single-image\" src=\"https:\/\/canduran.com\/wp\/wp-content\/uploads\/2023\/09\/atrezzo-familia-igp.png\" data-img-src=\"https:\/\/canduran.com\/wp\/wp-content\/uploads\/2023\/09\/atrezzo-familia-igp.png\" data-attachment-id=\"4135\" alt=\"\" title=\"atrezzo-familia-igp\"><\/div><\/div><figcaption hidden=\"\"><\/figcaption><\/figure><\/div><\/div><div class=\"vce-row-container\" data-vce-boxed-width=\"true\"><div class=\"vce-row vce-row--col-gap-30 vce-row-content--top\" id=\"el-deef6762\" data-vce-do-apply=\"all el-deef6762\"><div class=\"vce-row-content\" data-vce-element-content=\"true\"><div class=\"vce-col vce-col--xs-100p vce-col--xs-visible vce-col--xs-last vce-col--xs-first vce-col--sm-100p vce-col--sm-visible vce-col--sm-last vce-col--sm-first vce-col--md-100p vce-col--md-visible vce-col--md-last vce-col--md-first vce-col--lg-2-12 vce-col--lg-visible vce-col--lg-first vce-col--xl-2-12 vce-col--xl-visible vce-col--xl-first\" id=\"el-5eb07961\"><div class=\"vce-col-inner\" data-vce-do-apply=\"border margin background  el-5eb07961\"><div class=\"vce-col-content\" data-vce-element-content=\"true\" data-vce-do-apply=\"padding el-5eb07961\"><div><\/div><\/div><\/div><\/div><div class=\"vce-col vce-col--xs-100p vce-col--xs-visible vce-col--xs-last vce-col--xs-first vce-col--sm-100p vce-col--sm-visible vce-col--sm-last vce-col--sm-first vce-col--md-100p vce-col--md-visible vce-col--md-last vce-col--md-first vce-col--lg-auto vce-col--lg-visible vce-col--xl-auto vce-col--xl-visible\" id=\"el-afab69d8\"><div class=\"vce-col-inner\" data-vce-do-apply=\"border margin background  el-afab69d8\"><div class=\"vce-col-content\" data-vce-element-content=\"true\" data-vce-do-apply=\"padding el-afab69d8\"><div class=\"vce-text-block\"><div class=\"vce-text-block-wrapper vce\" id=\"el-2232d63f\" data-vce-do-apply=\"all el-2232d63f\"><h2 style=\"text-align: center;\">Pour les tables avec origine<\/h2><\/div><\/div><div class=\"vce-single-image-container logo-familia vce-single-image--align-center\"><div class=\"vce vce-single-image-wrapper\" id=\"el-edaf1eb7\" data-vce-do-apply=\"all el-edaf1eb7\"><figure><div class=\"vce-single-image-figure-inner\" style=\"width: 248px;\"><div class=\"vce-single-image-inner vce-single-image--absolute\" style=\"width: 100%; padding-bottom: 45.1613%;\"><img decoding=\"async\" class=\"vce-single-image\" src=\"https:\/\/canduran.com\/wp\/wp-content\/uploads\/2023\/09\/logo-familia-igp.png\" data-img-src=\"https:\/\/canduran.com\/wp\/wp-content\/uploads\/2023\/09\/logo-familia-igp.png\" data-attachment-id=\"4022\" alt=\"IGP\" title=\"logo-familia-igp\"><\/div><\/div><figcaption hidden=\"\"><\/figcaption><\/figure><\/div><\/div><div class=\"vce-single-image-container vce-single-image--align-center\"><div class=\"vce vce-single-image-wrapper\" id=\"el-54c771c3\" data-vce-do-apply=\"all el-54c771c3\"><figure><div class=\"vce-single-image-figure-inner\" style=\"width: 750px;\"><div class=\"vce-single-image-inner vce-single-image--absolute\" style=\"width: 100%; padding-bottom: 66.6667%;\"><img loading=\"lazy\" decoding=\"async\" class=\"vce-single-image\"  width=\"750\" height=\"500\" srcset=\"https:\/\/canduran.com\/wp\/wp-content\/uploads\/2023\/09\/familia-igp-bodego-320x213.jpg 320w, https:\/\/canduran.com\/wp\/wp-content\/uploads\/2023\/09\/familia-igp-bodego-480x320.jpg 480w, https:\/\/canduran.com\/wp\/wp-content\/uploads\/2023\/09\/familia-igp-bodego-800x533.jpg 800w, https:\/\/canduran.com\/wp\/wp-content\/uploads\/2023\/09\/familia-igp-bodego-750x500.jpg 750w, https:\/\/canduran.com\/wp\/wp-content\/uploads\/2023\/10\/familia-igp-bodego-1500x1000.jpg 2x\" src=\"https:\/\/canduran.com\/wp\/wp-content\/uploads\/2023\/09\/familia-igp-bodego-750x500.jpg\" data-img-src=\"https:\/\/canduran.com\/wp\/wp-content\/uploads\/2023\/09\/familia-igp-bodego.jpg\" data-attachment-id=\"4018\"  alt=\"\" title=\"familia-igp-bodego\" \/><\/div><\/div><figcaption hidden=\"\"><\/figcaption><\/figure><\/div><\/div><div class=\"vce-text-block\"><div class=\"vce-text-block-wrapper vce\" id=\"el-4186319f\" data-vce-do-apply=\"all el-4186319f\"><p style=\"text-align: center;\">L'authentique Salchich\u00f3n Vic avec une recette am\u00e9lior\u00e9e, \u00e9labor\u00e9e avec des viandes s\u00e9lectionn\u00e9es et des boyaux naturels, avec un processus d'affinage rigoureux qui lui conf\u00e8re une saveur unique.<\/p><\/div><\/div><div class=\"vce-row-container\" data-vce-boxed-width=\"true\"><div class=\"vce-row vce-row--col-gap-30 vce-row-equal-height vce-row-content--top\" id=\"el-a8ff567a\" data-vce-do-apply=\"all el-a8ff567a\"><div class=\"vce-row-content\" data-vce-element-content=\"true\"><div class=\"vce-col vce-col--md-auto vce-col--xs-1 vce-col--xs-last vce-col--xs-first vce-col--sm-last vce-col--sm-first vce-col--md-first vce-col--lg-first vce-col--xl-first\" id=\"el-6e127350\"><div class=\"vce-col-inner\" data-vce-do-apply=\"border margin background  el-6e127350\"><div class=\"vce-col-content\" data-vce-element-content=\"true\" data-vce-do-apply=\"padding el-6e127350\"><div class=\"vce-text-block llista-sense\"><div class=\"vce-text-block-wrapper vce\" id=\"el-73246965\" data-vce-do-apply=\"all el-73246965\"><p>Sans gluten<\/p>\n<p>Sans lactose<\/p>\n<p>Sans soja<\/p>\n<p>Sans colorants<\/p>\n<p>Sans GMS<\/p>\n<p>Sans prot\u00e9ines du lait<\/p><\/div><\/div><\/div><\/div><\/div><div class=\"vce-col vce-col--md-auto vce-col--xs-1 vce-col--xs-last vce-col--xs-first vce-col--sm-last vce-col--sm-first vce-col--md-last vce-col--lg-last vce-col--xl-last\" id=\"el-61f03bad\"><div class=\"vce-col-inner\" data-vce-do-apply=\"border margin background  el-61f03bad\"><div class=\"vce-col-content\" data-vce-element-content=\"true\" data-vce-do-apply=\"padding el-61f03bad\"><div class=\"vce-single-image-container vce-single-image--align-left\"><div class=\"vce vce-single-image-wrapper\" id=\"el-19ab8bbc\" data-vce-do-apply=\"all el-19ab8bbc\"><figure><div class=\"vce-single-image-figure-inner\" style=\"width: 150px;\"><div class=\"vce-single-image-inner vce-single-image--absolute\" style=\"width: 100%; padding-bottom: 100%;\"><img loading=\"lazy\" decoding=\"async\" class=\"vce-single-image\"  width=\"150\" height=\"150\" srcset=\"https:\/\/canduran.com\/wp\/wp-content\/uploads\/2023\/09\/IGP-ESP-150x150.png 150w, https:\/\/canduran.com\/wp\/wp-content\/uploads\/2023\/09\/IGP-ESP-320x320.png 320w, https:\/\/canduran.com\/wp\/wp-content\/uploads\/2023\/10\/IGP-ESP-480x480.png 480w, https:\/\/canduran.com\/wp\/wp-content\/uploads\/2023\/10\/IGP-ESP-800x800.png 800w, https:\/\/canduran.com\/wp\/wp-content\/uploads\/2023\/10\/IGP-ESP-300x300.png 2x\" src=\"https:\/\/canduran.com\/wp\/wp-content\/uploads\/2023\/09\/IGP-ESP-150x150.png\" data-img-src=\"https:\/\/canduran.com\/wp\/wp-content\/uploads\/2023\/09\/IGP-ESP.png\" data-attachment-id=\"4075\"  alt=\"IGP\" title=\"IGP-ESP\" \/><\/div><\/div><figcaption hidden=\"\"><\/figcaption><\/figure><\/div><\/div><\/div><\/div><\/div><\/div><\/div><\/div><\/div><\/div><\/div><div class=\"vce-col vce-col--xs-100p vce-col--xs-visible vce-col--xs-last vce-col--xs-first vce-col--sm-100p vce-col--sm-visible vce-col--sm-last vce-col--sm-first vce-col--md-100p vce-col--md-visible vce-col--md-last vce-col--md-first vce-col--lg-2-12 vce-col--lg-visible vce-col--lg-last vce-col--xl-2-12 vce-col--xl-visible vce-col--xl-last\" id=\"el-68cb6fcd\"><div class=\"vce-col-inner\" data-vce-do-apply=\"border margin background  el-68cb6fcd\"><div class=\"vce-col-content\" data-vce-element-content=\"true\" data-vce-do-apply=\"padding el-68cb6fcd\"><div><\/div><\/div><\/div><\/div><\/div><\/div><\/div><div class=\"vce-row-container\" data-vce-boxed-width=\"true\"><div class=\"vce-row vce-row--col-gap-30 vce-row-content--top\" id=\"el-3f56ffea\" data-vce-do-apply=\"all el-3f56ffea\"><div class=\"vce-row-content\" data-vce-element-content=\"true\"><div class=\"vce-col vce-col--md-4-12 vce-col--xs-1 vce-col--xs-last vce-col--xs-first vce-col--sm-last vce-col--sm-first vce-col--md-last vce-col--lg-last vce-col--xl-last vce-col--md-first vce-col--lg-first vce-col--xl-first\" id=\"el-567108e8\"><div class=\"vce-col-inner\" data-vce-do-apply=\"border margin background  el-567108e8\"><div class=\"vce-col-content\" data-vce-element-content=\"true\" data-vce-do-apply=\"padding el-567108e8\"><div class=\"vce-single-image-container logo-familia-mig vce-single-image--align-left\"><div class=\"vce vce-single-image-wrapper\" id=\"el-54f3c92e\" data-vce-do-apply=\"all el-54f3c92e\"><figure><div class=\"vce-single-image-figure-inner\" style=\"width: 248px;\"><div class=\"vce-single-image-inner vce-single-image--absolute\" style=\"width: 100%; padding-bottom: 45.1613%;\"><img decoding=\"async\" class=\"vce-single-image\" src=\"https:\/\/canduran.com\/wp\/wp-content\/uploads\/2023\/09\/logo-familia-igp.png\" data-img-src=\"https:\/\/canduran.com\/wp\/wp-content\/uploads\/2023\/09\/logo-familia-igp.png\" data-attachment-id=\"4022\" alt=\"IGP\" title=\"logo-familia-igp\"><\/div><\/div><figcaption hidden=\"\"><\/figcaption><\/figure><\/div><\/div><\/div><\/div><\/div><\/div><\/div><\/div><\/div><\/div><\/div><\/div><\/div><\/div><div class=\"vce-row-container\" data-vce-boxed-width=\"true\"><div class=\"vce-row vce-row--col-gap-30 vce-row-content--top\" id=\"el-e3e4ad6d\" data-vce-do-apply=\"all el-e3e4ad6d\"><div class=\"vce-content-background-container\"><\/div><div class=\"vce-row-content\" data-vce-element-content=\"true\"><div class=\"vce-col vce-col--md-auto vce-col--xs-1 vce-col--xs-last vce-col--xs-first vce-col--sm-last vce-col--sm-first vce-col--md-last vce-col--lg-last vce-col--xl-last vce-col--md-first vce-col--lg-first vce-col--xl-first\" id=\"el-dd3a93d0\"><div class=\"vce-col-inner\" data-vce-do-apply=\"border margin background  el-dd3a93d0\"><div class=\"vce-col-content\" data-vce-element-content=\"true\" data-vce-do-apply=\"padding el-dd3a93d0\"><div class=\"vce-shortcode\"><div class=\"vce-shortcode-wrapper vce\" id=\"el-c458cc2e\" data-vce-do-apply=\"all el-c458cc2e\">\t\t<div class=\"row\">\n\t\t\t\t\t<div class=\"col-6 col-sm-4 col-lg-3 col-xl-2\">\n\t\t\t\t<a href=\"https:\/\/canduran.com\/fr\/producto\/salchichon-de-vic-igp\/\" class=\"grid-familia igp\">\n\t\t\t\t\t<p>Salchich\u00f3n de Vic IGP<\/p>\n\t\t\t\t\t<hr>\n\t\t\t\t\t<div class=\"foto-familia\">\n\t\t\t\t\t<img src=\"https:\/\/canduran.com\/wp\/wp-content\/uploads\/2019\/06\/Longaniza_deVicIGP_300g_Exentis_graella-165x464.jpg\" srcset=\"https:\/\/canduran.com\/wp\/wp-content\/uploads\/2019\/06\/Longaniza_deVicIGP_300g_Exentis_graella-165x464.jpg 165w, https:\/\/canduran.com\/wp\/wp-content\/uploads\/2019\/06\/Longaniza_deVicIGP_300g_Exentis_graella-107x300.jpg 107w, https:\/\/canduran.com\/wp\/wp-content\/uploads\/2019\/06\/Longaniza_deVicIGP_300g_Exentis_graella.jpg 330w, https:\/\/canduran.com\/wp\/wp-content\/uploads\/2019\/06\/Longaniza_deVicIGP_300g_Exentis_graella-107x300@2x.jpg 214w\" sizes=\"(max-width: 165px) 100vw, 165px\" \/>\t\t\t\t\t<\/div>\n\t\t\t\t\t<p class=\"info\">+ info<\/p>\n\t\t\t\t<\/a>\n\t\t\t<\/div>\n\t\t\t\t<\/div>\n\t<\/div><\/div><\/div><\/div><\/div><\/div><\/div><\/div>","protected":false},"excerpt":{"rendered":"<p>Pour les tables avec origineL&rsquo;authentique Salchich\u00f3n Vic avec une recette am\u00e9lior\u00e9e, \u00e9labor\u00e9e avec des viandes [&hellip;]<\/p>\n","protected":false},"author":1,"featured_media":0,"parent":0,"menu_order":0,"comment_status":"closed","ping_status":"closed","template":"","meta":{"_acf_changed":false,"footnotes":""},"class_list":["post-4016","page","type-page","status-publish","hentry"],"acf":[],"yoast_head":"<!-- This site is optimized with the Yoast SEO plugin v27.1.1 - https:\/\/yoast.com\/product\/yoast-seo-wordpress\/ -->\n<title>IGP - Can Duran<\/title>\n<meta name=\"robots\" content=\"index, follow, max-snippet:-1, max-image-preview:large, max-video-preview:-1\" \/>\n<link rel=\"canonical\" href=\"https:\/\/canduran.com\/fr\/igp\/\" \/>\n<meta property=\"og:locale\" content=\"fr_FR\" \/>\n<meta property=\"og:type\" content=\"article\" \/>\n<meta property=\"og:title\" content=\"IGP - Can Duran\" \/>\n<meta property=\"og:description\" content=\"Pour les tables avec origineL&#039;authentique Salchich\u00f3n Vic avec une recette am\u00e9lior\u00e9e, \u00e9labor\u00e9e avec des viandes [&hellip;]\" \/>\n<meta property=\"og:url\" content=\"https:\/\/canduran.com\/fr\/igp\/\" \/>\n<meta property=\"og:site_name\" content=\"Can Duran\" \/>\n<meta property=\"article:publisher\" content=\"https:\/\/www.facebook.com\/EmbotitsCanDuran\/\" \/>\n<meta property=\"article:modified_time\" content=\"2023-10-17T06:51:53+00:00\" \/>\n<meta name=\"twitter:card\" content=\"summary_large_image\" \/>\n<script type=\"application\/ld+json\" class=\"yoast-schema-graph\">{\"@context\":\"https:\/\/schema.org\",\"@graph\":[{\"@type\":\"WebPage\",\"@id\":\"https:\/\/canduran.com\/fr\/igp\/\",\"url\":\"https:\/\/canduran.com\/fr\/igp\/\",\"name\":\"IGP - Can Duran\",\"isPartOf\":{\"@id\":\"https:\/\/canduran.com\/fr\/#website\"},\"datePublished\":\"2023-09-04T08:05:30+00:00\",\"dateModified\":\"2023-10-17T06:51:53+00:00\",\"inLanguage\":\"fr-FR\",\"potentialAction\":[{\"@type\":\"ReadAction\",\"target\":[\"https:\/\/canduran.com\/fr\/igp\/\"]}]},{\"@type\":\"WebSite\",\"@id\":\"https:\/\/canduran.com\/fr\/#website\",\"url\":\"https:\/\/canduran.com\/fr\/\",\"name\":\"Can Duran\",\"description\":\"\",\"publisher\":{\"@id\":\"https:\/\/canduran.com\/fr\/#organization\"},\"potentialAction\":[{\"@type\":\"SearchAction\",\"target\":{\"@type\":\"EntryPoint\",\"urlTemplate\":\"https:\/\/canduran.com\/fr\/?s={search_term_string}\"},\"query-input\":{\"@type\":\"PropertyValueSpecification\",\"valueRequired\":true,\"valueName\":\"search_term_string\"}}],\"inLanguage\":\"fr-FR\"},{\"@type\":\"Organization\",\"@id\":\"https:\/\/canduran.com\/fr\/#organization\",\"name\":\"Can Duran\",\"url\":\"https:\/\/canduran.com\/fr\/\",\"logo\":{\"@type\":\"ImageObject\",\"inLanguage\":\"fr-FR\",\"@id\":\"https:\/\/canduran.com\/fr\/#\/schema\/logo\/image\/\",\"url\":\"https:\/\/canduran.com\/wp\/wp-content\/uploads\/2019\/06\/logo-header.png\",\"contentUrl\":\"https:\/\/canduran.com\/wp\/wp-content\/uploads\/2019\/06\/logo-header.png\",\"width\":208,\"height\":140,\"caption\":\"Can Duran\"},\"image\":{\"@id\":\"https:\/\/canduran.com\/fr\/#\/schema\/logo\/image\/\"},\"sameAs\":[\"https:\/\/www.facebook.com\/EmbotitsCanDuran\/\",\"https:\/\/www.instagram.com\/canduranembutidos\/\"]}]}<\/script>\n<!-- \/ Yoast SEO plugin. -->","yoast_head_json":{"title":"IGP - Can Duran","robots":{"index":"index","follow":"follow","max-snippet":"max-snippet:-1","max-image-preview":"max-image-preview:large","max-video-preview":"max-video-preview:-1"},"canonical":"https:\/\/canduran.com\/fr\/igp\/","og_locale":"fr_FR","og_type":"article","og_title":"IGP - Can Duran","og_description":"Pour les tables avec origineL'authentique Salchich\u00f3n Vic avec une recette am\u00e9lior\u00e9e, \u00e9labor\u00e9e avec des viandes [&hellip;]","og_url":"https:\/\/canduran.com\/fr\/igp\/","og_site_name":"Can Duran","article_publisher":"https:\/\/www.facebook.com\/EmbotitsCanDuran\/","article_modified_time":"2023-10-17T06:51:53+00:00","twitter_card":"summary_large_image","schema":{"@context":"https:\/\/schema.org","@graph":[{"@type":"WebPage","@id":"https:\/\/canduran.com\/fr\/igp\/","url":"https:\/\/canduran.com\/fr\/igp\/","name":"IGP - Can Duran","isPartOf":{"@id":"https:\/\/canduran.com\/fr\/#website"},"datePublished":"2023-09-04T08:05:30+00:00","dateModified":"2023-10-17T06:51:53+00:00","inLanguage":"fr-FR","potentialAction":[{"@type":"ReadAction","target":["https:\/\/canduran.com\/fr\/igp\/"]}]},{"@type":"WebSite","@id":"https:\/\/canduran.com\/fr\/#website","url":"https:\/\/canduran.com\/fr\/","name":"Can Duran","description":"","publisher":{"@id":"https:\/\/canduran.com\/fr\/#organization"},"potentialAction":[{"@type":"SearchAction","target":{"@type":"EntryPoint","urlTemplate":"https:\/\/canduran.com\/fr\/?s={search_term_string}"},"query-input":{"@type":"PropertyValueSpecification","valueRequired":true,"valueName":"search_term_string"}}],"inLanguage":"fr-FR"},{"@type":"Organization","@id":"https:\/\/canduran.com\/fr\/#organization","name":"Can Duran","url":"https:\/\/canduran.com\/fr\/","logo":{"@type":"ImageObject","inLanguage":"fr-FR","@id":"https:\/\/canduran.com\/fr\/#\/schema\/logo\/image\/","url":"https:\/\/canduran.com\/wp\/wp-content\/uploads\/2019\/06\/logo-header.png","contentUrl":"https:\/\/canduran.com\/wp\/wp-content\/uploads\/2019\/06\/logo-header.png","width":208,"height":140,"caption":"Can Duran"},"image":{"@id":"https:\/\/canduran.com\/fr\/#\/schema\/logo\/image\/"},"sameAs":["https:\/\/www.facebook.com\/EmbotitsCanDuran\/","https:\/\/www.instagram.com\/canduranembutidos\/"]}]}},"_links":{"self":[{"href":"https:\/\/canduran.com\/fr\/wp-json\/wp\/v2\/pages\/4016","targetHints":{"allow":["GET"]}}],"collection":[{"href":"https:\/\/canduran.com\/fr\/wp-json\/wp\/v2\/pages"}],"about":[{"href":"https:\/\/canduran.com\/fr\/wp-json\/wp\/v2\/types\/page"}],"author":[{"embeddable":true,"href":"https:\/\/canduran.com\/fr\/wp-json\/wp\/v2\/users\/1"}],"replies":[{"embeddable":true,"href":"https:\/\/canduran.com\/fr\/wp-json\/wp\/v2\/comments?post=4016"}],"version-history":[{"count":6,"href":"https:\/\/canduran.com\/fr\/wp-json\/wp\/v2\/pages\/4016\/revisions"}],"predecessor-version":[{"id":4246,"href":"https:\/\/canduran.com\/fr\/wp-json\/wp\/v2\/pages\/4016\/revisions\/4246"}],"wp:attachment":[{"href":"https:\/\/canduran.com\/fr\/wp-json\/wp\/v2\/media?parent=4016"}],"curies":[{"name":"wp","href":"https:\/\/api.w.org\/{rel}","templated":true}]}}