{"id":4069,"date":"2023-07-13T09:33:12","date_gmt":"2023-07-13T07:33:12","guid":{"rendered":"https:\/\/canduran.com\/loncheados\/"},"modified":"2023-10-17T09:20:58","modified_gmt":"2023-10-17T07:20:58","slug":"decoupe-en-tranches","status":"publish","type":"page","link":"https:\/\/canduran.com\/fr\/decoupe-en-tranches\/","title":{"rendered":"D\u00e9coup\u00e9 en tranches"},"content":{"rendered":"<div class=\"vce-row-container\"><div class=\"vce-row vce-element--has-background vce-row--col-gap-30 vce-row-content--top\" data-vce-full-width=\"true\" id=\"el-8a2302bf\" data-vce-do-apply=\"all el-8a2302bf\"><div class=\"vce-content-background-container\"><\/div><div class=\"vce-row-content\" data-vce-element-content=\"true\"><div class=\"vce-col vce-col--md-auto vce-col--xs-1 vce-col--xs-last vce-col--xs-first vce-col--sm-last vce-col--sm-first vce-col--md-last vce-col--lg-last vce-col--xl-last vce-col--md-first vce-col--lg-first vce-col--xl-first\" id=\"el-f5188236\"><div class=\"vce-col-inner\" data-vce-do-apply=\"border margin background  el-f5188236\"><div class=\"vce-col-content\" data-vce-element-content=\"true\" data-vce-do-apply=\"padding el-f5188236\"><div class=\"vce-single-image-container atrezzo-familia vce-single-image--align-right\"><div class=\"vce vce-single-image-wrapper\" id=\"el-a1a61332\" data-vce-do-apply=\"all el-a1a61332\"><figure><div class=\"vce-single-image-figure-inner\" style=\"width: 420px;\"><div class=\"vce-single-image-inner vce-single-image--absolute\" style=\"width: 100%; padding-bottom: 109.524%;\"><img decoding=\"async\" class=\"vce-single-image\" src=\"https:\/\/canduran.com\/wp\/wp-content\/uploads\/2023\/09\/atrezzo-familia-llescats-1.png\" data-img-src=\"https:\/\/canduran.com\/wp\/wp-content\/uploads\/2023\/09\/atrezzo-familia-llescats-1.png\" data-attachment-id=\"4147\" alt=\"\" title=\"atrezzo-familia-llescats\"><\/div><\/div><figcaption hidden=\"\"><\/figcaption><\/figure><\/div><\/div><div class=\"vce-row-container\" data-vce-boxed-width=\"true\"><div class=\"vce-row vce-row--col-gap-30 vce-row-content--top\" id=\"el-839a1d59\" data-vce-do-apply=\"all el-839a1d59\"><div class=\"vce-row-content\" data-vce-element-content=\"true\"><div class=\"vce-col vce-col--xs-100p vce-col--xs-visible vce-col--xs-last vce-col--xs-first vce-col--sm-100p vce-col--sm-visible vce-col--sm-last vce-col--sm-first vce-col--md-100p vce-col--md-visible vce-col--md-last vce-col--md-first vce-col--lg-2-12 vce-col--lg-visible vce-col--lg-first vce-col--xl-2-12 vce-col--xl-visible vce-col--xl-first\" id=\"el-74526357\"><div class=\"vce-col-inner\" data-vce-do-apply=\"border margin background  el-74526357\"><div class=\"vce-col-content\" data-vce-element-content=\"true\" data-vce-do-apply=\"padding el-74526357\"><div><\/div><\/div><\/div><\/div><div class=\"vce-col vce-col--xs-100p vce-col--xs-visible vce-col--xs-last vce-col--xs-first vce-col--sm-100p vce-col--sm-visible vce-col--sm-last vce-col--sm-first vce-col--md-100p vce-col--md-visible vce-col--md-last vce-col--md-first vce-col--lg-auto vce-col--lg-visible vce-col--xl-auto vce-col--xl-visible\" id=\"el-1464092c\"><div class=\"vce-col-inner\" data-vce-do-apply=\"border margin background  el-1464092c\"><div class=\"vce-col-content\" data-vce-element-content=\"true\" data-vce-do-apply=\"padding el-1464092c\"><div class=\"vce-text-block\"><div class=\"vce-text-block-wrapper vce\" id=\"el-7946dc77\" data-vce-do-apply=\"all el-7946dc77\"><h2 style=\"text-align: center;\">Pour des tables pratiques<\/h2><\/div><\/div><div class=\"vce-single-image-container logo-familia vce-single-image--align-center\"><div class=\"vce vce-single-image-wrapper\" id=\"el-08c9ea5c\" data-vce-do-apply=\"all el-08c9ea5c\"><figure><div class=\"vce-single-image-figure-inner\" style=\"width: 820px;\"><div class=\"vce-single-image-inner vce-single-image--absolute\" style=\"width: 100%; padding-bottom: 13.6585%;\"><img decoding=\"async\" class=\"vce-single-image\" src=\"https:\/\/canduran.com\/wp\/wp-content\/uploads\/2023\/10\/logo-familia-loncheados-fr.png\" data-img-src=\"https:\/\/canduran.com\/wp\/wp-content\/uploads\/2023\/10\/logo-familia-loncheados-fr.png\" data-attachment-id=\"4271\" alt=\"Tranch\u00e9\" title=\"logo-familia-loncheados-fr\"><\/div><\/div><figcaption hidden=\"\"><\/figcaption><\/figure><\/div><\/div><div class=\"vce-single-image-container vce-single-image--align-center\"><div class=\"vce vce-single-image-wrapper\" id=\"el-b80e8bcf\" data-vce-do-apply=\"all el-b80e8bcf\"><figure><div class=\"vce-single-image-figure-inner\" style=\"width: 750px;\"><div class=\"vce-single-image-inner vce-single-image--absolute\" style=\"width: 100%; padding-bottom: 66.6667%;\"><img decoding=\"async\" class=\"vce-single-image\"  data-width=\"750\" data-height=\"500\" src=\"https:\/\/canduran.com\/wp\/wp-content\/uploads\/2023\/09\/familia-llescats-bodego-2.jpg?vcv-dynamic-field=featured_image&alt=Llescats&caption=&title=familia-llescats-bodego-2\" data-img-src=\"https:\/\/canduran.com\/wp\/wp-content\/uploads\/2023\/09\/familia-llescats-bodego-2.jpg?vcv-dynamic-field=featured_image&alt=Llescats&caption=&title=familia-llescats-bodego-2\" data-attachment-id=\"76\"  data-dynamic=\"featured_image\" alt=\"Llescats\" title=\"familia-llescats-bodego\" \/><\/div><\/div><figcaption><\/figcaption><\/figure><\/div><\/div><div class=\"vce-text-block\"><div class=\"vce-text-block-wrapper vce\" id=\"el-7c3f25be\" data-vce-do-apply=\"all el-7c3f25be\"><p style=\"text-align: center;\">Le format le plus pratique qui pr\u00e9serve toute la saveur et les propri\u00e9t\u00e9s de notre gamme de saucisses. Toujours pr\u00eat \u00e0 utiliser dans un sandwich ou pour accompagner un plat plus gourmand.<\/p><\/div><\/div><\/div><\/div><\/div><div class=\"vce-col vce-col--xs-100p vce-col--xs-visible vce-col--xs-last vce-col--xs-first vce-col--sm-100p vce-col--sm-visible vce-col--sm-last vce-col--sm-first vce-col--md-100p vce-col--md-visible vce-col--md-last vce-col--md-first vce-col--lg-2-12 vce-col--lg-visible vce-col--lg-last vce-col--xl-2-12 vce-col--xl-visible vce-col--xl-last\" id=\"el-c334029c\"><div class=\"vce-col-inner\" data-vce-do-apply=\"border margin background  el-c334029c\"><div class=\"vce-col-content\" data-vce-element-content=\"true\" data-vce-do-apply=\"padding el-c334029c\"><div><\/div><\/div><\/div><\/div><\/div><\/div><\/div><div class=\"vce-row-container\" data-vce-boxed-width=\"true\"><div class=\"vce-row vce-row--col-gap-30 vce-row-content--top\" id=\"el-712cd686\" data-vce-do-apply=\"all el-712cd686\"><div class=\"vce-row-content\" data-vce-element-content=\"true\"><div class=\"vce-col vce-col--md-4-12 vce-col--xs-1 vce-col--xs-last vce-col--xs-first vce-col--sm-last vce-col--sm-first vce-col--md-last vce-col--lg-last vce-col--xl-last vce-col--md-first vce-col--lg-first vce-col--xl-first\" id=\"el-06097235\"><div class=\"vce-col-inner\" data-vce-do-apply=\"border margin background  el-06097235\"><div class=\"vce-col-content\" data-vce-element-content=\"true\" data-vce-do-apply=\"padding el-06097235\"><div><\/div><\/div><\/div><\/div><\/div><\/div><\/div><\/div><\/div><\/div><\/div><\/div><\/div>","protected":false},"excerpt":{"rendered":"<p>Pour des tables pratiquesLe format le plus pratique qui pr\u00e9serve toute la saveur et les [&hellip;]<\/p>\n","protected":false},"author":1,"featured_media":4098,"parent":0,"menu_order":0,"comment_status":"closed","ping_status":"closed","template":"page-sliced.php","meta":{"_acf_changed":false,"footnotes":""},"class_list":["post-4069","page","type-page","status-publish","has-post-thumbnail","hentry"],"acf":[],"yoast_head":"<!-- This site is optimized with the Yoast SEO plugin v27.1.1 - https:\/\/yoast.com\/product\/yoast-seo-wordpress\/ -->\n<title>D\u00e9coup\u00e9 en tranches - Can Duran<\/title>\n<meta name=\"robots\" content=\"index, follow, max-snippet:-1, max-image-preview:large, max-video-preview:-1\" \/>\n<link rel=\"canonical\" href=\"https:\/\/canduran.com\/fr\/decoupe-en-tranches\/\" \/>\n<meta property=\"og:locale\" content=\"fr_FR\" \/>\n<meta property=\"og:type\" content=\"article\" \/>\n<meta property=\"og:title\" content=\"D\u00e9coup\u00e9 en tranches - Can Duran\" \/>\n<meta property=\"og:description\" content=\"Pour des tables pratiquesLe format le plus pratique qui pr\u00e9serve toute la saveur et les [&hellip;]\" \/>\n<meta property=\"og:url\" content=\"https:\/\/canduran.com\/fr\/decoupe-en-tranches\/\" \/>\n<meta property=\"og:site_name\" content=\"Can Duran\" \/>\n<meta property=\"article:publisher\" content=\"https:\/\/www.facebook.com\/EmbotitsCanDuran\/\" \/>\n<meta property=\"article:modified_time\" content=\"2023-10-17T07:20:58+00:00\" \/>\n<meta property=\"og:image\" content=\"https:\/\/canduran.com\/wp\/wp-content\/uploads\/2023\/09\/familia-llescats-bodego-2.jpg\" \/>\n\t<meta property=\"og:image:width\" content=\"1500\" \/>\n\t<meta property=\"og:image:height\" content=\"1000\" \/>\n\t<meta property=\"og:image:type\" content=\"image\/jpeg\" \/>\n<meta name=\"twitter:card\" content=\"summary_large_image\" \/>\n<script type=\"application\/ld+json\" class=\"yoast-schema-graph\">{\"@context\":\"https:\/\/schema.org\",\"@graph\":[{\"@type\":\"WebPage\",\"@id\":\"https:\/\/canduran.com\/fr\/decoupe-en-tranches\/\",\"url\":\"https:\/\/canduran.com\/fr\/decoupe-en-tranches\/\",\"name\":\"D\u00e9coup\u00e9 en tranches - Can Duran\",\"isPartOf\":{\"@id\":\"https:\/\/canduran.com\/fr\/#website\"},\"primaryImageOfPage\":{\"@id\":\"https:\/\/canduran.com\/fr\/decoupe-en-tranches\/#primaryimage\"},\"image\":{\"@id\":\"https:\/\/canduran.com\/fr\/decoupe-en-tranches\/#primaryimage\"},\"thumbnailUrl\":\"https:\/\/canduran.com\/wp\/wp-content\/uploads\/2023\/09\/familia-llescats-bodego-2.jpg\",\"datePublished\":\"2023-07-13T07:33:12+00:00\",\"dateModified\":\"2023-10-17T07:20:58+00:00\",\"breadcrumb\":{\"@id\":\"https:\/\/canduran.com\/fr\/decoupe-en-tranches\/#breadcrumb\"},\"inLanguage\":\"fr-FR\",\"potentialAction\":[{\"@type\":\"ReadAction\",\"target\":[\"https:\/\/canduran.com\/fr\/decoupe-en-tranches\/\"]}]},{\"@type\":\"ImageObject\",\"inLanguage\":\"fr-FR\",\"@id\":\"https:\/\/canduran.com\/fr\/decoupe-en-tranches\/#primaryimage\",\"url\":\"https:\/\/canduran.com\/wp\/wp-content\/uploads\/2023\/09\/familia-llescats-bodego-2.jpg\",\"contentUrl\":\"https:\/\/canduran.com\/wp\/wp-content\/uploads\/2023\/09\/familia-llescats-bodego-2.jpg\",\"width\":1500,\"height\":1000,\"caption\":\"Llescats\"},{\"@type\":\"BreadcrumbList\",\"@id\":\"https:\/\/canduran.com\/fr\/decoupe-en-tranches\/#breadcrumb\",\"itemListElement\":[{\"@type\":\"ListItem\",\"position\":1,\"name\":\"Portada\",\"item\":\"https:\/\/canduran.com\/fr\/home\/\"},{\"@type\":\"ListItem\",\"position\":2,\"name\":\"D\u00e9coup\u00e9 en tranches\"}]},{\"@type\":\"WebSite\",\"@id\":\"https:\/\/canduran.com\/fr\/#website\",\"url\":\"https:\/\/canduran.com\/fr\/\",\"name\":\"Can Duran\",\"description\":\"\",\"publisher\":{\"@id\":\"https:\/\/canduran.com\/fr\/#organization\"},\"potentialAction\":[{\"@type\":\"SearchAction\",\"target\":{\"@type\":\"EntryPoint\",\"urlTemplate\":\"https:\/\/canduran.com\/fr\/?s={search_term_string}\"},\"query-input\":{\"@type\":\"PropertyValueSpecification\",\"valueRequired\":true,\"valueName\":\"search_term_string\"}}],\"inLanguage\":\"fr-FR\"},{\"@type\":\"Organization\",\"@id\":\"https:\/\/canduran.com\/fr\/#organization\",\"name\":\"Can Duran\",\"url\":\"https:\/\/canduran.com\/fr\/\",\"logo\":{\"@type\":\"ImageObject\",\"inLanguage\":\"fr-FR\",\"@id\":\"https:\/\/canduran.com\/fr\/#\/schema\/logo\/image\/\",\"url\":\"https:\/\/canduran.com\/wp\/wp-content\/uploads\/2019\/06\/logo-header.png\",\"contentUrl\":\"https:\/\/canduran.com\/wp\/wp-content\/uploads\/2019\/06\/logo-header.png\",\"width\":208,\"height\":140,\"caption\":\"Can Duran\"},\"image\":{\"@id\":\"https:\/\/canduran.com\/fr\/#\/schema\/logo\/image\/\"},\"sameAs\":[\"https:\/\/www.facebook.com\/EmbotitsCanDuran\/\",\"https:\/\/www.instagram.com\/canduranembutidos\/\"]}]}<\/script>\n<!-- \/ Yoast SEO plugin. -->","yoast_head_json":{"title":"D\u00e9coup\u00e9 en tranches - Can Duran","robots":{"index":"index","follow":"follow","max-snippet":"max-snippet:-1","max-image-preview":"max-image-preview:large","max-video-preview":"max-video-preview:-1"},"canonical":"https:\/\/canduran.com\/fr\/decoupe-en-tranches\/","og_locale":"fr_FR","og_type":"article","og_title":"D\u00e9coup\u00e9 en tranches - Can Duran","og_description":"Pour des tables pratiquesLe format le plus pratique qui pr\u00e9serve toute la saveur et les [&hellip;]","og_url":"https:\/\/canduran.com\/fr\/decoupe-en-tranches\/","og_site_name":"Can Duran","article_publisher":"https:\/\/www.facebook.com\/EmbotitsCanDuran\/","article_modified_time":"2023-10-17T07:20:58+00:00","og_image":[{"width":1500,"height":1000,"url":"https:\/\/canduran.com\/wp\/wp-content\/uploads\/2023\/09\/familia-llescats-bodego-2.jpg","type":"image\/jpeg"}],"twitter_card":"summary_large_image","schema":{"@context":"https:\/\/schema.org","@graph":[{"@type":"WebPage","@id":"https:\/\/canduran.com\/fr\/decoupe-en-tranches\/","url":"https:\/\/canduran.com\/fr\/decoupe-en-tranches\/","name":"D\u00e9coup\u00e9 en tranches - Can Duran","isPartOf":{"@id":"https:\/\/canduran.com\/fr\/#website"},"primaryImageOfPage":{"@id":"https:\/\/canduran.com\/fr\/decoupe-en-tranches\/#primaryimage"},"image":{"@id":"https:\/\/canduran.com\/fr\/decoupe-en-tranches\/#primaryimage"},"thumbnailUrl":"https:\/\/canduran.com\/wp\/wp-content\/uploads\/2023\/09\/familia-llescats-bodego-2.jpg","datePublished":"2023-07-13T07:33:12+00:00","dateModified":"2023-10-17T07:20:58+00:00","breadcrumb":{"@id":"https:\/\/canduran.com\/fr\/decoupe-en-tranches\/#breadcrumb"},"inLanguage":"fr-FR","potentialAction":[{"@type":"ReadAction","target":["https:\/\/canduran.com\/fr\/decoupe-en-tranches\/"]}]},{"@type":"ImageObject","inLanguage":"fr-FR","@id":"https:\/\/canduran.com\/fr\/decoupe-en-tranches\/#primaryimage","url":"https:\/\/canduran.com\/wp\/wp-content\/uploads\/2023\/09\/familia-llescats-bodego-2.jpg","contentUrl":"https:\/\/canduran.com\/wp\/wp-content\/uploads\/2023\/09\/familia-llescats-bodego-2.jpg","width":1500,"height":1000,"caption":"Llescats"},{"@type":"BreadcrumbList","@id":"https:\/\/canduran.com\/fr\/decoupe-en-tranches\/#breadcrumb","itemListElement":[{"@type":"ListItem","position":1,"name":"Portada","item":"https:\/\/canduran.com\/fr\/home\/"},{"@type":"ListItem","position":2,"name":"D\u00e9coup\u00e9 en tranches"}]},{"@type":"WebSite","@id":"https:\/\/canduran.com\/fr\/#website","url":"https:\/\/canduran.com\/fr\/","name":"Can Duran","description":"","publisher":{"@id":"https:\/\/canduran.com\/fr\/#organization"},"potentialAction":[{"@type":"SearchAction","target":{"@type":"EntryPoint","urlTemplate":"https:\/\/canduran.com\/fr\/?s={search_term_string}"},"query-input":{"@type":"PropertyValueSpecification","valueRequired":true,"valueName":"search_term_string"}}],"inLanguage":"fr-FR"},{"@type":"Organization","@id":"https:\/\/canduran.com\/fr\/#organization","name":"Can Duran","url":"https:\/\/canduran.com\/fr\/","logo":{"@type":"ImageObject","inLanguage":"fr-FR","@id":"https:\/\/canduran.com\/fr\/#\/schema\/logo\/image\/","url":"https:\/\/canduran.com\/wp\/wp-content\/uploads\/2019\/06\/logo-header.png","contentUrl":"https:\/\/canduran.com\/wp\/wp-content\/uploads\/2019\/06\/logo-header.png","width":208,"height":140,"caption":"Can Duran"},"image":{"@id":"https:\/\/canduran.com\/fr\/#\/schema\/logo\/image\/"},"sameAs":["https:\/\/www.facebook.com\/EmbotitsCanDuran\/","https:\/\/www.instagram.com\/canduranembutidos\/"]}]}},"_links":{"self":[{"href":"https:\/\/canduran.com\/fr\/wp-json\/wp\/v2\/pages\/4069","targetHints":{"allow":["GET"]}}],"collection":[{"href":"https:\/\/canduran.com\/fr\/wp-json\/wp\/v2\/pages"}],"about":[{"href":"https:\/\/canduran.com\/fr\/wp-json\/wp\/v2\/types\/page"}],"author":[{"embeddable":true,"href":"https:\/\/canduran.com\/fr\/wp-json\/wp\/v2\/users\/1"}],"replies":[{"embeddable":true,"href":"https:\/\/canduran.com\/fr\/wp-json\/wp\/v2\/comments?post=4069"}],"version-history":[{"count":17,"href":"https:\/\/canduran.com\/fr\/wp-json\/wp\/v2\/pages\/4069\/revisions"}],"predecessor-version":[{"id":4287,"href":"https:\/\/canduran.com\/fr\/wp-json\/wp\/v2\/pages\/4069\/revisions\/4287"}],"wp:featuredmedia":[{"embeddable":true,"href":"https:\/\/canduran.com\/fr\/wp-json\/wp\/v2\/media\/4098"}],"wp:attachment":[{"href":"https:\/\/canduran.com\/fr\/wp-json\/wp\/v2\/media?parent=4069"}],"curies":[{"name":"wp","href":"https:\/\/api.w.org\/{rel}","templated":true}]}}